{"id":11740,"date":"2023-05-12T10:45:59","date_gmt":"2023-05-12T03:45:59","guid":{"rendered":"https:\/\/vanxuanlogistics.com\/?page_id=11740"},"modified":"2023-05-12T10:55:07","modified_gmt":"2023-05-12T03:55:07","slug":"testing-page","status":"publish","type":"page","link":"https:\/\/vanxuanlogistics.com\/en\/testing-page\/","title":{"rendered":"Testing page"},"content":{"rendered":"[vc_row][vc_column][vc_column_text]Testing<\/p>\r\n[\/vc_column_text][\/vc_column][\/vc_row][vc_row][vc_column][vc_wp_posts number=&#8221;5&#8243; show_date=&#8221;1&#8243;][\/vc_column][\/vc_row]","protected":false},"excerpt":{"rendered":"[vc_row][vc_column][vc_column_text]Testing [\/vc_column_text][\/vc_column][\/vc_row][vc_row][vc_column][vc_wp_posts number=&#8221;5&#8243; show_date=&#8221;1&#8243;][\/vc_column][\/vc_row]","protected":false},"author":1,"featured_media":0,"parent":0,"menu_order":0,"comment_status":"closed","ping_status":"closed","template":"","meta":{"inline_featured_image":false},"yoast_head":"<!-- This site is optimized with the Yoast SEO plugin v20.5 - https:\/\/yoast.com\/wordpress\/plugins\/seo\/ -->\n<title>Testing page - V\u1ea1n Xu\u00e2n Logistics<\/title>\n<meta name=\"robots\" content=\"noindex, follow, max-snippet:-1, max-image-preview:large, max-video-preview:-1\" \/>\n<meta property=\"og:locale\" content=\"en_US\" \/>\n<meta property=\"og:type\" content=\"article\" \/>\n<meta property=\"og:title\" content=\"Testing page - V\u1ea1n Xu\u00e2n Logistics\" \/>\n<meta property=\"og:description\" content=\"[vc_row][vc_column][vc_column_text]Testing [\/vc_column_text][\/vc_column][\/vc_row][vc_row][vc_column][vc_wp_posts number=&#8221;5&#8243; show_date=&#8221;1&#8243;][\/vc_column][\/vc_row]\" \/>\n<meta property=\"og:url\" content=\"https:\/\/vanxuanlogistics.com\/en\/testing-page\/\" \/>\n<meta property=\"og:site_name\" content=\"V\u1ea1n Xu\u00e2n Logistics\" \/>\n<meta property=\"article:modified_time\" content=\"2023-05-12T03:55:07+00:00\" \/>\n<meta name=\"twitter:card\" content=\"summary_large_image\" \/>\n<meta name=\"twitter:label1\" content=\"Est. reading time\" \/>\n\t<meta name=\"twitter:data1\" content=\"1 minute\" \/>\n<script type=\"application\/ld+json\" class=\"yoast-schema-graph\">{\"@context\":\"https:\/\/schema.org\",\"@graph\":[{\"@type\":\"WebPage\",\"@id\":\"https:\/\/vanxuanlogistics.com\/testing-page\/\",\"url\":\"https:\/\/vanxuanlogistics.com\/testing-page\/\",\"name\":\"Testing page - V\u1ea1n Xu\u00e2n Logistics\",\"isPartOf\":{\"@id\":\"https:\/\/vanxuanlogistics.com\/#website\"},\"datePublished\":\"2023-05-12T03:45:59+00:00\",\"dateModified\":\"2023-05-12T03:55:07+00:00\",\"inLanguage\":\"en-US\",\"potentialAction\":[{\"@type\":\"ReadAction\",\"target\":[\"https:\/\/vanxuanlogistics.com\/testing-page\/\"]}]},{\"@type\":\"WebSite\",\"@id\":\"https:\/\/vanxuanlogistics.com\/#website\",\"url\":\"https:\/\/vanxuanlogistics.com\/\",\"name\":\"V\u1ea1n Xu\u00e2n Logistics\",\"description\":\"\u0110\u1ed3ng h\u00e0nh c\u00f9ng ph\u00e1t tri\u1ec3n\",\"publisher\":{\"@id\":\"https:\/\/vanxuanlogistics.com\/#organization\"},\"potentialAction\":[{\"@type\":\"SearchAction\",\"target\":{\"@type\":\"EntryPoint\",\"urlTemplate\":\"https:\/\/vanxuanlogistics.com\/?s={search_term_string}\"},\"query-input\":\"required name=search_term_string\"}],\"inLanguage\":\"en-US\"},{\"@type\":\"Organization\",\"@id\":\"https:\/\/vanxuanlogistics.com\/#organization\",\"name\":\"V\u1ea1n Xu\u00e2n Logistics\",\"url\":\"https:\/\/vanxuanlogistics.com\/\",\"logo\":{\"@type\":\"ImageObject\",\"inLanguage\":\"en-US\",\"@id\":\"https:\/\/vanxuanlogistics.com\/#\/schema\/logo\/image\/\",\"url\":\"https:\/\/vanxuanlogistics.com\/wp-content\/uploads\/2023\/06\/cropped-29383121_transparent-2.png\",\"contentUrl\":\"https:\/\/vanxuanlogistics.com\/wp-content\/uploads\/2023\/06\/cropped-29383121_transparent-2.png\",\"width\":512,\"height\":512,\"caption\":\"V\u1ea1n Xu\u00e2n Logistics\"},\"image\":{\"@id\":\"https:\/\/vanxuanlogistics.com\/#\/schema\/logo\/image\/\"}}]}<\/script>\n<!-- \/ Yoast SEO plugin. -->","yoast_head_json":{"title":"Testing page - V\u1ea1n Xu\u00e2n Logistics","robots":{"index":"noindex","follow":"follow","max-snippet":"max-snippet:-1","max-image-preview":"max-image-preview:large","max-video-preview":"max-video-preview:-1"},"og_locale":"en_US","og_type":"article","og_title":"Testing page - V\u1ea1n Xu\u00e2n Logistics","og_description":"[vc_row][vc_column][vc_column_text]Testing [\/vc_column_text][\/vc_column][\/vc_row][vc_row][vc_column][vc_wp_posts number=&#8221;5&#8243; show_date=&#8221;1&#8243;][\/vc_column][\/vc_row]","og_url":"https:\/\/vanxuanlogistics.com\/en\/testing-page\/","og_site_name":"V\u1ea1n Xu\u00e2n Logistics","article_modified_time":"2023-05-12T03:55:07+00:00","twitter_card":"summary_large_image","twitter_misc":{"Est. reading time":"1 minute"},"schema":{"@context":"https:\/\/schema.org","@graph":[{"@type":"WebPage","@id":"https:\/\/vanxuanlogistics.com\/testing-page\/","url":"https:\/\/vanxuanlogistics.com\/testing-page\/","name":"Testing page - V\u1ea1n Xu\u00e2n Logistics","isPartOf":{"@id":"https:\/\/vanxuanlogistics.com\/#website"},"datePublished":"2023-05-12T03:45:59+00:00","dateModified":"2023-05-12T03:55:07+00:00","inLanguage":"en-US","potentialAction":[{"@type":"ReadAction","target":["https:\/\/vanxuanlogistics.com\/testing-page\/"]}]},{"@type":"WebSite","@id":"https:\/\/vanxuanlogistics.com\/#website","url":"https:\/\/vanxuanlogistics.com\/","name":"V\u1ea1n Xu\u00e2n Logistics","description":"\u0110\u1ed3ng h\u00e0nh c\u00f9ng ph\u00e1t tri\u1ec3n","publisher":{"@id":"https:\/\/vanxuanlogistics.com\/#organization"},"potentialAction":[{"@type":"SearchAction","target":{"@type":"EntryPoint","urlTemplate":"https:\/\/vanxuanlogistics.com\/?s={search_term_string}"},"query-input":"required name=search_term_string"}],"inLanguage":"en-US"},{"@type":"Organization","@id":"https:\/\/vanxuanlogistics.com\/#organization","name":"V\u1ea1n Xu\u00e2n Logistics","url":"https:\/\/vanxuanlogistics.com\/","logo":{"@type":"ImageObject","inLanguage":"en-US","@id":"https:\/\/vanxuanlogistics.com\/#\/schema\/logo\/image\/","url":"https:\/\/vanxuanlogistics.com\/wp-content\/uploads\/2023\/06\/cropped-29383121_transparent-2.png","contentUrl":"https:\/\/vanxuanlogistics.com\/wp-content\/uploads\/2023\/06\/cropped-29383121_transparent-2.png","width":512,"height":512,"caption":"V\u1ea1n Xu\u00e2n Logistics"},"image":{"@id":"https:\/\/vanxuanlogistics.com\/#\/schema\/logo\/image\/"}}]}},"_links":{"self":[{"href":"https:\/\/vanxuanlogistics.com\/en\/wp-json\/wp\/v2\/pages\/11740"}],"collection":[{"href":"https:\/\/vanxuanlogistics.com\/en\/wp-json\/wp\/v2\/pages"}],"about":[{"href":"https:\/\/vanxuanlogistics.com\/en\/wp-json\/wp\/v2\/types\/page"}],"author":[{"embeddable":true,"href":"https:\/\/vanxuanlogistics.com\/en\/wp-json\/wp\/v2\/users\/1"}],"replies":[{"embeddable":true,"href":"https:\/\/vanxuanlogistics.com\/en\/wp-json\/wp\/v2\/comments?post=11740"}],"version-history":[{"count":3,"href":"https:\/\/vanxuanlogistics.com\/en\/wp-json\/wp\/v2\/pages\/11740\/revisions"}],"predecessor-version":[{"id":11742,"href":"https:\/\/vanxuanlogistics.com\/en\/wp-json\/wp\/v2\/pages\/11740\/revisions\/11742"}],"wp:attachment":[{"href":"https:\/\/vanxuanlogistics.com\/en\/wp-json\/wp\/v2\/media?parent=11740"}],"curies":[{"name":"wp","href":"https:\/\/api.w.org\/{rel}","templated":true}]}}