{"id":11771,"date":"2023-05-16T15:49:19","date_gmt":"2023-05-16T08:49:19","guid":{"rendered":"https:\/\/vanxuanlogistics.com\/?page_id=11771"},"modified":"2023-07-06T15:15:45","modified_gmt":"2023-07-06T08:15:45","slug":"dich-vu","status":"publish","type":"page","link":"https:\/\/vanxuanlogistics.com\/en\/dich-vu\/","title":{"rendered":"D\u1ecbch v\u1ee5 v\u1eadn chuy\u1ec3n h\u00e0ng ho\u00e1 v\u1ea1n Xu\u00e2n"},"content":{"rendered":"<div class=\"slider-wrapper relative\" id=\"slider-1229906650\" >\n    <div class=\"slider slider-nav-circle slider-nav-large slider-nav-light slider-style-normal\"\n        data-flickity-options='{            \"cellAlign\": \"center\",            \"imagesLoaded\": true,            \"lazyLoad\": 1,            \"freeScroll\": false,            \"wrapAround\": true,            \"autoPlay\": 6000,            \"pauseAutoPlayOnHover\" : true,            \"prevNextButtons\": true,            \"contain\" : true,            \"adaptiveHeight\" : true,            \"dragThreshold\" : 10,            \"percentPosition\": true,            \"pageDots\": true,            \"rightToLeft\": false,            \"draggable\": true,            \"selectedAttraction\": 0.1,            \"parallax\" : 0,            \"friction\": 0.6        }'\n        >\n        \n\n\n  <div class=\"banner has-hover\" id=\"banner-1378481565\">\n          <div class=\"banner-inner fill\">\n        <div class=\"banner-bg fill\" >\n            <div class=\"bg fill bg-fill\"><\/div>\n                        <div class=\"overlay\"><\/div>            \n                    <\/div>\n\t\t\n        <div class=\"banner-layers container\">\n            <div class=\"fill banner-link\"><\/div>            \n\n   <div id=\"text-box-1209529477\" class=\"text-box banner-layer x50 md-x50 lg-x50 y50 md-y50 lg-y50 res-text\">\n                                <div class=\"text-box-content text dark\">\n              \n              <div class=\"text-inner text-center\">\n                  \n\n<h3>M\u1ed9t s\u1ed1 d\u1ecbch v\u1ee5 c\u1ee7a V\u1ea1n Xu\u00e2n Logistics<\/h3>\n\n              <\/div>\n           <\/div>\n                            \n<style>\n#text-box-1209529477 {\n  width: 60%;\n}\n#text-box-1209529477 .text-box-content {\n  font-size: 100%;\n}\n<\/style>\n    <\/div>\n \n\n        <\/div>\n      <\/div>\n\n            \n<style>\n#banner-1378481565 {\n  padding-top: 200px;\n}\n#banner-1378481565 .bg.bg-loaded {\n  background-image: url(https:\/\/vanxuanlogistics.com\/wp-content\/uploads\/2023\/06\/logistics-7721552_1280.jpg);\n}\n#banner-1378481565 .overlay {\n  background-color: rgba(0,0,0,.5);\n}\n#banner-1378481565 .bg {\n  background-position: 53% 81%;\n}\n<\/style>\n  <\/div>\n\n\n\n     <\/div>\n\n     <div class=\"loading-spin dark large centered\"><\/div>\n\n\t<\/div>\n\n\n<div class=\"container section-title-container\" ><h3 class=\"section-title section-title-center\"><b><\/b><span class=\"section-title-main\" >D\u1ecbch v\u1ee5 c\u1ee7a ch\u00fang t\u00f4i<\/span><b><\/b><\/h3><\/div>\n\n<div class=\"row\"  id=\"row-219677477\">\n\n\n\t<div id=\"col-1736159202\" class=\"col medium-3 small-12 large-3\"  >\n\t\t\t\t<div class=\"col-inner\"  >\n\t\t\t\n\t\t\t\n\n\n\t<a class=\"plain\" href=\"https:\/\/vanxuanlogistics.com\/en\/van-chuyen-hang-hoa-noi-dia\/\" >\t<div class=\"icon-box featured-box icon-box-center text-center\"  >\n\t\t\t\t\t<div class=\"icon-box-img has-icon-bg\" style=\"width: 81px\">\n\t\t\t\t<div class=\"icon\">\n\t\t\t\t\t<div class=\"icon-inner\" style=\"border-width:3px;\">\n\t\t\t\t\t\t<img width=\"400\" height=\"400\" src=\"https:\/\/vanxuanlogistics.com\/wp-content\/uploads\/2023\/05\/Thiet-ke-chua-co-ten-5-400x400.png\" class=\"attachment-medium size-medium\" alt=\"\" decoding=\"async\" loading=\"lazy\" srcset=\"https:\/\/vanxuanlogistics.com\/wp-content\/uploads\/2023\/05\/Thiet-ke-chua-co-ten-5-400x400.png 400w, https:\/\/vanxuanlogistics.com\/wp-content\/uploads\/2023\/05\/Thiet-ke-chua-co-ten-5-280x280.png 280w, https:\/\/vanxuanlogistics.com\/wp-content\/uploads\/2023\/05\/Thiet-ke-chua-co-ten-5-12x12.png 12w, https:\/\/vanxuanlogistics.com\/wp-content\/uploads\/2023\/05\/Thiet-ke-chua-co-ten-5-100x100.png 100w, https:\/\/vanxuanlogistics.com\/wp-content\/uploads\/2023\/05\/Thiet-ke-chua-co-ten-5.png 500w\" sizes=\"(max-width: 400px) 100vw, 400px\" \/>\t\t\t\t\t<\/div>\n\t\t\t\t<\/div>\n\t\t\t<\/div>\n\t\t\t\t<div class=\"icon-box-text last-reset\">\n\t\t\t\t\t\t\t\t\t\n\n<h3>V\u1eadn chuy\u1ec3n h\u00e0ng n\u1ed9i \u0111\u1ecba<\/h3>\n<p>Nhanh ch\u00f3ng, hi\u1ec7u qu\u1ea3, an to\u00e0n v\u1edbi ph\u01b0\u01a1ng ch\u00e2m h\u00e0ng h\u00f3a c\u1ee7a qu\u00fd kh\u00e1ch l\u00e0 h\u00e0ng h\u00f3a c\u1ee7a ch\u00fang t\u00f4i.<\/p>\n\n\t\t<\/div>\n\t<\/div>\n\t<\/a>\n\t\n\n\t\t<\/div>\n\t\t\t\t\t<\/div>\n\n\t\n\n\t<div id=\"col-1899014470\" class=\"col medium-3 small-12 large-3\"  >\n\t\t\t\t<div class=\"col-inner\"  >\n\t\t\t\n\t\t\t\n\n\n\t<a class=\"plain\" href=\"https:\/\/vanxuanlogistics.com\/en\/thu-tuc-hai-quan\/\" >\t<div class=\"icon-box featured-box icon-box-center text-center\"  >\n\t\t\t\t\t<div class=\"icon-box-img has-icon-bg\" style=\"width: 81px\">\n\t\t\t\t<div class=\"icon\">\n\t\t\t\t\t<div class=\"icon-inner\" style=\"border-width:3px;\">\n\t\t\t\t\t\t<img width=\"400\" height=\"400\" src=\"https:\/\/vanxuanlogistics.com\/wp-content\/uploads\/2023\/05\/Thiet-ke-chua-co-ten-2-400x400.png\" class=\"attachment-medium size-medium\" alt=\"\" decoding=\"async\" loading=\"lazy\" srcset=\"https:\/\/vanxuanlogistics.com\/wp-content\/uploads\/2023\/05\/Thiet-ke-chua-co-ten-2-400x400.png 400w, https:\/\/vanxuanlogistics.com\/wp-content\/uploads\/2023\/05\/Thiet-ke-chua-co-ten-2-280x280.png 280w, https:\/\/vanxuanlogistics.com\/wp-content\/uploads\/2023\/05\/Thiet-ke-chua-co-ten-2-12x12.png 12w, https:\/\/vanxuanlogistics.com\/wp-content\/uploads\/2023\/05\/Thiet-ke-chua-co-ten-2-100x100.png 100w, https:\/\/vanxuanlogistics.com\/wp-content\/uploads\/2023\/05\/Thiet-ke-chua-co-ten-2.png 500w\" sizes=\"(max-width: 400px) 100vw, 400px\" \/>\t\t\t\t\t<\/div>\n\t\t\t\t<\/div>\n\t\t\t<\/div>\n\t\t\t\t<div class=\"icon-box-text last-reset\">\n\t\t\t\t\t\t\t\t\t\n\n<h3>Th\u1ee7 t\u1ee5c h\u1ea3i quan<\/h3>\n<p>Thu\u1eadn ti\u1ec7n, an to\u00e0n, chuy\u00ean nghi\u1ec7p \u0111\u1ea3m b\u1ea3o h\u00e0ng h\u00f3a \u0111\u01b0\u1ee3c xu\u1ea5t nh\u1eadp \u0111\u00fang quy \u0111\u1ecbnh ph\u00e1p lu\u1eadt.<\/p>\n\n\t\t<\/div>\n\t<\/div>\n\t<\/a>\n\t\n\n\t\t<\/div>\n\t\t\t\t\t<\/div>\n\n\t\n\n\t<div id=\"col-16955219\" class=\"col medium-3 small-12 large-3\"  >\n\t\t\t\t<div class=\"col-inner\"  >\n\t\t\t\n\t\t\t\n\n\n\t<a class=\"plain\" href=\"https:\/\/vanxuanlogistics.com\/en\/dich-vu-kho-bai\/\" >\t<div class=\"icon-box featured-box icon-box-center text-center\"  >\n\t\t\t\t\t<div class=\"icon-box-img has-icon-bg\" style=\"width: 81px\">\n\t\t\t\t<div class=\"icon\">\n\t\t\t\t\t<div class=\"icon-inner\" style=\"border-width:3px;\">\n\t\t\t\t\t\t<img width=\"400\" height=\"400\" src=\"https:\/\/vanxuanlogistics.com\/wp-content\/uploads\/2023\/05\/Thiet-ke-chua-co-ten-3-400x400.png\" class=\"attachment-medium size-medium\" alt=\"\" decoding=\"async\" loading=\"lazy\" srcset=\"https:\/\/vanxuanlogistics.com\/wp-content\/uploads\/2023\/05\/Thiet-ke-chua-co-ten-3-400x400.png 400w, https:\/\/vanxuanlogistics.com\/wp-content\/uploads\/2023\/05\/Thiet-ke-chua-co-ten-3-280x280.png 280w, https:\/\/vanxuanlogistics.com\/wp-content\/uploads\/2023\/05\/Thiet-ke-chua-co-ten-3-12x12.png 12w, https:\/\/vanxuanlogistics.com\/wp-content\/uploads\/2023\/05\/Thiet-ke-chua-co-ten-3-100x100.png 100w, https:\/\/vanxuanlogistics.com\/wp-content\/uploads\/2023\/05\/Thiet-ke-chua-co-ten-3.png 500w\" sizes=\"(max-width: 400px) 100vw, 400px\" \/>\t\t\t\t\t<\/div>\n\t\t\t\t<\/div>\n\t\t\t<\/div>\n\t\t\t\t<div class=\"icon-box-text last-reset\">\n\t\t\t\t\t\t\t\t\t\n\n<h3>WAREHOUSING SERVICE<\/h3>\n<p>\u0110\u00e1p \u1ee9ng \u0111\u1ea7y \u0111\u1ee7 nhu c\u1ea7u l\u01b0u tr\u1eef,qu\u1ea3n l\u00fd v\u00e0 v\u1eadn h\u00e0nh kho b\u00e3i t\u1eeb c\u00e1c ng\u00e0nh c\u00f4ng nghi\u1ec7p kh\u00e1c nhau.<\/p>\n\n\t\t<\/div>\n\t<\/div>\n\t<\/a>\n\t\n\n\t\t<\/div>\n\t\t\t\t\t<\/div>\n\n\t\n\n\t<div id=\"col-2029284588\" class=\"col medium-3 small-12 large-3\"  >\n\t\t\t\t<div class=\"col-inner\"  >\n\t\t\t\n\t\t\t\n\n\n\t<a class=\"plain\" href=\"https:\/\/vanxuanlogistics.com\/en\/hang-qua-canh\/\" >\t<div class=\"icon-box featured-box icon-box-center text-center\"  >\n\t\t\t\t\t<div class=\"icon-box-img has-icon-bg\" style=\"width: 81px\">\n\t\t\t\t<div class=\"icon\">\n\t\t\t\t\t<div class=\"icon-inner\" style=\"border-width:3px;\">\n\t\t\t\t\t\t<img width=\"400\" height=\"400\" src=\"https:\/\/vanxuanlogistics.com\/wp-content\/uploads\/2023\/05\/Thiet-ke-chua-co-ten-4-400x400.png\" class=\"attachment-medium size-medium\" alt=\"\" decoding=\"async\" loading=\"lazy\" srcset=\"https:\/\/vanxuanlogistics.com\/wp-content\/uploads\/2023\/05\/Thiet-ke-chua-co-ten-4-400x400.png 400w, https:\/\/vanxuanlogistics.com\/wp-content\/uploads\/2023\/05\/Thiet-ke-chua-co-ten-4-280x280.png 280w, https:\/\/vanxuanlogistics.com\/wp-content\/uploads\/2023\/05\/Thiet-ke-chua-co-ten-4-12x12.png 12w, https:\/\/vanxuanlogistics.com\/wp-content\/uploads\/2023\/05\/Thiet-ke-chua-co-ten-4-100x100.png 100w, https:\/\/vanxuanlogistics.com\/wp-content\/uploads\/2023\/05\/Thiet-ke-chua-co-ten-4.png 500w\" sizes=\"(max-width: 400px) 100vw, 400px\" \/>\t\t\t\t\t<\/div>\n\t\t\t\t<\/div>\n\t\t\t<\/div>\n\t\t\t\t<div class=\"icon-box-text last-reset\">\n\t\t\t\t\t\t\t\t\t\n\n<h3>PROCEDURES FOR GOODS IN TRANSIT<\/h3>\n<p>D\u1ecbch v\u1ee5 khai b\u00e1o h\u00e0ng h\u00f3a chuy\u00ean nghi\u1ec7p. \u0110\u1ea3m b\u1ea3o tu\u00e2n th\u1ee7 \u0111\u00fang quy \u0111\u1ecbnh h\u1ea3i quan c\u1ee7a c\u00e1c n\u01b0\u1edbc s\u1edf t\u1ea1i.<\/p>\n\n\t\t<\/div>\n\t<\/div>\n\t<\/a>\n\t\n\n\t\t<\/div>\n\t\t\t\t\t<\/div>\n\n\t\n\n<\/div>\n<div class=\"container section-title-container\" ><h3 class=\"section-title section-title-center\"><b><\/b><span class=\"section-title-main\" style=\"font-size:undefined%;\">Tin t\u1ee9c<\/span><b><\/b><\/h3><\/div>\n\n\n  \n    <div class=\"row large-columns-4 medium-columns-3 small-columns-1 slider row-slider slider-nav-reveal slider-nav-push\"  data-flickity-options='{\"imagesLoaded\": true, \"groupCells\": \"100%\", \"dragThreshold\" : 5, \"cellAlign\": \"left\",\"wrapAround\": true,\"prevNextButtons\": true,\"percentPosition\": true,\"pageDots\": false, \"rightToLeft\": false, \"autoPlay\" : false}' >\n\n  <div class=\"col post-item\" data-animate=\"fadeInLeft\">\n\t\t\t<div class=\"col-inner\">\n\t\t\t\t<div class=\"box box-text-bottom box-blog-post has-hover\">\n          \t\t\t\t\t<div class=\"box-text text-center\" >\n\t\t\t\t\t<div class=\"box-text-inner blog-post-inner\">\n\n\t\t\t\t\t\n\t\t\t\t\t\t\t\t\t\t<h5 class=\"post-title is-large\">\n\t\t\t\t\t\t<a href=\"https:\/\/vanxuanlogistics.com\/en\/gia-xang-tang-gan-1-000-dong-mot-lit\/\" class=\"plain\">Gi\u00e1 x\u0103ng t\u0103ng g\u1ea7n 1.000 \u0111\u1ed3ng m\u1ed9t l\u00edt<\/a>\n\t\t\t\t\t<\/h5>\n\t\t\t\t\t<div class=\"post-meta is-small op-8\">29\/01\/2024<\/div>\t\t\t\t\t<div class=\"is-divider\"><\/div>\n\t\t\t\t\t\t\t\t\t\t<p class=\"from_the_blog_excerpt\">Gi\u00e1 x\u0103ng, d\u1ea7u&nbsp;sau thay \u0111\u1ed5i nh\u01b0 sau: M\u1eb7t h\u00e0ngGi\u00e1 m\u1edbiThay \u0111\u1ed5iX\u0103ng RON 95-III23.400+ 920X\u0103ng E5 [...]\t\t\t\t\t<\/p>\n\t\t\t\t\t                    \n\t\t\t\t\t\n\t\t\t\t\t\n\t\t\t\t\t<\/div>\n\t\t\t\t\t<\/div>\n\t\t\t\t\t\t\t\t\t<\/div>\n\t\t\t<\/div>\n\t\t<\/div><div class=\"col post-item\" data-animate=\"fadeInLeft\">\n\t\t\t<div class=\"col-inner\">\n\t\t\t\t<div class=\"box box-text-bottom box-blog-post has-hover\">\n          \t\t\t\t\t<div class=\"box-text text-center\" >\n\t\t\t\t\t<div class=\"box-text-inner blog-post-inner\">\n\n\t\t\t\t\t\n\t\t\t\t\t\t\t\t\t\t<h5 class=\"post-title is-large\">\n\t\t\t\t\t\t<a href=\"https:\/\/vanxuanlogistics.com\/en\/thue-bao-ve-moi-truong-voi-xang-nam-2024-la-2-000-dong\/\" class=\"plain\">Thu\u1ebf b\u1ea3o v\u1ec7 m\u00f4i tr\u01b0\u1eddng v\u1edbi x\u0103ng n\u0103m 2024 l\u00e0 2.000 \u0111\u1ed3ng<\/a>\n\t\t\t\t\t<\/h5>\n\t\t\t\t\t<div class=\"post-meta is-small op-8\">02\/01\/2024<\/div>\t\t\t\t\t<div class=\"is-divider\"><\/div>\n\t\t\t\t\t\t\t\t\t\t<p class=\"from_the_blog_excerpt\">T\u1eeb 1\/1\/2024, thu\u1ebf b\u1ea3o v\u1ec7 m\u00f4i tr\u01b0\u1eddng v\u1edbi x\u0103ng (tr\u1eeb ethanol) v\u1eabn l\u00e0 2.000 \u0111\u1ed3ng, [...]\t\t\t\t\t<\/p>\n\t\t\t\t\t                    \n\t\t\t\t\t\n\t\t\t\t\t\n\t\t\t\t\t<\/div>\n\t\t\t\t\t<\/div>\n\t\t\t\t\t\t\t\t\t<\/div>\n\t\t\t<\/div>\n\t\t<\/div><div class=\"col post-item\" data-animate=\"fadeInLeft\">\n\t\t\t<div class=\"col-inner\">\n\t\t\t\t<div class=\"box box-text-bottom box-blog-post has-hover\">\n          \t\t\t\t\t<div class=\"box-text text-center\" >\n\t\t\t\t\t<div class=\"box-text-inner blog-post-inner\">\n\n\t\t\t\t\t\n\t\t\t\t\t\t\t\t\t\t<h5 class=\"post-title is-large\">\n\t\t\t\t\t\t<a href=\"https:\/\/vanxuanlogistics.com\/en\/gia-xang-vuot-22-000-dong-mot-lit\/\" class=\"plain\">Gi\u00e1 x\u0103ng v\u01b0\u1ee3t 22.000 \u0111\u1ed3ng m\u1ed9t l\u00edt<\/a>\n\t\t\t\t\t<\/h5>\n\t\t\t\t\t<div class=\"post-meta is-small op-8\">26\/12\/2023<\/div>\t\t\t\t\t<div class=\"is-divider\"><\/div>\n\t\t\t\t\t\t\t\t\t\t<p class=\"from_the_blog_excerpt\">Gi\u00e1 x\u0103ng, d\u1ea7u&nbsp;h\u00f4m nay sau \u0111i\u1ec1u ch\u1ec9nh nh\u01b0 sau: M\u1eb7t h\u00e0ng Gi\u00e1 m\u1edbi Thay \u0111\u1ed5i [...]\t\t\t\t\t<\/p>\n\t\t\t\t\t                    \n\t\t\t\t\t\n\t\t\t\t\t\n\t\t\t\t\t<\/div>\n\t\t\t\t\t<\/div>\n\t\t\t\t\t\t\t\t\t<\/div>\n\t\t\t<\/div>\n\t\t<\/div><div class=\"col post-item\" data-animate=\"fadeInLeft\">\n\t\t\t<div class=\"col-inner\">\n\t\t\t\t<div class=\"box box-text-bottom box-blog-post has-hover\">\n          \t\t\t\t\t<div class=\"box-text text-center\" >\n\t\t\t\t\t<div class=\"box-text-inner blog-post-inner\">\n\n\t\t\t\t\t\n\t\t\t\t\t\t\t\t\t\t<h5 class=\"post-title is-large\">\n\t\t\t\t\t\t<a href=\"https:\/\/vanxuanlogistics.com\/en\/gia-xang-giam-gan-1-000-dong-mot-lit\/\" class=\"plain\">Gi\u00e1 x\u0103ng gi\u1ea3m g\u1ea7n 1.000 \u0111\u1ed3ng m\u1ed9t l\u00edt<\/a>\n\t\t\t\t\t<\/h5>\n\t\t\t\t\t<div class=\"post-meta is-small op-8\">20\/12\/2023<\/div>\t\t\t\t\t<div class=\"is-divider\"><\/div>\n\t\t\t\t\t\t\t\t\t\t<p class=\"from_the_blog_excerpt\">Gi\u00e1 x\u0103ng, d\u1ea7u&nbsp;h\u00f4m nay sau \u0111i\u1ec1u ch\u1ec9nh nh\u01b0 sau: M\u1eb7t h\u00e0ng Gi\u00e1 m\u1edbi Thay \u0111\u1ed5i [...]\t\t\t\t\t<\/p>\n\t\t\t\t\t                    \n\t\t\t\t\t\n\t\t\t\t\t\n\t\t\t\t\t<\/div>\n\t\t\t\t\t<\/div>\n\t\t\t\t\t\t\t\t\t<\/div>\n\t\t\t<\/div>\n\t\t<\/div><\/div>","protected":false},"excerpt":{"rendered":"","protected":false},"author":1,"featured_media":0,"parent":0,"menu_order":0,"comment_status":"closed","ping_status":"closed","template":"page-blank.php","meta":{"inline_featured_image":false},"yoast_head":"<!-- This site is optimized with the Yoast SEO plugin v20.5 - https:\/\/yoast.com\/wordpress\/plugins\/seo\/ -->\n<title>D\u1ecbch v\u1ee5 v\u1eadn chuy\u1ec3n h\u00e0ng ho\u00e1 v\u1ea1n Xu\u00e2n - V\u1ea1n Xu\u00e2n Logistics<\/title>\n<meta name=\"robots\" content=\"noindex, follow, max-snippet:-1, max-image-preview:large, max-video-preview:-1\" \/>\n<meta property=\"og:locale\" content=\"en_US\" \/>\n<meta property=\"og:type\" content=\"article\" \/>\n<meta property=\"og:title\" content=\"D\u1ecbch v\u1ee5 v\u1eadn chuy\u1ec3n h\u00e0ng ho\u00e1 v\u1ea1n Xu\u00e2n - V\u1ea1n Xu\u00e2n Logistics\" \/>\n<meta property=\"og:url\" content=\"https:\/\/vanxuanlogistics.com\/en\/dich-vu\/\" \/>\n<meta property=\"og:site_name\" content=\"V\u1ea1n Xu\u00e2n Logistics\" \/>\n<meta property=\"article:modified_time\" content=\"2023-07-06T08:15:45+00:00\" \/>\n<meta name=\"twitter:card\" content=\"summary_large_image\" \/>\n<meta name=\"twitter:label1\" content=\"Est. reading time\" \/>\n\t<meta name=\"twitter:data1\" content=\"6 minutes\" \/>\n<script type=\"application\/ld+json\" class=\"yoast-schema-graph\">{\"@context\":\"https:\/\/schema.org\",\"@graph\":[{\"@type\":\"WebPage\",\"@id\":\"https:\/\/vanxuanlogistics.com\/dich-vu\/\",\"url\":\"https:\/\/vanxuanlogistics.com\/dich-vu\/\",\"name\":\"D\u1ecbch v\u1ee5 v\u1eadn chuy\u1ec3n h\u00e0ng ho\u00e1 v\u1ea1n Xu\u00e2n - V\u1ea1n Xu\u00e2n Logistics\",\"isPartOf\":{\"@id\":\"https:\/\/vanxuanlogistics.com\/#website\"},\"datePublished\":\"2023-05-16T08:49:19+00:00\",\"dateModified\":\"2023-07-06T08:15:45+00:00\",\"inLanguage\":\"en-US\",\"potentialAction\":[{\"@type\":\"ReadAction\",\"target\":[\"https:\/\/vanxuanlogistics.com\/dich-vu\/\"]}]},{\"@type\":\"WebSite\",\"@id\":\"https:\/\/vanxuanlogistics.com\/#website\",\"url\":\"https:\/\/vanxuanlogistics.com\/\",\"name\":\"V\u1ea1n Xu\u00e2n Logistics\",\"description\":\"\u0110\u1ed3ng h\u00e0nh c\u00f9ng ph\u00e1t tri\u1ec3n\",\"publisher\":{\"@id\":\"https:\/\/vanxuanlogistics.com\/#organization\"},\"potentialAction\":[{\"@type\":\"SearchAction\",\"target\":{\"@type\":\"EntryPoint\",\"urlTemplate\":\"https:\/\/vanxuanlogistics.com\/?s={search_term_string}\"},\"query-input\":\"required name=search_term_string\"}],\"inLanguage\":\"en-US\"},{\"@type\":\"Organization\",\"@id\":\"https:\/\/vanxuanlogistics.com\/#organization\",\"name\":\"V\u1ea1n Xu\u00e2n Logistics\",\"url\":\"https:\/\/vanxuanlogistics.com\/\",\"logo\":{\"@type\":\"ImageObject\",\"inLanguage\":\"en-US\",\"@id\":\"https:\/\/vanxuanlogistics.com\/#\/schema\/logo\/image\/\",\"url\":\"https:\/\/vanxuanlogistics.com\/wp-content\/uploads\/2023\/06\/cropped-29383121_transparent-2.png\",\"contentUrl\":\"https:\/\/vanxuanlogistics.com\/wp-content\/uploads\/2023\/06\/cropped-29383121_transparent-2.png\",\"width\":512,\"height\":512,\"caption\":\"V\u1ea1n Xu\u00e2n Logistics\"},\"image\":{\"@id\":\"https:\/\/vanxuanlogistics.com\/#\/schema\/logo\/image\/\"}}]}<\/script>\n<!-- \/ Yoast SEO plugin. -->","yoast_head_json":{"title":"D\u1ecbch v\u1ee5 v\u1eadn chuy\u1ec3n h\u00e0ng ho\u00e1 v\u1ea1n Xu\u00e2n - V\u1ea1n Xu\u00e2n Logistics","robots":{"index":"noindex","follow":"follow","max-snippet":"max-snippet:-1","max-image-preview":"max-image-preview:large","max-video-preview":"max-video-preview:-1"},"og_locale":"en_US","og_type":"article","og_title":"D\u1ecbch v\u1ee5 v\u1eadn chuy\u1ec3n h\u00e0ng ho\u00e1 v\u1ea1n Xu\u00e2n - V\u1ea1n Xu\u00e2n Logistics","og_url":"https:\/\/vanxuanlogistics.com\/en\/dich-vu\/","og_site_name":"V\u1ea1n Xu\u00e2n Logistics","article_modified_time":"2023-07-06T08:15:45+00:00","twitter_card":"summary_large_image","twitter_misc":{"Est. reading time":"6 minutes"},"schema":{"@context":"https:\/\/schema.org","@graph":[{"@type":"WebPage","@id":"https:\/\/vanxuanlogistics.com\/dich-vu\/","url":"https:\/\/vanxuanlogistics.com\/dich-vu\/","name":"D\u1ecbch v\u1ee5 v\u1eadn chuy\u1ec3n h\u00e0ng ho\u00e1 v\u1ea1n Xu\u00e2n - V\u1ea1n Xu\u00e2n Logistics","isPartOf":{"@id":"https:\/\/vanxuanlogistics.com\/#website"},"datePublished":"2023-05-16T08:49:19+00:00","dateModified":"2023-07-06T08:15:45+00:00","inLanguage":"en-US","potentialAction":[{"@type":"ReadAction","target":["https:\/\/vanxuanlogistics.com\/dich-vu\/"]}]},{"@type":"WebSite","@id":"https:\/\/vanxuanlogistics.com\/#website","url":"https:\/\/vanxuanlogistics.com\/","name":"V\u1ea1n Xu\u00e2n Logistics","description":"\u0110\u1ed3ng h\u00e0nh c\u00f9ng ph\u00e1t tri\u1ec3n","publisher":{"@id":"https:\/\/vanxuanlogistics.com\/#organization"},"potentialAction":[{"@type":"SearchAction","target":{"@type":"EntryPoint","urlTemplate":"https:\/\/vanxuanlogistics.com\/?s={search_term_string}"},"query-input":"required name=search_term_string"}],"inLanguage":"en-US"},{"@type":"Organization","@id":"https:\/\/vanxuanlogistics.com\/#organization","name":"V\u1ea1n Xu\u00e2n Logistics","url":"https:\/\/vanxuanlogistics.com\/","logo":{"@type":"ImageObject","inLanguage":"en-US","@id":"https:\/\/vanxuanlogistics.com\/#\/schema\/logo\/image\/","url":"https:\/\/vanxuanlogistics.com\/wp-content\/uploads\/2023\/06\/cropped-29383121_transparent-2.png","contentUrl":"https:\/\/vanxuanlogistics.com\/wp-content\/uploads\/2023\/06\/cropped-29383121_transparent-2.png","width":512,"height":512,"caption":"V\u1ea1n Xu\u00e2n Logistics"},"image":{"@id":"https:\/\/vanxuanlogistics.com\/#\/schema\/logo\/image\/"}}]}},"_links":{"self":[{"href":"https:\/\/vanxuanlogistics.com\/en\/wp-json\/wp\/v2\/pages\/11771"}],"collection":[{"href":"https:\/\/vanxuanlogistics.com\/en\/wp-json\/wp\/v2\/pages"}],"about":[{"href":"https:\/\/vanxuanlogistics.com\/en\/wp-json\/wp\/v2\/types\/page"}],"author":[{"embeddable":true,"href":"https:\/\/vanxuanlogistics.com\/en\/wp-json\/wp\/v2\/users\/1"}],"replies":[{"embeddable":true,"href":"https:\/\/vanxuanlogistics.com\/en\/wp-json\/wp\/v2\/comments?post=11771"}],"version-history":[{"count":7,"href":"https:\/\/vanxuanlogistics.com\/en\/wp-json\/wp\/v2\/pages\/11771\/revisions"}],"predecessor-version":[{"id":12265,"href":"https:\/\/vanxuanlogistics.com\/en\/wp-json\/wp\/v2\/pages\/11771\/revisions\/12265"}],"wp:attachment":[{"href":"https:\/\/vanxuanlogistics.com\/en\/wp-json\/wp\/v2\/media?parent=11771"}],"curies":[{"name":"wp","href":"https:\/\/api.w.org\/{rel}","templated":true}]}}