{"id":11813,"date":"2016-08-09T14:23:35","date_gmt":"2016-08-09T14:23:35","guid":{"rendered":"http:\/\/flatsome.dev\/?page_id=8550"},"modified":"2023-05-22T09:00:34","modified_gmt":"2023-05-22T02:00:34","slug":"slider-cover","status":"publish","type":"page","link":"https:\/\/vanxuanlogistics.com\/en\/demos\/slider-cover\/","title":{"rendered":"Slider Cover"},"content":{"rendered":"<div class=\"slider-wrapper relative\" id=\"slider-1868689152\" >\n    <div class=\"slider slider-nav-simple slider-nav-normal slider-nav-light slider-style-normal slider-show-nav\"\n        data-flickity-options='{            \"cellAlign\": \"center\",            \"imagesLoaded\": true,            \"lazyLoad\": 1,            \"freeScroll\": false,            \"wrapAround\": false,            \"autoPlay\": 6000,            \"pauseAutoPlayOnHover\" : true,            \"prevNextButtons\": true,            \"contain\" : true,            \"adaptiveHeight\" : true,            \"dragThreshold\" : 10,            \"percentPosition\": true,            \"pageDots\": false,            \"rightToLeft\": false,            \"draggable\": true,            \"selectedAttraction\": 0.1,            \"parallax\" : 2,            \"friction\": 0.6        }'\n        >\n        \n\n  <div class=\"banner has-hover is-full-height\" id=\"banner-390853209\">\n          <div class=\"banner-inner fill\">\n        <div class=\"banner-bg fill\" >\n            <div class=\"bg fill bg-fill\"><\/div>\n                        <div class=\"overlay\"><\/div>            \n                    <\/div>\n\t\t\n        <div class=\"banner-layers container\">\n            <div class=\"fill banner-link\"><\/div>            \n   <div id=\"text-box-2129087535\" class=\"text-box banner-layer x5 md-x5 lg-x5 y80 md-y80 lg-y80 res-text\">\n                                <div class=\"text-box-content text dark\">\n              \n              <div class=\"text-inner text-left\">\n                  \n<h2 class=\"uppercase\"><span style=\"font-size: 100%;\"><strong>Welcome to our Fashion shop<\/strong><\/span><\/h2>\n<p>Lorem ipsum dolor sit amet, consectetuer adipiscing elit, sed diam nonummy nibh euismod tincidunt ut laoreet dolore magna aliquam erat volutpat.<\/p>\n<a class=\"button white\"  >\n    <span>Click me!<\/span>\n  <\/a>\n\n              <\/div>\n           <\/div>\n                            \n<style>\n#text-box-2129087535 {\n  width: 78%;\n}\n#text-box-2129087535 .text-box-content {\n  font-size: 125%;\n}\n@media (min-width:550px) {\n  #text-box-2129087535 {\n    width: 45%;\n  }\n  #text-box-2129087535 .text-box-content {\n    font-size: 100%;\n  }\n}\n<\/style>\n    <\/div>\n \n        <\/div>\n      <\/div>\n\n            \n<style>\n#banner-390853209 {\n  padding-top: 100%;\n}\n#banner-390853209 .bg.bg-loaded {\n  background-image: url(https:\/\/vanxuanlogistics.com\/wp-content\/uploads\/2016\/08\/dummy-2.jpg);\n}\n#banner-390853209 .overlay {\n  background-color: rgba(0, 0, 0, 0.17);\n}\n#banner-390853209 .bg {\n  background-position: 30% 57%;\n}\n<\/style>\n  <\/div>\n\n\n\n  <div class=\"banner has-hover is-full-height\" id=\"banner-1917315562\">\n          <div class=\"banner-inner fill\">\n        <div class=\"banner-bg fill\" >\n            <div class=\"bg fill bg-fill\"><\/div>\n                        <div class=\"overlay\"><\/div>            \n                    <\/div>\n\t\t\n        <div class=\"banner-layers container\">\n            <div class=\"fill banner-link\"><\/div>            \n   <div id=\"text-box-629406778\" class=\"text-box banner-layer x5 md-x5 lg-x5 y80 md-y80 lg-y80 res-text\">\n                                <div class=\"text-box-content text dark\">\n              \n              <div class=\"text-inner text-left\">\n                  \n<h2 class=\"uppercase\"><strong>Welcome to our Fashion shop<\/strong><\/h2>\n<p>Lorem ipsum dolor sit amet, consectetuer adipiscing elit, sed diam nonummy nibh euismod tincidunt ut laoreet dolore magna aliquam erat volutpat.<\/p>\n<a class=\"button white\"  >\n    <span>Click me!<\/span>\n  <\/a>\n\n              <\/div>\n           <\/div>\n                            \n<style>\n#text-box-629406778 {\n  width: 78%;\n}\n#text-box-629406778 .text-box-content {\n  font-size: 125%;\n}\n@media (min-width:550px) {\n  #text-box-629406778 {\n    width: 45%;\n  }\n  #text-box-629406778 .text-box-content {\n    font-size: 100%;\n  }\n}\n<\/style>\n    <\/div>\n \n        <\/div>\n      <\/div>\n\n            \n<style>\n#banner-1917315562 {\n  padding-top: 100%;\n}\n#banner-1917315562 .bg.bg-loaded {\n  background-image: url(https:\/\/vanxuanlogistics.com\/wp-content\/uploads\/2016\/08\/dummy-2.jpg);\n}\n#banner-1917315562 .overlay {\n  background-color: rgba(0, 0, 0, 0.17);\n}\n#banner-1917315562 .bg {\n  background-position: 62% 18%;\n}\n<\/style>\n  <\/div>\n\n\n\n  <div class=\"banner has-hover is-full-height\" id=\"banner-240886654\">\n          <div class=\"banner-inner fill\">\n        <div class=\"banner-bg fill\" >\n            <div class=\"bg fill bg-fill\"><\/div>\n                        <div class=\"overlay\"><\/div>            \n                    <\/div>\n\t\t\n        <div class=\"banner-layers container\">\n            <div class=\"fill banner-link\"><\/div>            \n   <div id=\"text-box-910223139\" class=\"text-box banner-layer x5 md-x5 lg-x5 y80 md-y80 lg-y80 res-text\">\n                                <div class=\"text-box-content text dark\">\n              \n              <div class=\"text-inner text-left\">\n                  \n<h2 class=\"uppercase\"><strong>Welcome to our Fashion shop<\/strong><\/h2>\n<p>Lorem ipsum dolor sit amet, consectetuer adipiscing elit, sed diam nonummy nibh euismod tincidunt ut laoreet dolore magna aliquam erat volutpat.<\/p>\n<a class=\"button white\"  >\n    <span>Click me!<\/span>\n  <\/a>\n\n              <\/div>\n           <\/div>\n                            \n<style>\n#text-box-910223139 {\n  width: 78%;\n}\n#text-box-910223139 .text-box-content {\n  font-size: 125%;\n}\n@media (min-width:550px) {\n  #text-box-910223139 {\n    width: 45%;\n  }\n  #text-box-910223139 .text-box-content {\n    font-size: 100%;\n  }\n}\n<\/style>\n    <\/div>\n \n        <\/div>\n      <\/div>\n\n            \n<style>\n#banner-240886654 {\n  padding-top: 100%;\n}\n#banner-240886654 .bg.bg-loaded {\n  background-image: url(https:\/\/vanxuanlogistics.com\/wp-content\/uploads\/2016\/08\/dummy-2.jpg);\n}\n#banner-240886654 .overlay {\n  background-color: rgba(0, 0, 0, 0.17);\n}\n#banner-240886654 .bg {\n  background-position: 74% 14%;\n}\n<\/style>\n  <\/div>\n\n\n     <\/div>\n\n     <div class=\"loading-spin dark large centered\"><\/div>\n\n\t<\/div>","protected":false},"excerpt":{"rendered":"","protected":false},"author":2,"featured_media":11799,"parent":11857,"menu_order":12,"comment_status":"closed","ping_status":"closed","template":"page-transparent-header-light.php","meta":{"inline_featured_image":false},"yoast_head":"<!-- This site is optimized with the Yoast SEO plugin v20.5 - https:\/\/yoast.com\/wordpress\/plugins\/seo\/ -->\n<title>Slider Cover - V\u1ea1n Xu\u00e2n Logistics<\/title>\n<meta name=\"robots\" content=\"noindex, follow, max-snippet:-1, max-image-preview:large, max-video-preview:-1\" \/>\n<meta property=\"og:locale\" content=\"en_US\" \/>\n<meta property=\"og:type\" content=\"article\" \/>\n<meta property=\"og:title\" content=\"Slider Cover - V\u1ea1n Xu\u00e2n Logistics\" \/>\n<meta property=\"og:url\" content=\"https:\/\/vanxuanlogistics.com\/en\/demos\/shop-demos__trashed\/slider-cover\/\" \/>\n<meta property=\"og:site_name\" content=\"V\u1ea1n Xu\u00e2n Logistics\" \/>\n<meta property=\"article:modified_time\" content=\"2023-05-22T02:00:34+00:00\" \/>\n<meta property=\"og:image\" content=\"https:\/\/vanxuanlogistics.com\/wp-content\/uploads\/2016\/08\/dummy-1.jpg\" \/>\n\t<meta property=\"og:image:width\" content=\"400\" \/>\n\t<meta property=\"og:image:height\" content=\"260\" \/>\n\t<meta property=\"og:image:type\" content=\"image\/jpeg\" \/>\n<meta name=\"twitter:card\" content=\"summary_large_image\" \/>\n<meta name=\"twitter:label1\" content=\"Est. reading time\" \/>\n\t<meta name=\"twitter:data1\" content=\"1 minute\" \/>\n<script type=\"application\/ld+json\" class=\"yoast-schema-graph\">{\"@context\":\"https:\/\/schema.org\",\"@graph\":[{\"@type\":\"WebPage\",\"@id\":\"https:\/\/vanxuanlogistics.com\/demos\/shop-demos__trashed\/slider-cover\/\",\"url\":\"https:\/\/vanxuanlogistics.com\/demos\/shop-demos__trashed\/slider-cover\/\",\"name\":\"Slider Cover - V\u1ea1n Xu\u00e2n Logistics\",\"isPartOf\":{\"@id\":\"https:\/\/vanxuanlogistics.com\/#website\"},\"datePublished\":\"2016-08-09T14:23:35+00:00\",\"dateModified\":\"2023-05-22T02:00:34+00:00\",\"breadcrumb\":{\"@id\":\"https:\/\/vanxuanlogistics.com\/demos\/shop-demos__trashed\/slider-cover\/#breadcrumb\"},\"inLanguage\":\"en-US\",\"potentialAction\":[{\"@type\":\"ReadAction\",\"target\":[\"https:\/\/vanxuanlogistics.com\/demos\/shop-demos__trashed\/slider-cover\/\"]}]},{\"@type\":\"BreadcrumbList\",\"@id\":\"https:\/\/vanxuanlogistics.com\/demos\/shop-demos__trashed\/slider-cover\/#breadcrumb\",\"itemListElement\":[{\"@type\":\"ListItem\",\"position\":1,\"name\":\"Demos\",\"item\":\"https:\/\/vanxuanlogistics.com\/demos\/\"},{\"@type\":\"ListItem\",\"position\":2,\"name\":\"Slider Cover\"}]},{\"@type\":\"WebSite\",\"@id\":\"https:\/\/vanxuanlogistics.com\/#website\",\"url\":\"https:\/\/vanxuanlogistics.com\/\",\"name\":\"V\u1ea1n Xu\u00e2n Logistics\",\"description\":\"\u0110\u1ed3ng h\u00e0nh c\u00f9ng ph\u00e1t tri\u1ec3n\",\"publisher\":{\"@id\":\"https:\/\/vanxuanlogistics.com\/#organization\"},\"potentialAction\":[{\"@type\":\"SearchAction\",\"target\":{\"@type\":\"EntryPoint\",\"urlTemplate\":\"https:\/\/vanxuanlogistics.com\/?s={search_term_string}\"},\"query-input\":\"required name=search_term_string\"}],\"inLanguage\":\"en-US\"},{\"@type\":\"Organization\",\"@id\":\"https:\/\/vanxuanlogistics.com\/#organization\",\"name\":\"V\u1ea1n Xu\u00e2n Logistics\",\"url\":\"https:\/\/vanxuanlogistics.com\/\",\"logo\":{\"@type\":\"ImageObject\",\"inLanguage\":\"en-US\",\"@id\":\"https:\/\/vanxuanlogistics.com\/#\/schema\/logo\/image\/\",\"url\":\"https:\/\/vanxuanlogistics.com\/wp-content\/uploads\/2023\/06\/cropped-29383121_transparent-2.png\",\"contentUrl\":\"https:\/\/vanxuanlogistics.com\/wp-content\/uploads\/2023\/06\/cropped-29383121_transparent-2.png\",\"width\":512,\"height\":512,\"caption\":\"V\u1ea1n Xu\u00e2n Logistics\"},\"image\":{\"@id\":\"https:\/\/vanxuanlogistics.com\/#\/schema\/logo\/image\/\"}}]}<\/script>\n<!-- \/ Yoast SEO plugin. -->","yoast_head_json":{"title":"Slider Cover - V\u1ea1n Xu\u00e2n Logistics","robots":{"index":"noindex","follow":"follow","max-snippet":"max-snippet:-1","max-image-preview":"max-image-preview:large","max-video-preview":"max-video-preview:-1"},"og_locale":"en_US","og_type":"article","og_title":"Slider Cover - V\u1ea1n Xu\u00e2n Logistics","og_url":"https:\/\/vanxuanlogistics.com\/en\/demos\/shop-demos__trashed\/slider-cover\/","og_site_name":"V\u1ea1n Xu\u00e2n Logistics","article_modified_time":"2023-05-22T02:00:34+00:00","og_image":[{"width":400,"height":260,"url":"https:\/\/vanxuanlogistics.com\/wp-content\/uploads\/2016\/08\/dummy-1.jpg","type":"image\/jpeg"}],"twitter_card":"summary_large_image","twitter_misc":{"Est. reading time":"1 minute"},"schema":{"@context":"https:\/\/schema.org","@graph":[{"@type":"WebPage","@id":"https:\/\/vanxuanlogistics.com\/demos\/shop-demos__trashed\/slider-cover\/","url":"https:\/\/vanxuanlogistics.com\/demos\/shop-demos__trashed\/slider-cover\/","name":"Slider Cover - V\u1ea1n Xu\u00e2n Logistics","isPartOf":{"@id":"https:\/\/vanxuanlogistics.com\/#website"},"datePublished":"2016-08-09T14:23:35+00:00","dateModified":"2023-05-22T02:00:34+00:00","breadcrumb":{"@id":"https:\/\/vanxuanlogistics.com\/demos\/shop-demos__trashed\/slider-cover\/#breadcrumb"},"inLanguage":"en-US","potentialAction":[{"@type":"ReadAction","target":["https:\/\/vanxuanlogistics.com\/demos\/shop-demos__trashed\/slider-cover\/"]}]},{"@type":"BreadcrumbList","@id":"https:\/\/vanxuanlogistics.com\/demos\/shop-demos__trashed\/slider-cover\/#breadcrumb","itemListElement":[{"@type":"ListItem","position":1,"name":"Demos","item":"https:\/\/vanxuanlogistics.com\/demos\/"},{"@type":"ListItem","position":2,"name":"Slider Cover"}]},{"@type":"WebSite","@id":"https:\/\/vanxuanlogistics.com\/#website","url":"https:\/\/vanxuanlogistics.com\/","name":"V\u1ea1n Xu\u00e2n Logistics","description":"\u0110\u1ed3ng h\u00e0nh c\u00f9ng ph\u00e1t tri\u1ec3n","publisher":{"@id":"https:\/\/vanxuanlogistics.com\/#organization"},"potentialAction":[{"@type":"SearchAction","target":{"@type":"EntryPoint","urlTemplate":"https:\/\/vanxuanlogistics.com\/?s={search_term_string}"},"query-input":"required name=search_term_string"}],"inLanguage":"en-US"},{"@type":"Organization","@id":"https:\/\/vanxuanlogistics.com\/#organization","name":"V\u1ea1n Xu\u00e2n Logistics","url":"https:\/\/vanxuanlogistics.com\/","logo":{"@type":"ImageObject","inLanguage":"en-US","@id":"https:\/\/vanxuanlogistics.com\/#\/schema\/logo\/image\/","url":"https:\/\/vanxuanlogistics.com\/wp-content\/uploads\/2023\/06\/cropped-29383121_transparent-2.png","contentUrl":"https:\/\/vanxuanlogistics.com\/wp-content\/uploads\/2023\/06\/cropped-29383121_transparent-2.png","width":512,"height":512,"caption":"V\u1ea1n Xu\u00e2n Logistics"},"image":{"@id":"https:\/\/vanxuanlogistics.com\/#\/schema\/logo\/image\/"}}]}},"_links":{"self":[{"href":"https:\/\/vanxuanlogistics.com\/en\/wp-json\/wp\/v2\/pages\/11813"}],"collection":[{"href":"https:\/\/vanxuanlogistics.com\/en\/wp-json\/wp\/v2\/pages"}],"about":[{"href":"https:\/\/vanxuanlogistics.com\/en\/wp-json\/wp\/v2\/types\/page"}],"author":[{"embeddable":true,"href":"https:\/\/vanxuanlogistics.com\/en\/wp-json\/wp\/v2\/users\/2"}],"replies":[{"embeddable":true,"href":"https:\/\/vanxuanlogistics.com\/en\/wp-json\/wp\/v2\/comments?post=11813"}],"version-history":[{"count":1,"href":"https:\/\/vanxuanlogistics.com\/en\/wp-json\/wp\/v2\/pages\/11813\/revisions"}],"predecessor-version":[{"id":11902,"href":"https:\/\/vanxuanlogistics.com\/en\/wp-json\/wp\/v2\/pages\/11813\/revisions\/11902"}],"up":[{"embeddable":true,"href":"https:\/\/vanxuanlogistics.com\/en\/wp-json\/wp\/v2\/pages\/11857"}],"wp:featuredmedia":[{"embeddable":true,"href":"https:\/\/vanxuanlogistics.com\/en\/wp-json\/wp\/v2\/media\/11799"}],"wp:attachment":[{"href":"https:\/\/vanxuanlogistics.com\/en\/wp-json\/wp\/v2\/media?parent=11813"}],"curies":[{"name":"wp","href":"https:\/\/api.w.org\/{rel}","templated":true}]}}