{"id":11820,"date":"2016-06-29T08:39:48","date_gmt":"2016-06-29T08:39:48","guid":{"rendered":"http:\/\/flatsome.dev\/?page_id=7921"},"modified":"2023-05-22T09:00:38","modified_gmt":"2023-05-22T02:00:38","slug":"video","status":"publish","type":"page","link":"https:\/\/vanxuanlogistics.com\/en\/elements\/video\/","title":{"rendered":"Video"},"content":{"rendered":"<div class=\"container section-title-container\" ><h3 class=\"section-title section-title-normal\"><b><\/b><span class=\"section-title-main\" style=\"font-size:undefined%;\">Add responsive Video Embeds<\/span><b><\/b><\/h3><\/div>\n<p class=\"lead\">Add Responsive video embed to your site by using the Page Builder.<\/p>\n<h3>YOUTUBE<\/h3>\n<div class=\"video video-fit mb\" style=\"padding-top:46%;\"><p><iframe loading=\"lazy\" title=\"Most beautiful drone videos ever filmed 2015  \u2013 Our planet is amazing\" width=\"1020\" height=\"574\" src=\"https:\/\/www.youtube.com\/embed\/AoPiLg8DZ3A?feature=oembed\" frameborder=\"0\" allow=\"accelerometer; autoplay; clipboard-write; encrypted-media; gyroscope; picture-in-picture; web-share\" allowfullscreen><\/iframe><\/p>\n<\/div>\n<h3>VIMEO<\/h3>\n<div class=\"video video-fit mb\" style=\"padding-top:54%;\"><p><iframe loading=\"lazy\" title=\"Tigerilla - TULIPS ft. Gill Bates\" src=\"https:\/\/player.vimeo.com\/video\/180255453?h=6057232fba&amp;dnt=1&amp;app_id=122963\" width=\"1020\" height=\"574\" frameborder=\"0\" allow=\"autoplay; fullscreen; picture-in-picture\" allowfullscreen><\/iframe><\/p>\n<\/div>","protected":false},"excerpt":{"rendered":"<p>Add Responsive video embed to your site by using the Page Builder. YOUTUBE VIMEO<\/p>","protected":false},"author":2,"featured_media":11799,"parent":11898,"menu_order":10,"comment_status":"closed","ping_status":"closed","template":"","meta":{"inline_featured_image":false},"yoast_head":"<!-- This site is optimized with the Yoast SEO plugin v20.5 - https:\/\/yoast.com\/wordpress\/plugins\/seo\/ -->\n<title>Video - V\u1ea1n Xu\u00e2n Logistics<\/title>\n<meta name=\"robots\" content=\"noindex, follow, max-snippet:-1, max-image-preview:large, max-video-preview:-1\" \/>\n<meta property=\"og:locale\" content=\"en_US\" \/>\n<meta property=\"og:type\" content=\"article\" \/>\n<meta property=\"og:title\" content=\"Video - V\u1ea1n Xu\u00e2n Logistics\" \/>\n<meta property=\"og:description\" content=\"Add Responsive video embed to your site by using the Page Builder. YOUTUBE VIMEO\" \/>\n<meta property=\"og:url\" content=\"https:\/\/vanxuanlogistics.com\/en\/elements\/video\/\" \/>\n<meta property=\"og:site_name\" content=\"V\u1ea1n Xu\u00e2n Logistics\" \/>\n<meta property=\"article:modified_time\" content=\"2023-05-22T02:00:38+00:00\" \/>\n<meta property=\"og:image\" content=\"https:\/\/vanxuanlogistics.com\/wp-content\/uploads\/2016\/08\/dummy-1.jpg\" \/>\n\t<meta property=\"og:image:width\" content=\"400\" \/>\n\t<meta property=\"og:image:height\" content=\"260\" \/>\n\t<meta property=\"og:image:type\" content=\"image\/jpeg\" \/>\n<meta name=\"twitter:card\" content=\"summary_large_image\" \/>\n<script type=\"application\/ld+json\" class=\"yoast-schema-graph\">{\"@context\":\"https:\/\/schema.org\",\"@graph\":[{\"@type\":\"WebPage\",\"@id\":\"https:\/\/vanxuanlogistics.com\/elements\/video\/\",\"url\":\"https:\/\/vanxuanlogistics.com\/elements\/video\/\",\"name\":\"Video - V\u1ea1n Xu\u00e2n Logistics\",\"isPartOf\":{\"@id\":\"https:\/\/vanxuanlogistics.com\/#website\"},\"datePublished\":\"2016-06-29T08:39:48+00:00\",\"dateModified\":\"2023-05-22T02:00:38+00:00\",\"breadcrumb\":{\"@id\":\"https:\/\/vanxuanlogistics.com\/elements\/video\/#breadcrumb\"},\"inLanguage\":\"en-US\",\"potentialAction\":[{\"@type\":\"ReadAction\",\"target\":[\"https:\/\/vanxuanlogistics.com\/elements\/video\/\"]}]},{\"@type\":\"BreadcrumbList\",\"@id\":\"https:\/\/vanxuanlogistics.com\/elements\/video\/#breadcrumb\",\"itemListElement\":[{\"@type\":\"ListItem\",\"position\":1,\"name\":\"Elements\",\"item\":\"https:\/\/vanxuanlogistics.com\/elements\/\"},{\"@type\":\"ListItem\",\"position\":2,\"name\":\"Video\"}]},{\"@type\":\"WebSite\",\"@id\":\"https:\/\/vanxuanlogistics.com\/#website\",\"url\":\"https:\/\/vanxuanlogistics.com\/\",\"name\":\"V\u1ea1n Xu\u00e2n Logistics\",\"description\":\"\u0110\u1ed3ng h\u00e0nh c\u00f9ng ph\u00e1t tri\u1ec3n\",\"publisher\":{\"@id\":\"https:\/\/vanxuanlogistics.com\/#organization\"},\"potentialAction\":[{\"@type\":\"SearchAction\",\"target\":{\"@type\":\"EntryPoint\",\"urlTemplate\":\"https:\/\/vanxuanlogistics.com\/?s={search_term_string}\"},\"query-input\":\"required name=search_term_string\"}],\"inLanguage\":\"en-US\"},{\"@type\":\"Organization\",\"@id\":\"https:\/\/vanxuanlogistics.com\/#organization\",\"name\":\"V\u1ea1n Xu\u00e2n Logistics\",\"url\":\"https:\/\/vanxuanlogistics.com\/\",\"logo\":{\"@type\":\"ImageObject\",\"inLanguage\":\"en-US\",\"@id\":\"https:\/\/vanxuanlogistics.com\/#\/schema\/logo\/image\/\",\"url\":\"https:\/\/vanxuanlogistics.com\/wp-content\/uploads\/2023\/06\/cropped-29383121_transparent-2.png\",\"contentUrl\":\"https:\/\/vanxuanlogistics.com\/wp-content\/uploads\/2023\/06\/cropped-29383121_transparent-2.png\",\"width\":512,\"height\":512,\"caption\":\"V\u1ea1n Xu\u00e2n Logistics\"},\"image\":{\"@id\":\"https:\/\/vanxuanlogistics.com\/#\/schema\/logo\/image\/\"}}]}<\/script>\n<!-- \/ Yoast SEO plugin. -->","yoast_head_json":{"title":"Video - V\u1ea1n Xu\u00e2n Logistics","robots":{"index":"noindex","follow":"follow","max-snippet":"max-snippet:-1","max-image-preview":"max-image-preview:large","max-video-preview":"max-video-preview:-1"},"og_locale":"en_US","og_type":"article","og_title":"Video - V\u1ea1n Xu\u00e2n Logistics","og_description":"Add Responsive video embed to your site by using the Page Builder. YOUTUBE VIMEO","og_url":"https:\/\/vanxuanlogistics.com\/en\/elements\/video\/","og_site_name":"V\u1ea1n Xu\u00e2n Logistics","article_modified_time":"2023-05-22T02:00:38+00:00","og_image":[{"width":400,"height":260,"url":"https:\/\/vanxuanlogistics.com\/wp-content\/uploads\/2016\/08\/dummy-1.jpg","type":"image\/jpeg"}],"twitter_card":"summary_large_image","schema":{"@context":"https:\/\/schema.org","@graph":[{"@type":"WebPage","@id":"https:\/\/vanxuanlogistics.com\/elements\/video\/","url":"https:\/\/vanxuanlogistics.com\/elements\/video\/","name":"Video - V\u1ea1n Xu\u00e2n Logistics","isPartOf":{"@id":"https:\/\/vanxuanlogistics.com\/#website"},"datePublished":"2016-06-29T08:39:48+00:00","dateModified":"2023-05-22T02:00:38+00:00","breadcrumb":{"@id":"https:\/\/vanxuanlogistics.com\/elements\/video\/#breadcrumb"},"inLanguage":"en-US","potentialAction":[{"@type":"ReadAction","target":["https:\/\/vanxuanlogistics.com\/elements\/video\/"]}]},{"@type":"BreadcrumbList","@id":"https:\/\/vanxuanlogistics.com\/elements\/video\/#breadcrumb","itemListElement":[{"@type":"ListItem","position":1,"name":"Elements","item":"https:\/\/vanxuanlogistics.com\/elements\/"},{"@type":"ListItem","position":2,"name":"Video"}]},{"@type":"WebSite","@id":"https:\/\/vanxuanlogistics.com\/#website","url":"https:\/\/vanxuanlogistics.com\/","name":"V\u1ea1n Xu\u00e2n Logistics","description":"\u0110\u1ed3ng h\u00e0nh c\u00f9ng ph\u00e1t tri\u1ec3n","publisher":{"@id":"https:\/\/vanxuanlogistics.com\/#organization"},"potentialAction":[{"@type":"SearchAction","target":{"@type":"EntryPoint","urlTemplate":"https:\/\/vanxuanlogistics.com\/?s={search_term_string}"},"query-input":"required name=search_term_string"}],"inLanguage":"en-US"},{"@type":"Organization","@id":"https:\/\/vanxuanlogistics.com\/#organization","name":"V\u1ea1n Xu\u00e2n Logistics","url":"https:\/\/vanxuanlogistics.com\/","logo":{"@type":"ImageObject","inLanguage":"en-US","@id":"https:\/\/vanxuanlogistics.com\/#\/schema\/logo\/image\/","url":"https:\/\/vanxuanlogistics.com\/wp-content\/uploads\/2023\/06\/cropped-29383121_transparent-2.png","contentUrl":"https:\/\/vanxuanlogistics.com\/wp-content\/uploads\/2023\/06\/cropped-29383121_transparent-2.png","width":512,"height":512,"caption":"V\u1ea1n Xu\u00e2n Logistics"},"image":{"@id":"https:\/\/vanxuanlogistics.com\/#\/schema\/logo\/image\/"}}]}},"_links":{"self":[{"href":"https:\/\/vanxuanlogistics.com\/en\/wp-json\/wp\/v2\/pages\/11820"}],"collection":[{"href":"https:\/\/vanxuanlogistics.com\/en\/wp-json\/wp\/v2\/pages"}],"about":[{"href":"https:\/\/vanxuanlogistics.com\/en\/wp-json\/wp\/v2\/types\/page"}],"author":[{"embeddable":true,"href":"https:\/\/vanxuanlogistics.com\/en\/wp-json\/wp\/v2\/users\/2"}],"replies":[{"embeddable":true,"href":"https:\/\/vanxuanlogistics.com\/en\/wp-json\/wp\/v2\/comments?post=11820"}],"version-history":[{"count":1,"href":"https:\/\/vanxuanlogistics.com\/en\/wp-json\/wp\/v2\/pages\/11820\/revisions"}],"predecessor-version":[{"id":11909,"href":"https:\/\/vanxuanlogistics.com\/en\/wp-json\/wp\/v2\/pages\/11820\/revisions\/11909"}],"up":[{"embeddable":true,"href":"https:\/\/vanxuanlogistics.com\/en\/wp-json\/wp\/v2\/pages\/11898"}],"wp:featuredmedia":[{"embeddable":true,"href":"https:\/\/vanxuanlogistics.com\/en\/wp-json\/wp\/v2\/media\/11799"}],"wp:attachment":[{"href":"https:\/\/vanxuanlogistics.com\/en\/wp-json\/wp\/v2\/media?parent=11820"}],"curies":[{"name":"wp","href":"https:\/\/api.w.org\/{rel}","templated":true}]}}