{"id":11837,"date":"2016-03-31T13:48:41","date_gmt":"2016-03-31T13:48:41","guid":{"rendered":"http:\/\/flatsome.dev\/?page_id=6990"},"modified":"2023-05-22T09:00:47","modified_gmt":"2023-05-22T02:00:47","slug":"countdown","status":"publish","type":"page","link":"https:\/\/vanxuanlogistics.com\/en\/elements\/countdown\/","title":{"rendered":"Countdown"},"content":{"rendered":"<div class=\"banner has-hover\" id=\"banner-7524567\">\n          <div class=\"banner-inner fill\">\n        <div class=\"banner-bg fill\" >\n            <div class=\"bg fill bg-fill\"><\/div>\n                        <div class=\"overlay\"><\/div>            \n                    <\/div>\n\t\t\n        <div class=\"banner-layers container\">\n            <div class=\"fill banner-link\"><\/div>            \n   <div id=\"text-box-971396122\" class=\"text-box banner-layer x50 md-x50 lg-x50 y50 md-y50 lg-y50 res-text\">\n                                <div class=\"text-box-content text dark\">\n              \n              <div class=\"text-inner text-center\">\n                  \n<h1 class=\"uppercase\"><strong>COUNT DOWN ELEMENT<\/strong><\/h1>\n<p class=\"lead\">Add\u00a0beautiful count downs anywhere on the site.<\/p>\n<div id=\"timer-313192552\" class=\"ux-timer dark\" data-text-plural=\"s\" data-text-hour=\"hour\" data-text-day=\"day\" data-text-week=\"week\" data-text-min=\"min\" data-text-sec=\"sec\" data-text-hour-p=\"\" data-text-day-p=\"\" data-text-week-p=\"\" data-text-min-p=\"\" data-text-sec-p=\"\" data-countdown=\"2021\/12\/31 18:00\"><span>&nbsp;<div class=\"loading-spin dark centered\"><\/div><strong>&nbsp;<\/strong><\/span><\/div>\n<style>\n#timer-313192552 {\n  font-size: 300%;\n}\n#timer-313192552 span {\n  background-color: rgba(0, 0, 0, 0.09);\n}\n<\/style>\n\n              <\/div>\n           <\/div>\n                            \n<style>\n#text-box-971396122 {\n  width: 60%;\n}\n#text-box-971396122 .text-box-content {\n  font-size: 100%;\n}\n<\/style>\n    <\/div>\n \n        <\/div>\n      <\/div>\n\n            \n<style>\n#banner-7524567 {\n  padding-top: 444px;\n}\n#banner-7524567 .bg.bg-loaded {\n  background-image: url(https:\/\/vanxuanlogistics.com\/wp-content\/uploads\/2016\/08\/dummy-2.jpg);\n}\n#banner-7524567 .overlay {\n  background-color: rgba(0, 0, 0, 0.27);\n}\n<\/style>\n  <\/div>\n\n\n<div class=\"row\"  id=\"row-491064283\">\n\n\t<div id=\"col-504377429\" class=\"col medium-4 large-4\"  >\n\t\t\t\t<div class=\"col-inner\"  >\n\t\t\t\n\t\t\t\n<div class=\"container section-title-container\" ><h3 class=\"section-title section-title-center\"><b><\/b><span class=\"section-title-main\" >Primary Color<\/span><b><\/b><\/h3><\/div>\n<div id=\"timer-398260008\" class=\"ux-timer primary\" data-text-plural=\"s\" data-text-hour=\"hour\" data-text-day=\"day\" data-text-week=\"week\" data-text-min=\"min\" data-text-sec=\"sec\" data-text-hour-p=\"\" data-text-day-p=\"\" data-text-week-p=\"\" data-text-min-p=\"\" data-text-sec-p=\"\" data-countdown=\"2021\/12\/30 23:59:59\"><span>&nbsp;<div class=\"loading-spin dark centered\"><\/div><strong>&nbsp;<\/strong><\/span><\/div>\n<style>\n#timer-398260008 {\n  font-size: 198%;\n}\n<\/style>\n\n\t\t<\/div>\n\t\t\t\t\t<\/div>\n\n\t\n\n\t<div id=\"col-1394966916\" class=\"col medium-4 large-4\"  >\n\t\t\t\t<div class=\"col-inner\"  >\n\t\t\t\n\t\t\t\n<div class=\"container section-title-container\" ><h3 class=\"section-title section-title-center\"><b><\/b><span class=\"section-title-main\" >Dark Color<\/span><b><\/b><\/h3><\/div>\n<div id=\"timer-913679149\" class=\"ux-timer dark\" data-text-plural=\"s\" data-text-hour=\"hour\" data-text-day=\"day\" data-text-week=\"week\" data-text-min=\"min\" data-text-sec=\"sec\" data-text-hour-p=\"\" data-text-day-p=\"\" data-text-week-p=\"\" data-text-min-p=\"\" data-text-sec-p=\"\" data-countdown=\"2021\/12\/30 23:59:59\"><span>&nbsp;<div class=\"loading-spin dark centered\"><\/div><strong>&nbsp;<\/strong><\/span><\/div>\n<style>\n#timer-913679149 {\n  font-size: 300%;\n}\n<\/style>\n\n\t\t<\/div>\n\t\t\t\t\t<\/div>\n\n\t\n\n\t<div id=\"col-1889621708\" class=\"col medium-4 large-4\"  >\n\t\t\t\t<div class=\"col-inner\"  >\n\t\t\t\n\t\t\t\n<div class=\"container section-title-container\" ><h3 class=\"section-title section-title-center\"><b><\/b><span class=\"section-title-main\" >Light Color<\/span><b><\/b><\/h3><\/div>\n<div id=\"timer-906186809\" class=\"ux-timer light\" data-text-plural=\"s\" data-text-hour=\"hour\" data-text-day=\"day\" data-text-week=\"week\" data-text-min=\"min\" data-text-sec=\"sec\" data-text-hour-p=\"\" data-text-day-p=\"\" data-text-week-p=\"\" data-text-min-p=\"\" data-text-sec-p=\"\" data-countdown=\"2021\/12\/30 23:59:59\"><span>&nbsp;<div class=\"loading-spin dark centered\"><\/div><strong>&nbsp;<\/strong><\/span><\/div>\n<style>\n#timer-906186809 {\n  font-size: 200%;\n}\n<\/style>\n\n\t\t<\/div>\n\t\t\t\t\t<\/div>\n\n\t\n<\/div>\n<div class=\"row\"  id=\"row-2042139434\">\n\n\t<div id=\"col-1559036044\" class=\"col large-12\"  >\n\t\t\t\t<div class=\"col-inner\"  >\n\t\t\t\n\t\t\t\n\n  <div class=\"banner has-hover\" id=\"banner-980564801\">\n          <div class=\"banner-inner fill\">\n        <div class=\"banner-bg fill\" >\n            <div class=\"bg fill bg-fill\"><\/div>\n                                    \n                    <\/div>\n\t\t\n        <div class=\"banner-layers container\">\n            <div class=\"fill banner-link\"><\/div>            \n   <div id=\"text-box-1186247848\" class=\"text-box banner-layer x10 md-x10 lg-x10 y50 md-y50 lg-y50 res-text\">\n                     <div data-animate=\"fadeIn\">           <div class=\"text-box-content text\">\n              \n              <div class=\"text-inner text-center\">\n                  \n<h3 class=\"uppercase\">A Countdown Inside A Banner<\/h3>\n<div id=\"timer-98261130\" class=\"ux-timer dark\" data-text-plural=\"s\" data-text-hour=\"hour\" data-text-day=\"day\" data-text-week=\"week\" data-text-min=\"min\" data-text-sec=\"sec\" data-text-hour-p=\"\" data-text-day-p=\"\" data-text-week-p=\"\" data-text-min-p=\"\" data-text-sec-p=\"\" data-countdown=\"2021\/12\/30 23:59:59\"><span>&nbsp;<div class=\"loading-spin dark centered\"><\/div><strong>&nbsp;<\/strong><\/span><\/div>\n<style>\n#timer-98261130 {\n  font-size: 300%;\n}\n<\/style>\n\n              <\/div>\n           <\/div>\n       <\/div>                     \n<style>\n#text-box-1186247848 {\n  width: 60%;\n}\n#text-box-1186247848 .text-box-content {\n  font-size: 100%;\n}\n@media (min-width:550px) {\n  #text-box-1186247848 {\n    width: 40%;\n  }\n}\n<\/style>\n    <\/div>\n \n        <\/div>\n      <\/div>\n\n            \n<style>\n#banner-980564801 {\n  padding-top: 600px;\n}\n#banner-980564801 .bg.bg-loaded {\n  background-image: url(https:\/\/vanxuanlogistics.com\/wp-content\/uploads\/2016\/08\/dummy-2.jpg);\n}\n<\/style>\n  <\/div>\n\n\n\t<div id=\"gap-840050308\" class=\"gap-element clearfix\" style=\"display:block; height:auto;\">\n\t\t\n<style>\n#gap-840050308 {\n  padding-top: 30px;\n}\n<\/style>\n\t<\/div>\n\t\n\t\t<\/div>\n\t\t\t\t\t<\/div>\n\n\t\n\n\t<div id=\"col-1765834900\" class=\"col medium-6 large-6\"  >\n\t\t\t\t<div class=\"col-inner text-center\"  >\n\t\t\t\n\t\t\t\n<div class=\"container section-title-container\" ><h3 class=\"section-title section-title-center\"><b><\/b><span class=\"section-title-main\" >Countdown as text<\/span><b><\/b><\/h3><\/div>\n<span id=\"timer-990435586\" class=\"ux-timer-text\" data-text-plural=\"s\" data-text-hour=\"hour\" data-text-day=\"day\" data-text-week=\"week\" data-text-min=\"min\" data-text-sec=\"sec\" data-text-hour-p=\"\" data-text-day-p=\"\" data-text-week-p=\"\" data-text-min-p=\"\" data-text-sec-p=\"\" data-countdown=\"2021\/12\/30 23:59:59\"><\/span>\n<style>\n#timer-990435586 {\n  font-size: 91%;\n}\n<\/style>\n\n\t\t<\/div>\n\t\t\t\t\t<\/div>\n\n\t\n\n\t<div id=\"col-1545549665\" class=\"col medium-6 large-6\"  >\n\t\t\t\t<div class=\"col-inner\"  >\n\t\t\t\n\t\t\t\n<div class=\"container section-title-container\" ><h3 class=\"section-title section-title-center\"><b><\/b><span class=\"section-title-main\" >Countdown as Clock<\/span><b><\/b><\/h3><\/div>\n<div id=\"timer-1306349237\" class=\"ux-timer primary\" data-text-plural=\"s\" data-text-hour=\"hour\" data-text-day=\"day\" data-text-week=\"week\" data-text-min=\"min\" data-text-sec=\"sec\" data-text-hour-p=\"\" data-text-day-p=\"\" data-text-week-p=\"\" data-text-min-p=\"\" data-text-sec-p=\"\" data-countdown=\"2021\/12\/30 23:59:59\"><span>&nbsp;<div class=\"loading-spin dark centered\"><\/div><strong>&nbsp;<\/strong><\/span><\/div>\n<style>\n#timer-1306349237 {\n  font-size: 300%;\n}\n<\/style>\n\n\t\t<\/div>\n\t\t\t\t\t<\/div>\n\n\t\n<\/div>","protected":false},"excerpt":{"rendered":"","protected":false},"author":2,"featured_media":11799,"parent":11898,"menu_order":28,"comment_status":"closed","ping_status":"closed","template":"page-blank.php","meta":{"inline_featured_image":false},"yoast_head":"<!-- This site is optimized with the Yoast SEO plugin v20.5 - https:\/\/yoast.com\/wordpress\/plugins\/seo\/ -->\n<title>Countdown - V\u1ea1n Xu\u00e2n Logistics<\/title>\n<meta name=\"robots\" content=\"noindex, follow, max-snippet:-1, max-image-preview:large, max-video-preview:-1\" \/>\n<meta property=\"og:locale\" content=\"en_US\" \/>\n<meta property=\"og:type\" content=\"article\" \/>\n<meta property=\"og:title\" content=\"Countdown - V\u1ea1n Xu\u00e2n Logistics\" \/>\n<meta property=\"og:url\" content=\"https:\/\/vanxuanlogistics.com\/en\/elements\/countdown\/\" \/>\n<meta property=\"og:site_name\" content=\"V\u1ea1n Xu\u00e2n Logistics\" \/>\n<meta property=\"article:modified_time\" content=\"2023-05-22T02:00:47+00:00\" \/>\n<meta property=\"og:image\" content=\"https:\/\/vanxuanlogistics.com\/wp-content\/uploads\/2016\/08\/dummy-1.jpg\" \/>\n\t<meta property=\"og:image:width\" content=\"400\" \/>\n\t<meta property=\"og:image:height\" content=\"260\" \/>\n\t<meta property=\"og:image:type\" content=\"image\/jpeg\" \/>\n<meta name=\"twitter:card\" content=\"summary_large_image\" \/>\n<meta name=\"twitter:label1\" content=\"Est. reading time\" \/>\n\t<meta name=\"twitter:data1\" content=\"1 minute\" \/>\n<script type=\"application\/ld+json\" class=\"yoast-schema-graph\">{\"@context\":\"https:\/\/schema.org\",\"@graph\":[{\"@type\":\"WebPage\",\"@id\":\"https:\/\/vanxuanlogistics.com\/elements\/countdown\/\",\"url\":\"https:\/\/vanxuanlogistics.com\/elements\/countdown\/\",\"name\":\"Countdown - V\u1ea1n Xu\u00e2n Logistics\",\"isPartOf\":{\"@id\":\"https:\/\/vanxuanlogistics.com\/#website\"},\"datePublished\":\"2016-03-31T13:48:41+00:00\",\"dateModified\":\"2023-05-22T02:00:47+00:00\",\"breadcrumb\":{\"@id\":\"https:\/\/vanxuanlogistics.com\/elements\/countdown\/#breadcrumb\"},\"inLanguage\":\"en-US\",\"potentialAction\":[{\"@type\":\"ReadAction\",\"target\":[\"https:\/\/vanxuanlogistics.com\/elements\/countdown\/\"]}]},{\"@type\":\"BreadcrumbList\",\"@id\":\"https:\/\/vanxuanlogistics.com\/elements\/countdown\/#breadcrumb\",\"itemListElement\":[{\"@type\":\"ListItem\",\"position\":1,\"name\":\"Elements\",\"item\":\"https:\/\/vanxuanlogistics.com\/elements\/\"},{\"@type\":\"ListItem\",\"position\":2,\"name\":\"Countdown\"}]},{\"@type\":\"WebSite\",\"@id\":\"https:\/\/vanxuanlogistics.com\/#website\",\"url\":\"https:\/\/vanxuanlogistics.com\/\",\"name\":\"V\u1ea1n Xu\u00e2n Logistics\",\"description\":\"\u0110\u1ed3ng h\u00e0nh c\u00f9ng ph\u00e1t tri\u1ec3n\",\"publisher\":{\"@id\":\"https:\/\/vanxuanlogistics.com\/#organization\"},\"potentialAction\":[{\"@type\":\"SearchAction\",\"target\":{\"@type\":\"EntryPoint\",\"urlTemplate\":\"https:\/\/vanxuanlogistics.com\/?s={search_term_string}\"},\"query-input\":\"required name=search_term_string\"}],\"inLanguage\":\"en-US\"},{\"@type\":\"Organization\",\"@id\":\"https:\/\/vanxuanlogistics.com\/#organization\",\"name\":\"V\u1ea1n Xu\u00e2n Logistics\",\"url\":\"https:\/\/vanxuanlogistics.com\/\",\"logo\":{\"@type\":\"ImageObject\",\"inLanguage\":\"en-US\",\"@id\":\"https:\/\/vanxuanlogistics.com\/#\/schema\/logo\/image\/\",\"url\":\"https:\/\/vanxuanlogistics.com\/wp-content\/uploads\/2023\/06\/cropped-29383121_transparent-2.png\",\"contentUrl\":\"https:\/\/vanxuanlogistics.com\/wp-content\/uploads\/2023\/06\/cropped-29383121_transparent-2.png\",\"width\":512,\"height\":512,\"caption\":\"V\u1ea1n Xu\u00e2n Logistics\"},\"image\":{\"@id\":\"https:\/\/vanxuanlogistics.com\/#\/schema\/logo\/image\/\"}}]}<\/script>\n<!-- \/ Yoast SEO plugin. -->","yoast_head_json":{"title":"Countdown - V\u1ea1n Xu\u00e2n Logistics","robots":{"index":"noindex","follow":"follow","max-snippet":"max-snippet:-1","max-image-preview":"max-image-preview:large","max-video-preview":"max-video-preview:-1"},"og_locale":"en_US","og_type":"article","og_title":"Countdown - V\u1ea1n Xu\u00e2n Logistics","og_url":"https:\/\/vanxuanlogistics.com\/en\/elements\/countdown\/","og_site_name":"V\u1ea1n Xu\u00e2n Logistics","article_modified_time":"2023-05-22T02:00:47+00:00","og_image":[{"width":400,"height":260,"url":"https:\/\/vanxuanlogistics.com\/wp-content\/uploads\/2016\/08\/dummy-1.jpg","type":"image\/jpeg"}],"twitter_card":"summary_large_image","twitter_misc":{"Est. reading time":"1 minute"},"schema":{"@context":"https:\/\/schema.org","@graph":[{"@type":"WebPage","@id":"https:\/\/vanxuanlogistics.com\/elements\/countdown\/","url":"https:\/\/vanxuanlogistics.com\/elements\/countdown\/","name":"Countdown - V\u1ea1n Xu\u00e2n Logistics","isPartOf":{"@id":"https:\/\/vanxuanlogistics.com\/#website"},"datePublished":"2016-03-31T13:48:41+00:00","dateModified":"2023-05-22T02:00:47+00:00","breadcrumb":{"@id":"https:\/\/vanxuanlogistics.com\/elements\/countdown\/#breadcrumb"},"inLanguage":"en-US","potentialAction":[{"@type":"ReadAction","target":["https:\/\/vanxuanlogistics.com\/elements\/countdown\/"]}]},{"@type":"BreadcrumbList","@id":"https:\/\/vanxuanlogistics.com\/elements\/countdown\/#breadcrumb","itemListElement":[{"@type":"ListItem","position":1,"name":"Elements","item":"https:\/\/vanxuanlogistics.com\/elements\/"},{"@type":"ListItem","position":2,"name":"Countdown"}]},{"@type":"WebSite","@id":"https:\/\/vanxuanlogistics.com\/#website","url":"https:\/\/vanxuanlogistics.com\/","name":"V\u1ea1n Xu\u00e2n Logistics","description":"\u0110\u1ed3ng h\u00e0nh c\u00f9ng ph\u00e1t tri\u1ec3n","publisher":{"@id":"https:\/\/vanxuanlogistics.com\/#organization"},"potentialAction":[{"@type":"SearchAction","target":{"@type":"EntryPoint","urlTemplate":"https:\/\/vanxuanlogistics.com\/?s={search_term_string}"},"query-input":"required name=search_term_string"}],"inLanguage":"en-US"},{"@type":"Organization","@id":"https:\/\/vanxuanlogistics.com\/#organization","name":"V\u1ea1n Xu\u00e2n Logistics","url":"https:\/\/vanxuanlogistics.com\/","logo":{"@type":"ImageObject","inLanguage":"en-US","@id":"https:\/\/vanxuanlogistics.com\/#\/schema\/logo\/image\/","url":"https:\/\/vanxuanlogistics.com\/wp-content\/uploads\/2023\/06\/cropped-29383121_transparent-2.png","contentUrl":"https:\/\/vanxuanlogistics.com\/wp-content\/uploads\/2023\/06\/cropped-29383121_transparent-2.png","width":512,"height":512,"caption":"V\u1ea1n Xu\u00e2n Logistics"},"image":{"@id":"https:\/\/vanxuanlogistics.com\/#\/schema\/logo\/image\/"}}]}},"_links":{"self":[{"href":"https:\/\/vanxuanlogistics.com\/en\/wp-json\/wp\/v2\/pages\/11837"}],"collection":[{"href":"https:\/\/vanxuanlogistics.com\/en\/wp-json\/wp\/v2\/pages"}],"about":[{"href":"https:\/\/vanxuanlogistics.com\/en\/wp-json\/wp\/v2\/types\/page"}],"author":[{"embeddable":true,"href":"https:\/\/vanxuanlogistics.com\/en\/wp-json\/wp\/v2\/users\/2"}],"replies":[{"embeddable":true,"href":"https:\/\/vanxuanlogistics.com\/en\/wp-json\/wp\/v2\/comments?post=11837"}],"version-history":[{"count":1,"href":"https:\/\/vanxuanlogistics.com\/en\/wp-json\/wp\/v2\/pages\/11837\/revisions"}],"predecessor-version":[{"id":11924,"href":"https:\/\/vanxuanlogistics.com\/en\/wp-json\/wp\/v2\/pages\/11837\/revisions\/11924"}],"up":[{"embeddable":true,"href":"https:\/\/vanxuanlogistics.com\/en\/wp-json\/wp\/v2\/pages\/11898"}],"wp:featuredmedia":[{"embeddable":true,"href":"https:\/\/vanxuanlogistics.com\/en\/wp-json\/wp\/v2\/media\/11799"}],"wp:attachment":[{"href":"https:\/\/vanxuanlogistics.com\/en\/wp-json\/wp\/v2\/media?parent=11837"}],"curies":[{"name":"wp","href":"https:\/\/api.w.org\/{rel}","templated":true}]}}