{"id":11852,"date":"2016-03-31T14:32:39","date_gmt":"2016-03-31T14:32:39","guid":{"rendered":"http:\/\/flatsome.dev\/?page_id=7008"},"modified":"2016-03-31T14:32:39","modified_gmt":"2016-03-31T14:32:39","slug":"logo-4","status":"publish","type":"page","link":"https:\/\/vanxuanlogistics.com\/en\/logo-4\/","title":{"rendered":"Logo"},"content":{"rendered":"<div class=\"banner has-hover\" id=\"banner-1123935055\">\n          <div class=\"banner-inner fill\">\n        <div class=\"banner-bg fill\" >\n            <div class=\"bg fill bg-fill\"><\/div>\n                        <div class=\"overlay\"><\/div>            \n                    <\/div>\n\t\t\n        <div class=\"banner-layers container\">\n            <div class=\"fill banner-link\"><\/div>            \n   <div id=\"text-box-1714163389\" class=\"text-box banner-layer x50 md-x50 lg-x50 y50 md-y50 lg-y50 res-text\">\n                                <div class=\"text-box-content text dark\">\n              \n              <div class=\"text-inner text-center\">\n                  \n<h3 class=\"uppercase\"><strong>LOGO ELEMENT<\/strong><\/h3>\n<p>Lorem ipsum dolor sit amet, consectetuer adipiscing elit, sed diam nonummy nibh euismod tincidunt ut laoreet dolore magna aliquam erat volutpat.<\/p>\n              <\/div>\n           <\/div>\n                            \n<style>\n#text-box-1714163389 {\n  width: 51%;\n}\n#text-box-1714163389 .text-box-content {\n  font-size: 100%;\n}\n<\/style>\n    <\/div>\n \n        <\/div>\n      <\/div>\n\n            \n<style>\n#banner-1123935055 {\n  padding-top: 375px;\n  background-color: rgb(0, 0, 0);\n}\n#banner-1123935055 .bg.bg-loaded {\n  background-image: url(https:\/\/vanxuanlogistics.com\/wp-content\/uploads\/2016\/08\/dummy-2.jpg);\n}\n#banner-1123935055 .overlay {\n  background-color: rgba(0, 0, 0, 0.36);\n}\n<\/style>\n  <\/div>\n\n\n<div class=\"container section-title-container\" ><h3 class=\"section-title section-title-center\"><b><\/b><span class=\"section-title-main\" >Normal logos<\/span><b><\/b><\/h3><\/div>\n<div class=\"row\"  id=\"row-1609338536\">\n\n\t<div id=\"col-1305057720\" class=\"col small-12 large-12\"  >\n\t\t\t\t<div class=\"col-inner text-center\"  >\n\t\t\t\n\t\t\t\n<div class=\"ux-logo has-hover align-middle ux_logo inline-block\" style=\"max-width: 100%!important; width: 106.92307692308px!important\"><div class=\"ux-logo-link block image-color\" title=\"\" href=\"\" style=\"padding: 15px;\"><img src=\"https:\/\/vanxuanlogistics.com\/wp-content\/uploads\/2016\/08\/dummy-1.jpg\" title=\"\" alt=\"\" class=\"ux-logo-image block\" style=\"height:50px;\" \/><\/div><\/div>\n<div class=\"ux-logo has-hover align-middle ux_logo inline-block\" style=\"max-width: 100%!important; width: 106.92307692308px!important\"><div class=\"ux-logo-link block image-color\" title=\"\" href=\"\" style=\"padding: 15px;\"><img src=\"https:\/\/vanxuanlogistics.com\/wp-content\/uploads\/2016\/08\/dummy-1.jpg\" title=\"\" alt=\"\" class=\"ux-logo-image block\" style=\"height:50px;\" \/><\/div><\/div>\n<div class=\"ux-logo has-hover align-middle ux_logo inline-block\" style=\"max-width: 100%!important; width: 106.92307692308px!important\"><div class=\"ux-logo-link block image-\" title=\"\" href=\"\" style=\"padding: 15px;\"><img src=\"https:\/\/vanxuanlogistics.com\/wp-content\/uploads\/2016\/08\/dummy-1.jpg\" title=\"\" alt=\"\" class=\"ux-logo-image block\" style=\"height:50px;\" \/><\/div><\/div>\n<div class=\"ux-logo has-hover align-middle ux_logo inline-block\" style=\"max-width: 100%!important; width: 106.92307692308px!important\"><div class=\"ux-logo-link block image-\" title=\"\" href=\"\" style=\"padding: 15px;\"><img src=\"https:\/\/vanxuanlogistics.com\/wp-content\/uploads\/2016\/08\/dummy-1.jpg\" title=\"\" alt=\"\" class=\"ux-logo-image block\" style=\"height:50px;\" \/><\/div><\/div>\n<div class=\"ux-logo has-hover align-middle ux_logo inline-block\" style=\"max-width: 100%!important; width: 106.92307692308px!important\"><div class=\"ux-logo-link block image-\" title=\"\" href=\"\" style=\"padding: 15px;\"><img src=\"https:\/\/vanxuanlogistics.com\/wp-content\/uploads\/2016\/08\/dummy-1.jpg\" title=\"\" alt=\"\" class=\"ux-logo-image block\" style=\"height:50px;\" \/><\/div><\/div>\n<div class=\"ux-logo has-hover align-middle ux_logo inline-block\" style=\"max-width: 100%!important; width: 106.92307692308px!important\"><div class=\"ux-logo-link block image-\" title=\"\" href=\"\" style=\"padding: 15px;\"><img src=\"https:\/\/vanxuanlogistics.com\/wp-content\/uploads\/2016\/08\/dummy-1.jpg\" title=\"\" alt=\"\" class=\"ux-logo-image block\" style=\"height:50px;\" \/><\/div><\/div>\n\t\t<\/div>\n\t\t\t\t\t<\/div>\n\n\t\n<\/div>\n<div class=\"container section-title-container\" style=\"margin-top:19px;\"><h3 class=\"section-title section-title-center\"><b><\/b><span class=\"section-title-main\" >Logos in a Dashed Grid<\/span><b><\/b><\/h3><\/div>\n<div class=\"row align-middle row-dashed\"  id=\"row-1010098754\">\n\n\t<div id=\"col-176308268\" class=\"col medium-4 small-12 large-4\"  >\n\t\t\t\t<div class=\"col-inner text-center\"  >\n\t\t\t\n\t\t\t\n<div class=\"ux-logo has-hover align-middle ux_logo inline-block\" style=\"max-width: 100%!important; width: 106.92307692308px!important\"><div class=\"ux-logo-link block image-overlay-add\" title=\"\" href=\"\" style=\"padding: 15px;\"><img src=\"https:\/\/vanxuanlogistics.com\/wp-content\/uploads\/2016\/08\/dummy-1.jpg\" title=\"\" alt=\"\" class=\"ux-logo-image block\" style=\"height:50px;\" \/><\/div><\/div>\n\t\t<\/div>\n\t\t\t\t\t<\/div>\n\n\t\n\n\t<div id=\"col-1532778959\" class=\"col medium-4 small-12 large-4\"  >\n\t\t\t\t<div class=\"col-inner text-center\"  >\n\t\t\t\n\t\t\t\n<div class=\"ux-logo has-hover align-middle ux_logo inline-block\" style=\"max-width: 100%!important; width: 106.92307692308px!important\"><div class=\"ux-logo-link block image-color\" title=\"\" href=\"\" style=\"padding: 15px;\"><img src=\"https:\/\/vanxuanlogistics.com\/wp-content\/uploads\/2016\/08\/dummy-1.jpg\" title=\"\" alt=\"\" class=\"ux-logo-image block\" style=\"height:50px;\" \/><\/div><\/div>\n\t\t<\/div>\n\t\t\t\t\t<\/div>\n\n\t\n\n\t<div id=\"col-1484979765\" class=\"col medium-4 small-12 large-4\"  >\n\t\t\t\t<div class=\"col-inner text-center\"  >\n\t\t\t\n\t\t\t\n<div class=\"ux-logo has-hover align-middle ux_logo inline-block\" style=\"max-width: 100%!important; width: 106.92307692308px!important\"><div class=\"ux-logo-link block image-color\" title=\"\" href=\"\" style=\"padding: 15px;\"><img src=\"https:\/\/vanxuanlogistics.com\/wp-content\/uploads\/2016\/08\/dummy-1.jpg\" title=\"\" alt=\"\" class=\"ux-logo-image block\" style=\"height:50px;\" \/><\/div><\/div>\n\t\t<\/div>\n\t\t\t\t\t<\/div>\n\n\t\n\n\t<div id=\"col-2094874325\" class=\"col medium-4 small-12 large-4\"  >\n\t\t\t\t<div class=\"col-inner text-center\"  >\n\t\t\t\n\t\t\t\n<div class=\"ux-logo has-hover align-middle ux_logo inline-block\" style=\"max-width: 100%!important; width: 106.92307692308px!important\"><div class=\"ux-logo-link block image-color\" title=\"\" href=\"\" style=\"padding: 15px;\"><img src=\"https:\/\/vanxuanlogistics.com\/wp-content\/uploads\/2016\/08\/dummy-1.jpg\" title=\"\" alt=\"\" class=\"ux-logo-image block\" style=\"height:50px;\" \/><\/div><\/div>\n\t\t<\/div>\n\t\t\t\t\t<\/div>\n\n\t\n\n\t<div id=\"col-258962434\" class=\"col medium-4 small-12 large-4\"  >\n\t\t\t\t<div class=\"col-inner text-center\"  >\n\t\t\t\n\t\t\t\n<div class=\"ux-logo has-hover align-middle ux_logo inline-block\" style=\"max-width: 100%!important; width: 106.92307692308px!important\"><div class=\"ux-logo-link block image-color\" title=\"\" href=\"\" style=\"padding: 15px;\"><img src=\"https:\/\/vanxuanlogistics.com\/wp-content\/uploads\/2016\/08\/dummy-1.jpg\" title=\"\" alt=\"\" class=\"ux-logo-image block\" style=\"height:50px;\" \/><\/div><\/div>\n\t\t<\/div>\n\t\t\t\t\t<\/div>\n\n\t\n\n\t<div id=\"col-724680510\" class=\"col medium-4 small-12 large-4\"  >\n\t\t\t\t<div class=\"col-inner text-center\"  >\n\t\t\t\n\t\t\t\n<div class=\"ux-logo has-hover align-middle ux_logo inline-block\" style=\"max-width: 100%!important; width: 106.92307692308px!important\"><div class=\"ux-logo-link block image-color\" title=\"\" href=\"\" style=\"padding: 15px;\"><img src=\"https:\/\/vanxuanlogistics.com\/wp-content\/uploads\/2016\/08\/dummy-1.jpg\" title=\"\" alt=\"\" class=\"ux-logo-image block\" style=\"height:50px;\" \/><\/div><\/div>\n\t\t<\/div>\n\t\t\t\t\t<\/div>\n\n\t\n\n\t<div id=\"col-1241844476\" class=\"col medium-4 small-12 large-4\"  >\n\t\t\t\t<div class=\"col-inner text-center\"  >\n\t\t\t\n\t\t\t\n<div class=\"ux-logo has-hover align-middle ux_logo inline-block\" style=\"max-width: 100%!important; width: 106.92307692308px!important\"><div class=\"ux-logo-link block image-color\" title=\"\" href=\"\" style=\"padding: 15px;\"><img src=\"https:\/\/vanxuanlogistics.com\/wp-content\/uploads\/2016\/08\/dummy-1.jpg\" title=\"\" alt=\"\" class=\"ux-logo-image block\" style=\"height:50px;\" \/><\/div><\/div>\n\t\t<\/div>\n\t\t\t\t\t<\/div>\n\n\t\n\n\t<div id=\"col-438195296\" class=\"col medium-4 small-12 large-4\"  >\n\t\t\t\t<div class=\"col-inner text-center\"  >\n\t\t\t\n\t\t\t\n<div class=\"ux-logo has-hover align-middle ux_logo inline-block\" style=\"max-width: 100%!important; width: 106.92307692308px!important\"><div class=\"ux-logo-link block image-color\" title=\"\" href=\"\" style=\"padding: 15px;\"><img src=\"https:\/\/vanxuanlogistics.com\/wp-content\/uploads\/2016\/08\/dummy-1.jpg\" title=\"\" alt=\"\" class=\"ux-logo-image block\" style=\"height:50px;\" \/><\/div><\/div>\n\t\t<\/div>\n\t\t\t\t\t<\/div>\n\n\t\n\n\t<div id=\"col-1118869124\" class=\"col medium-4 small-12 large-4\"  >\n\t\t\t\t<div class=\"col-inner text-center\"  >\n\t\t\t\n\t\t\t\n<div class=\"ux-logo has-hover align-middle ux_logo inline-block\" style=\"max-width: 100%!important; width: 106.92307692308px!important\"><div class=\"ux-logo-link block image-color\" title=\"\" href=\"\" style=\"padding: 15px;\"><img src=\"https:\/\/vanxuanlogistics.com\/wp-content\/uploads\/2016\/08\/dummy-1.jpg\" title=\"\" alt=\"\" class=\"ux-logo-image block\" style=\"height:50px;\" \/><\/div><\/div>\n\t\t<\/div>\n\t\t\t\t\t<\/div>\n\n\t\n<\/div>\n<div class=\"container section-title-container\" style=\"margin-top:57px;\"><h3 class=\"section-title section-title-center\"><b><\/b><span class=\"section-title-main\" >Logos in a Slider<\/span><b><\/b><\/h3><\/div>\n<div class=\"row\"  id=\"row-828797360\">\n\n\t<div id=\"col-511937213\" class=\"col small-12 large-12\"  >\n\t\t\t\t<div class=\"col-inner\"  >\n\t\t\t\n\t\t\t\n<div class=\"slider-wrapper relative\" id=\"slider-359216509\" >\n    <div class=\"slider slider-nav-simple slider-nav-large slider-nav-dark slider-nav-outside slider-style-normal slider-show-nav\"\n        data-flickity-options='{            \"cellAlign\": \"center\",            \"imagesLoaded\": true,            \"lazyLoad\": 1,            \"freeScroll\": true,            \"wrapAround\": true,            \"autoPlay\": 6000,            \"pauseAutoPlayOnHover\" : true,            \"prevNextButtons\": true,            \"contain\" : true,            \"adaptiveHeight\" : true,            \"dragThreshold\" : 10,            \"percentPosition\": true,            \"pageDots\": false,            \"rightToLeft\": false,            \"draggable\": true,            \"selectedAttraction\": 0.1,            \"parallax\" : 0,            \"friction\": 0.6        }'\n        >\n        \n<div class=\"ux-logo has-hover align-middle ux_logo inline-block\" style=\"max-width: 100%!important; width: 106.92307692308px!important\"><div class=\"ux-logo-link block image-color\" title=\"\" href=\"\" style=\"padding: 15px;\"><img src=\"https:\/\/vanxuanlogistics.com\/wp-content\/uploads\/2016\/08\/dummy-1.jpg\" title=\"\" alt=\"\" class=\"ux-logo-image block\" style=\"height:50px;\" \/><\/div><\/div>\n<div class=\"ux-logo has-hover align-middle ux_logo inline-block\" style=\"max-width: 100%!important; width: 106.92307692308px!important\"><div class=\"ux-logo-link block image-color\" title=\"\" href=\"\" style=\"padding: 15px;\"><img src=\"https:\/\/vanxuanlogistics.com\/wp-content\/uploads\/2016\/08\/dummy-1.jpg\" title=\"\" alt=\"\" class=\"ux-logo-image block\" style=\"height:50px;\" \/><\/div><\/div>\n<div class=\"ux-logo has-hover align-middle ux_logo inline-block\" style=\"max-width: 100%!important; width: 106.92307692308px!important\"><div class=\"ux-logo-link block image-color\" title=\"\" href=\"\" style=\"padding: 15px;\"><img src=\"https:\/\/vanxuanlogistics.com\/wp-content\/uploads\/2016\/08\/dummy-1.jpg\" title=\"\" alt=\"\" class=\"ux-logo-image block\" style=\"height:50px;\" \/><\/div><\/div>\n<div class=\"ux-logo has-hover align-middle ux_logo inline-block\" style=\"max-width: 100%!important; width: 106.92307692308px!important\"><div class=\"ux-logo-link block image-color\" title=\"\" href=\"\" style=\"padding: 15px;\"><img src=\"https:\/\/vanxuanlogistics.com\/wp-content\/uploads\/2016\/08\/dummy-1.jpg\" title=\"\" alt=\"\" class=\"ux-logo-image block\" style=\"height:50px;\" \/><\/div><\/div>\n<div class=\"ux-logo has-hover align-middle ux_logo inline-block\" style=\"max-width: 100%!important; width: 106.92307692308px!important\"><div class=\"ux-logo-link block image-color\" title=\"\" href=\"\" style=\"padding: 15px;\"><img src=\"https:\/\/vanxuanlogistics.com\/wp-content\/uploads\/2016\/08\/dummy-1.jpg\" title=\"\" alt=\"\" class=\"ux-logo-image block\" style=\"height:50px;\" \/><\/div><\/div>\n<div class=\"ux-logo has-hover align-middle ux_logo inline-block\" style=\"max-width: 100%!important; width: 106.92307692308px!important\"><div class=\"ux-logo-link block image-color\" title=\"\" href=\"\" style=\"padding: 15px;\"><img src=\"https:\/\/vanxuanlogistics.com\/wp-content\/uploads\/2016\/08\/dummy-1.jpg\" title=\"\" alt=\"\" class=\"ux-logo-image block\" style=\"height:50px;\" \/><\/div><\/div>\n<div class=\"ux-logo has-hover align-middle ux_logo inline-block\" style=\"max-width: 100%!important; width: 106.92307692308px!important\"><div class=\"ux-logo-link block image-color\" title=\"\" href=\"\" style=\"padding: 15px;\"><img src=\"https:\/\/vanxuanlogistics.com\/wp-content\/uploads\/2016\/08\/dummy-1.jpg\" title=\"\" alt=\"\" class=\"ux-logo-image block\" style=\"height:50px;\" \/><\/div><\/div>\n     <\/div>\n\n     <div class=\"loading-spin dark large centered\"><\/div>\n\n\t<\/div>\n\n\n\t\t<\/div>\n\t\t\t\t\t<\/div>\n\n\t\n<\/div>\n<div class=\"container section-title-container\" style=\"margin-top:57px;\"><h3 class=\"section-title section-title-center\"><b><\/b><span class=\"section-title-main\" >Logos in a Full width slider<\/span><b><\/b><\/h3><\/div>\n<div class=\"slider-wrapper relative\" id=\"slider-535963291\" style=\"background-color:rgb(247, 247, 247);\">\n    <div class=\"slider slider-nav-simple slider-nav-large slider-nav-dark slider-style-normal slider-show-nav\"\n        data-flickity-options='{            \"cellAlign\": \"center\",            \"imagesLoaded\": true,            \"lazyLoad\": 1,            \"freeScroll\": true,            \"wrapAround\": false,            \"autoPlay\": 6000,            \"pauseAutoPlayOnHover\" : true,            \"prevNextButtons\": true,            \"contain\" : true,            \"adaptiveHeight\" : true,            \"dragThreshold\" : 10,            \"percentPosition\": true,            \"pageDots\": false,            \"rightToLeft\": false,            \"draggable\": true,            \"selectedAttraction\": 0.1,            \"parallax\" : 0,            \"friction\": 0.6        }'\n        >\n        \n<div class=\"ux-logo has-hover align-middle ux_logo inline-block\" style=\"max-width: 100%!important; width: 106.92307692308px!important\"><div class=\"ux-logo-link block image-color\" title=\"\" href=\"\" style=\"padding: 15px;\"><img src=\"https:\/\/vanxuanlogistics.com\/wp-content\/uploads\/2016\/08\/dummy-1.jpg\" title=\"\" alt=\"\" class=\"ux-logo-image block\" style=\"height:50px;\" \/><\/div><\/div>\n<div class=\"ux-logo has-hover align-middle ux_logo inline-block\" style=\"max-width: 100%!important; width: 106.92307692308px!important\"><div class=\"ux-logo-link block image-color\" title=\"\" href=\"\" style=\"padding: 15px;\"><img src=\"https:\/\/vanxuanlogistics.com\/wp-content\/uploads\/2016\/08\/dummy-1.jpg\" title=\"\" alt=\"\" class=\"ux-logo-image block\" style=\"height:50px;\" \/><\/div><\/div>\n<div class=\"ux-logo has-hover align-middle ux_logo inline-block\" style=\"max-width: 100%!important; width: 106.92307692308px!important\"><div class=\"ux-logo-link block image-color\" title=\"\" href=\"\" style=\"padding: 15px;\"><img src=\"https:\/\/vanxuanlogistics.com\/wp-content\/uploads\/2016\/08\/dummy-1.jpg\" title=\"\" alt=\"\" class=\"ux-logo-image block\" style=\"height:50px;\" \/><\/div><\/div>\n<div class=\"ux-logo has-hover align-middle ux_logo inline-block\" style=\"max-width: 100%!important; width: 106.92307692308px!important\"><div class=\"ux-logo-link block image-color\" title=\"\" href=\"\" style=\"padding: 15px;\"><img src=\"https:\/\/vanxuanlogistics.com\/wp-content\/uploads\/2016\/08\/dummy-1.jpg\" title=\"\" alt=\"\" class=\"ux-logo-image block\" style=\"height:50px;\" \/><\/div><\/div>\n<div class=\"ux-logo has-hover align-middle ux_logo inline-block\" style=\"max-width: 100%!important; width: 106.92307692308px!important\"><div class=\"ux-logo-link block image-color\" title=\"\" href=\"\" style=\"padding: 15px;\"><img src=\"https:\/\/vanxuanlogistics.com\/wp-content\/uploads\/2016\/08\/dummy-1.jpg\" title=\"\" alt=\"\" class=\"ux-logo-image block\" style=\"height:50px;\" \/><\/div><\/div>\n<div class=\"ux-logo has-hover align-middle ux_logo inline-block\" style=\"max-width: 100%!important; width: 106.92307692308px!important\"><div class=\"ux-logo-link block image-color\" title=\"\" href=\"\" style=\"padding: 15px;\"><img src=\"https:\/\/vanxuanlogistics.com\/wp-content\/uploads\/2016\/08\/dummy-1.jpg\" title=\"\" alt=\"\" class=\"ux-logo-image block\" style=\"height:50px;\" \/><\/div><\/div>\n<div class=\"ux-logo has-hover align-middle ux_logo inline-block\" style=\"max-width: 100%!important; width: 106.92307692308px!important\"><div class=\"ux-logo-link block image-color\" title=\"\" href=\"\" style=\"padding: 15px;\"><img src=\"https:\/\/vanxuanlogistics.com\/wp-content\/uploads\/2016\/08\/dummy-1.jpg\" title=\"\" alt=\"\" class=\"ux-logo-image block\" style=\"height:50px;\" \/><\/div><\/div>\n<div class=\"ux-logo has-hover align-middle ux_logo inline-block\" style=\"max-width: 100%!important; width: 106.92307692308px!important\"><div class=\"ux-logo-link block image-color\" title=\"\" href=\"\" style=\"padding: 15px;\"><img src=\"https:\/\/vanxuanlogistics.com\/wp-content\/uploads\/2016\/08\/dummy-1.jpg\" title=\"\" alt=\"\" class=\"ux-logo-image block\" style=\"height:50px;\" \/><\/div><\/div>\n<div class=\"ux-logo has-hover align-middle ux_logo inline-block\" style=\"max-width: 100%!important; width: 106.92307692308px!important\"><div class=\"ux-logo-link block image-color\" title=\"\" href=\"\" style=\"padding: 15px;\"><img src=\"https:\/\/vanxuanlogistics.com\/wp-content\/uploads\/2016\/08\/dummy-1.jpg\" title=\"\" alt=\"\" class=\"ux-logo-image block\" style=\"height:50px;\" \/><\/div><\/div>\n<div class=\"ux-logo has-hover align-middle ux_logo inline-block\" style=\"max-width: 100%!important; width: 106.92307692308px!important\"><div class=\"ux-logo-link block image-color\" title=\"\" href=\"\" style=\"padding: 15px;\"><img src=\"https:\/\/vanxuanlogistics.com\/wp-content\/uploads\/2016\/08\/dummy-1.jpg\" title=\"\" alt=\"\" class=\"ux-logo-image block\" style=\"height:50px;\" \/><\/div><\/div>\n<div class=\"ux-logo has-hover align-middle ux_logo inline-block\" style=\"max-width: 100%!important; width: 106.92307692308px!important\"><div class=\"ux-logo-link block image-color\" title=\"\" href=\"\" style=\"padding: 15px;\"><img src=\"https:\/\/vanxuanlogistics.com\/wp-content\/uploads\/2016\/08\/dummy-1.jpg\" title=\"\" alt=\"\" class=\"ux-logo-image block\" style=\"height:50px;\" \/><\/div><\/div>\n<div class=\"ux-logo has-hover align-middle ux_logo inline-block\" style=\"max-width: 100%!important; width: 106.92307692308px!important\"><div class=\"ux-logo-link block image-color\" title=\"\" href=\"\" style=\"padding: 15px;\"><img src=\"https:\/\/vanxuanlogistics.com\/wp-content\/uploads\/2016\/08\/dummy-1.jpg\" title=\"\" alt=\"\" class=\"ux-logo-image block\" style=\"height:50px;\" \/><\/div><\/div>\n     <\/div>\n\n     <div class=\"loading-spin dark large centered\"><\/div>\n\n\t<\/div>","protected":false},"excerpt":{"rendered":"","protected":false},"author":2,"featured_media":11799,"parent":0,"menu_order":99,"comment_status":"closed","ping_status":"closed","template":"page-blank.php","meta":{"inline_featured_image":false},"yoast_head":"<!-- This site is optimized with the Yoast SEO plugin v20.5 - https:\/\/yoast.com\/wordpress\/plugins\/seo\/ -->\n<title>Logo - V\u1ea1n Xu\u00e2n Logistics<\/title>\n<meta name=\"robots\" content=\"noindex, follow, max-snippet:-1, max-image-preview:large, max-video-preview:-1\" \/>\n<meta property=\"og:locale\" content=\"en_US\" \/>\n<meta property=\"og:type\" content=\"article\" \/>\n<meta property=\"og:title\" content=\"Logo - V\u1ea1n Xu\u00e2n Logistics\" \/>\n<meta property=\"og:url\" content=\"https:\/\/vanxuanlogistics.com\/en\/logo-4\/\" \/>\n<meta property=\"og:site_name\" content=\"V\u1ea1n Xu\u00e2n Logistics\" \/>\n<meta property=\"og:image\" content=\"https:\/\/vanxuanlogistics.com\/wp-content\/uploads\/2016\/08\/dummy-1.jpg\" \/>\n\t<meta property=\"og:image:width\" content=\"400\" \/>\n\t<meta property=\"og:image:height\" content=\"260\" \/>\n\t<meta property=\"og:image:type\" content=\"image\/jpeg\" \/>\n<meta name=\"twitter:card\" content=\"summary_large_image\" \/>\n<meta name=\"twitter:label1\" content=\"Est. reading time\" \/>\n\t<meta name=\"twitter:data1\" content=\"2 minutes\" \/>\n<script type=\"application\/ld+json\" class=\"yoast-schema-graph\">{\"@context\":\"https:\/\/schema.org\",\"@graph\":[{\"@type\":\"WebPage\",\"@id\":\"https:\/\/vanxuanlogistics.com\/logo-4\/\",\"url\":\"https:\/\/vanxuanlogistics.com\/logo-4\/\",\"name\":\"Logo - V\u1ea1n Xu\u00e2n Logistics\",\"isPartOf\":{\"@id\":\"https:\/\/vanxuanlogistics.com\/#website\"},\"datePublished\":\"2016-03-31T14:32:39+00:00\",\"dateModified\":\"2016-03-31T14:32:39+00:00\",\"inLanguage\":\"en-US\",\"potentialAction\":[{\"@type\":\"ReadAction\",\"target\":[\"https:\/\/vanxuanlogistics.com\/logo-4\/\"]}]},{\"@type\":\"WebSite\",\"@id\":\"https:\/\/vanxuanlogistics.com\/#website\",\"url\":\"https:\/\/vanxuanlogistics.com\/\",\"name\":\"V\u1ea1n Xu\u00e2n Logistics\",\"description\":\"\u0110\u1ed3ng h\u00e0nh c\u00f9ng ph\u00e1t tri\u1ec3n\",\"publisher\":{\"@id\":\"https:\/\/vanxuanlogistics.com\/#organization\"},\"potentialAction\":[{\"@type\":\"SearchAction\",\"target\":{\"@type\":\"EntryPoint\",\"urlTemplate\":\"https:\/\/vanxuanlogistics.com\/?s={search_term_string}\"},\"query-input\":\"required name=search_term_string\"}],\"inLanguage\":\"en-US\"},{\"@type\":\"Organization\",\"@id\":\"https:\/\/vanxuanlogistics.com\/#organization\",\"name\":\"V\u1ea1n Xu\u00e2n Logistics\",\"url\":\"https:\/\/vanxuanlogistics.com\/\",\"logo\":{\"@type\":\"ImageObject\",\"inLanguage\":\"en-US\",\"@id\":\"https:\/\/vanxuanlogistics.com\/#\/schema\/logo\/image\/\",\"url\":\"https:\/\/vanxuanlogistics.com\/wp-content\/uploads\/2023\/06\/cropped-29383121_transparent-2.png\",\"contentUrl\":\"https:\/\/vanxuanlogistics.com\/wp-content\/uploads\/2023\/06\/cropped-29383121_transparent-2.png\",\"width\":512,\"height\":512,\"caption\":\"V\u1ea1n Xu\u00e2n Logistics\"},\"image\":{\"@id\":\"https:\/\/vanxuanlogistics.com\/#\/schema\/logo\/image\/\"}}]}<\/script>\n<!-- \/ Yoast SEO plugin. -->","yoast_head_json":{"title":"Logo - V\u1ea1n Xu\u00e2n Logistics","robots":{"index":"noindex","follow":"follow","max-snippet":"max-snippet:-1","max-image-preview":"max-image-preview:large","max-video-preview":"max-video-preview:-1"},"og_locale":"en_US","og_type":"article","og_title":"Logo - V\u1ea1n Xu\u00e2n Logistics","og_url":"https:\/\/vanxuanlogistics.com\/en\/logo-4\/","og_site_name":"V\u1ea1n Xu\u00e2n Logistics","og_image":[{"width":400,"height":260,"url":"https:\/\/vanxuanlogistics.com\/wp-content\/uploads\/2016\/08\/dummy-1.jpg","type":"image\/jpeg"}],"twitter_card":"summary_large_image","twitter_misc":{"Est. reading time":"2 minutes"},"schema":{"@context":"https:\/\/schema.org","@graph":[{"@type":"WebPage","@id":"https:\/\/vanxuanlogistics.com\/logo-4\/","url":"https:\/\/vanxuanlogistics.com\/logo-4\/","name":"Logo - V\u1ea1n Xu\u00e2n Logistics","isPartOf":{"@id":"https:\/\/vanxuanlogistics.com\/#website"},"datePublished":"2016-03-31T14:32:39+00:00","dateModified":"2016-03-31T14:32:39+00:00","inLanguage":"en-US","potentialAction":[{"@type":"ReadAction","target":["https:\/\/vanxuanlogistics.com\/logo-4\/"]}]},{"@type":"WebSite","@id":"https:\/\/vanxuanlogistics.com\/#website","url":"https:\/\/vanxuanlogistics.com\/","name":"V\u1ea1n Xu\u00e2n Logistics","description":"\u0110\u1ed3ng h\u00e0nh c\u00f9ng ph\u00e1t tri\u1ec3n","publisher":{"@id":"https:\/\/vanxuanlogistics.com\/#organization"},"potentialAction":[{"@type":"SearchAction","target":{"@type":"EntryPoint","urlTemplate":"https:\/\/vanxuanlogistics.com\/?s={search_term_string}"},"query-input":"required name=search_term_string"}],"inLanguage":"en-US"},{"@type":"Organization","@id":"https:\/\/vanxuanlogistics.com\/#organization","name":"V\u1ea1n Xu\u00e2n Logistics","url":"https:\/\/vanxuanlogistics.com\/","logo":{"@type":"ImageObject","inLanguage":"en-US","@id":"https:\/\/vanxuanlogistics.com\/#\/schema\/logo\/image\/","url":"https:\/\/vanxuanlogistics.com\/wp-content\/uploads\/2023\/06\/cropped-29383121_transparent-2.png","contentUrl":"https:\/\/vanxuanlogistics.com\/wp-content\/uploads\/2023\/06\/cropped-29383121_transparent-2.png","width":512,"height":512,"caption":"V\u1ea1n Xu\u00e2n Logistics"},"image":{"@id":"https:\/\/vanxuanlogistics.com\/#\/schema\/logo\/image\/"}}]}},"_links":{"self":[{"href":"https:\/\/vanxuanlogistics.com\/en\/wp-json\/wp\/v2\/pages\/11852"}],"collection":[{"href":"https:\/\/vanxuanlogistics.com\/en\/wp-json\/wp\/v2\/pages"}],"about":[{"href":"https:\/\/vanxuanlogistics.com\/en\/wp-json\/wp\/v2\/types\/page"}],"author":[{"embeddable":true,"href":"https:\/\/vanxuanlogistics.com\/en\/wp-json\/wp\/v2\/users\/2"}],"replies":[{"embeddable":true,"href":"https:\/\/vanxuanlogistics.com\/en\/wp-json\/wp\/v2\/comments?post=11852"}],"version-history":[{"count":0,"href":"https:\/\/vanxuanlogistics.com\/en\/wp-json\/wp\/v2\/pages\/11852\/revisions"}],"wp:featuredmedia":[{"embeddable":true,"href":"https:\/\/vanxuanlogistics.com\/en\/wp-json\/wp\/v2\/media\/11799"}],"wp:attachment":[{"href":"https:\/\/vanxuanlogistics.com\/en\/wp-json\/wp\/v2\/media?parent=11852"}],"curies":[{"name":"wp","href":"https:\/\/api.w.org\/{rel}","templated":true}]}}