{"id":7467,"date":"2016-11-19T06:28:26","date_gmt":"2016-11-19T06:28:26","guid":{"rendered":"http:\/\/wedesignthemes.com\/themes\/testdata\/?page_id=7467"},"modified":"2023-05-10T14:33:59","modified_gmt":"2023-05-10T07:33:59","slug":"home","status":"publish","type":"page","link":"https:\/\/vanxuanlogistics.com\/en\/home\/","title":{"rendered":"Home"},"content":{"rendered":"[vc_row][vc_column el_class=&#8221;aligncenter&#8221;][dt_sc_simple_heading text=&#8221;<strong>ABOUT US<\/strong>&#8221; class=&#8221;aligncenter&#8221;]Lorem ipsum dolor sit amet, consectetur adipiscing elit. Morbi[\/dt_sc_simple_heading][vc_empty_space height=&#8221;45px&#8221;][\/vc_column][vc_column width=&#8221;1\/3&#8243;][vc_single_image image=&#8221;11651&#8243; img_size=&#8221;full&#8221;][\/vc_column][vc_column width=&#8221;2\/3&#8243;][vc_column_text]C\u00f4ng Ty CP \u0110\u1ea7u T\u01b0 Qu\u1ed1c t\u1ebf V\u1ea1n Xu\u00e2n l\u00e0 m\u1ed9t \u0111\u01a1n v\u1ecb chuy\u00ean v\u1ec1 l\u0129nh v\u1ef1c v\u1eadn t\u1ea3i. V\u1edbi h\u01a1n 20 n\u0103m kinh nghi\u1ec7m trong ng\u00e0nh, ch\u00fang t\u00f4i l\u00e0 \u0111\u1ed1i\u00a0 t\u00e1c tin c\u1eady cho c\u00e1c d\u1ecbch v\u1ee5 v\u1eadn chuy\u1ec3n h\u00e0ng ho\u00e1, logistics v\u00e0 d\u1ecbch v\u1ee5 li\u00ean quan.<\/p>\n<p>Our company operates on the ideal basis of \"<strong>Quality - Dedication - Prestige<\/strong>\".We are committed to providing our customers with professional, efficient and standard transportation services international standard. With a team of experienced staff, with a deep understanding of transportation processes,We ensure that the transportation of customers' goods will be professionally and safely operated and managed.<\/p>\n<p>We provide a wide range of transportation services, including road, air, marine and comprehensive logistics services.<\/p>\n<p>Our company has been serving a wide range of customers in many fields, including manufacturing, commerce, pharmaceuticals, electronics, food and many others.<\/p>\n<p>We are very pleased to serve our customers and partners. Please contact us for more detailed information about the professional transportation services we provide.<\/p>\n<p>C\u1ea3m \u01a1n qu\u00fd kh\u00e1ch h\u00e0ng v\u00e0 \u0111\u1ed1i t\u00e1c \u0111\u00e3 tin t\u01b0\u1edfng v\u00e0 \u0111\u1ed3ng h\u00e0nh c\u00f9ng c\u00f4ng ty ch\u00fang t\u00f4i trong su\u1ed1t th\u1eddi gian qua.[\/vc_column_text][\/vc_column][\/vc_row][vc_row full_width=&#8221;stretch_row&#8221; css=&#8221;.vc_custom_1683535329412{padding-top: 80px !important;padding-bottom: 80px !important;background-color: #f7f7f7 !important;}&#8221; el_id=&#8221;counting-number&#8221;][vc_column][vc_row_inner][vc_column_inner width=&#8221;1\/4&#8243;][dt_sc_number_counter icon_type=&#8221;icon_url&#8221; value=&#8221;251112&#8243; title=&#8221;G\u00f3i \u0110\u01b0\u1ee3c Giao&#8221; iconurl=&#8221;8641&#8243;][\/vc_column_inner][vc_column_inner width=&#8221;1\/4&#8243;][dt_sc_number_counter icon_type=&#8221;icon_url&#8221; value=&#8221;19223&#8243; title=&#8221;Kh\u00e1ch H\u00e0ng Quen&#8221; iconurl=&#8221;8642&#8243;][\/vc_column_inner][vc_column_inner width=&#8221;1\/4&#8243;][dt_sc_number_counter icon_type=&#8221;icon_url&#8221; value=&#8221;2331&#8243; title=&#8221;Kh\u00e1ch H\u00e0ng&#8221; iconurl=&#8221;8643&#8243;][\/vc_column_inner][vc_column_inner width=&#8221;1\/4&#8243;][dt_sc_number_counter icon_type=&#8221;icon_url&#8221; value=&#8221;11226336&#8243; title=&#8221;H\u00e0ng H\u00f3a Th\u01b0\u01a1ng M\u1ea1i&#8221; iconurl=&#8221;8644&#8243; class=&#8221;last&#8221;][\/vc_column_inner][\/vc_row_inner][ultimate_spacer height=&#8221;30&#8243; height_on_tabs=&#8221;30&#8243; height_on_tabs_portrait=&#8221;30&#8243; height_on_mob_landscape=&#8221;15&#8243; height_on_mob=&#8221;15&#8243;][vc_custom_heading text=&#8221;C\u1ea6N V\u1eacN CHUY\u1ec2N&#8221; font_container=&#8221;tag:h3|font_size:20|text_align:center|color:%23c0272d&#8221; google_fonts=&#8221;font_family:Open%20Sans%3A300%2C300italic%2Cregular%2Citalic%2C600%2C600italic%2C700%2C700italic%2C800%2C800italic|font_style:700%20bold%20regular%3A700%3Anormal&#8221; css=&#8221;.vc_custom_1682073504525{margin-bottom: 10px !important;}&#8221;][vc_column_text]\n<p style=\"text-align: center; font-size: 20px;\">We deliver to all places in Vietnam<\/p>\n[\/vc_column_text][vc_single_image image=&#8221;8645&#8243; img_size=&#8221;full&#8221; alignment=&#8221;center&#8221;][vc_row_inner][vc_column_inner el_class=&#8221;aligncenter&#8221;][dt_sc_button title=&#8221;G\u1eedi H\u00e0ng&#8221; size=&#8221;medium&#8221; style=&#8221;filled&#8221; link=&#8221;url:https%3A%2F%2Fvanxuanlogistics.com%2Fdat-hang%2F|title:%C4%90%E1%BA%B7t%20H%C3%A0ng||&#8221;][\/vc_column_inner][\/vc_row_inner][\/vc_column][\/vc_row][vc_row full_width=&#8221;stretch_row_content&#8221;][vc_column el_class=&#8221;aligncenter&#8221;][ultimate_spacer height=&#8221;30&#8243; height_on_tabs=&#8221;30&#8243; height_on_tabs_portrait=&#8221;30&#8243; height_on_mob_landscape=&#8221;15&#8243; height_on_mob=&#8221;15&#8243;][dt_sc_simple_heading type=&#8221;two-border-with-subtitle&#8221; text=&#8221;<strong>SERVICES<\/strong>&#8221; subtext=&#8221;<strong>Ch\u1ea5t L\u01b0\u1ee3ng &#8211; T\u1eadn t\u00e2m &#8211; Uy t\u00edn!<\/strong>&#8221; class=&#8221;aligncenter&#8221;]Lorem ipsum dolor sit amet, consectetur adipiscing elit. Morbi[\/dt_sc_simple_heading][ultimate_spacer height=&#8221;30&#8243; height_on_tabs=&#8221;30&#8243; height_on_tabs_portrait=&#8221;30&#8243; height_on_mob_landscape=&#8221;15&#8243; height_on_mob=&#8221;15&#8243;][\/vc_column][vc_column width=&#8221;1\/5&#8243;][dt_sc_iconbox type=&#8221;type7&#8243; icon_type=&#8221;image&#8221; title=&#8221;Khai B\u00e1o H\u1ea3i Quan&#8221; link=&#8221;url:https%3A%2F%2Fvanxuanlogistics.com%2Fthu-tuc-hai-quan%2F|title:Th%E1%BB%A7%20T%E1%BB%A5c%20H%E1%BA%A3i%20Quan||&#8221; class=&#8221;aligncenter&#8221; iconurl=&#8221;11531&#8243;][dt_sc_br br=&#8221;1&#8243;]V\u1ea1n Xu\u00e2n l\u00e0 m\u1ed9t \u0111\u01a1n v\u1ecb chuy\u00ean cung c\u1ea5p d\u1ecbch v\u1ee5 khai b\u00e1o h\u1ea3i quan chuy\u00ean nghi\u1ec7p, \u0111\u00e1p \u1ee9ng \u0111\u00fang nhu c\u1ea7u c\u1ee7a kh\u00e1ch h\u00e0ng .<\/p>\n<p><a href=\"https:\/\/vanxuanlogistics.com\/en\/thu-tuc-hai-quan\/\">Detail &gt;&gt;<\/a>[\/dt_sc_iconbox][\/vc_column][vc_column width=&#8221;1\/5&#8243;][dt_sc_iconbox type=&#8221;type7&#8243; icon_type=&#8221;image&#8221; title=&#8221;H\u00e0ng Qu\u00e1 C\u1ea3nh&#8221; link=&#8221;url:https%3A%2F%2Fvanxuanlogistics.com%2Fhang-qua-canh%2F|title:Transport%20%26%20Custom%20Brokerage||&#8221; class=&#8221;aligncenter&#8221; iconurl=&#8221;11647&#8243;][dt_sc_br br=&#8221;1&#8243;]D\u1ecbch v\u1ee5 khai b\u00e1o v\u00e0 v\u1eadn chuy\u1ec3n h\u00e0ng qu\u00e1 c\u1ea3nh m\u1ed9t c\u00e1ch chuy\u00ean nghi\u1ec7p, tin c\u1eady v\u00e0 ti\u1ec7n l\u1ee3i \u0111\u1ec3 \u0111\u00e1p \u1ee9ng nhu c\u1ea7u c\u1ee7a kh\u00e1ch h\u00e0ng.<\/p>\n<p><a style=\"font-weight: 500; margin: 0!important;\" href=\"https:\/\/vanxuanlogistics.com\/en\/hang-qua-canh\/\"> Detail &gt;&gt;<\/a>[\/dt_sc_iconbox][\/vc_column][vc_column width=&#8221;1\/5&#8243;][dt_sc_iconbox type=&#8221;type7&#8243; icon_type=&#8221;image&#8221; title=&#8221;V\u1eadn Chuy\u1ec3n H\u00e0ng H\u00f3a N\u1ed9i \u0110\u1ecba&#8221; link=&#8221;url:https%3A%2F%2Fvanxuanlogistics.com%2Fvan-chuyen-hang-hoa-noi-dia%2F|title:Road%20Transportation||&#8221; class=&#8221;aligncenter&#8221; iconurl=&#8221;11536&#8243;][dt_sc_br br=&#8221;1&#8243;]Ch\u00fang t\u00f4i l\u00e0 m\u1ed9t \u0111\u01a1n v\u1ecb chuy\u00ean nghi\u1ec7p trong l\u0129nh v\u1ef1c v\u1eadn chuy\u1ec3n h\u00e0ng h\u00f3a n\u1ed9i \u0111\u1ecba, cung c\u1ea5p c\u00e1c gi\u1ea3i ph\u00e1p v\u1eadn chuy\u1ec3n h\u00e0ng h\u00f3a \u0111a d\u1ea1ng&#8230;<\/p>\n<p><a style=\"font-weight: 500; margin: 0!important;\" href=\"https:\/\/vanxuanlogistics.com\/en\/van-chuyen-hang-hoa-noi-dia\/\"> Detail &gt;&gt;<\/a>[\/dt_sc_iconbox][\/vc_column][vc_column width=&#8221;1\/5&#8243;][dt_sc_iconbox type=&#8221;type7&#8243; icon_type=&#8221;image&#8221; title=&#8221;D\u1ecbch V\u1ee5 V\u1eadn Chuy\u1ec3n H\u00e0ng H\u00f3a \u0110a Ph\u01b0\u01a1ng Th\u1ee9c&#8221; link=&#8221;url:https%3A%2F%2Fvanxuanlogistics.com%2Fdich-vu-van-chuyen-hang-hoa-da-phuong-thuc%2F|title:Sea%20Cargo%20Movement||&#8221; class=&#8221;aligncenter&#8221; iconurl=&#8221;11537&#8243;]Ch\u00fang t\u00f4i l\u00e0 m\u1ed9t \u0111\u01a1n v\u1ecb chuy\u00ean nghi\u1ec7p trong l\u0129nh v\u1ef1c v\u1eadn chuy\u1ec3n h\u00e0ng h\u00f3a v\u1edbi s\u1ef1 \u0111a d\u1ea1ng v\u1ec1 ph\u01b0\u01a1ng th\u1ee9c v\u1eadn chuy\u1ec3n,&#8230;<\/p>\n<p><a style=\"font-weight: 500; margin: 0!important;\" href=\"https:\/\/vanxuanlogistics.com\/en\/dich-vu-van-chuyen-hang-hoa-da-phuong-thuc\/\">Detail &gt;&gt;<\/a>[\/dt_sc_iconbox][\/vc_column][vc_column width=&#8221;1\/5&#8243;][dt_sc_iconbox type=&#8221;type7&#8243; icon_type=&#8221;image&#8221; title=&#8221;D\u1ecbch V\u1ee5 Kho B\u00e3i&#8221; link=&#8221;url:https%3A%2F%2Fvanxuanlogistics.com%2Fdich-vu-kho-bai%2F|title:D%E1%BB%8Bch%20V%E1%BB%A5%20Kho||&#8221; class=&#8221;aligncenter&#8221; iconurl=&#8221;11538&#8243;][dt_sc_br br=&#8221;1&#8243;]Ch\u00fang t\u00f4i l\u00e0 m\u1ed9t \u0111\u01a1n v\u1ecb chuy\u00ean cung c\u1ea5p d\u1ecbch v\u1ee5 kho b\u00e3i chuy\u00ean nghi\u1ec7p, \u0111\u00e1p \u1ee9ng \u0111\u1ea7y \u0111\u1ee7 c\u00e1c nhu c\u1ea7u l\u01b0u tr\u1eef, qu\u1ea3n l\u00fd v\u00e0 v\u1eadn h\u00e0nh kho b\u00e3i&#8230;<\/p>\n<p><a style=\"font-weight: 500; margin: 0!important;\" href=\"https:\/\/vanxuanlogistics.com\/en\/dich-vu-kho-bai\/\"> Detail &gt;&gt;<\/a>[\/dt_sc_iconbox][\/vc_column][vc_column][ultimate_spacer height=&#8221;30&#8243; height_on_tabs=&#8221;30&#8243; height_on_tabs_portrait=&#8221;30&#8243; height_on_mob_landscape=&#8221;15&#8243; height_on_mob=&#8221;15&#8243;][\/vc_column][\/vc_row][vc_row full_width=&#8221;stretch_row&#8221; bg_type=&#8221;bg_color&#8221; css=&#8221;.vc_custom_1683531717894{background-color: #ededed !important;}&#8221; el_class=&#8221;aligncenter&#8221; el_id=&#8221;news-home-page&#8221;][vc_column][ultimate_spacer height=&#8221;30&#8243; height_on_tabs=&#8221;30&#8243; height_on_tabs_portrait=&#8221;30&#8243; height_on_mob_landscape=&#8221;15&#8243; height_on_mob=&#8221;15&#8243;][dt_sc_simple_heading text=&#8221;<strong>NEWS<\/strong>&#8221; class=&#8221;aligncenter&#8221;]Lorem ipsum dolor sit amet, consectetur adipiscing elit. Morbi[\/dt_sc_simple_heading][ultimate_spacer height=&#8221;45&#8243; height_on_tabs=&#8221;45&#8243; height_on_tabs_portrait=&#8221;45&#8243; height_on_mob_landscape=&#8221;0&#8243; height_on_mob=&#8221;0&#8243;][vc_row_inner][vc_column_inner width=&#8221;1\/3&#8243;][dt_sc_post excerpt_length=&#8221;30&#8243; show_post_format=&#8221;no&#8221; show_author=&#8221;no&#8221; show_date=&#8221;no&#8221; show_comment=&#8221;no&#8221; show_category=&#8221;no&#8221; show_tag=&#8221;no&#8221; id=&#8221;11454&#8243;][dt_sc_button iconclass=&#8221;fa fa-long-arrow-right&#8221; iconalign=&#8221;icon-right with-icon&#8221; style=&#8221;filled&#8221; class=&#8221;type1&#8243; title=&#8221;\u0110\u1ecdc Th\u00eam&#8221; icon_type=&#8221;fontawesome&#8221; target=&#8221;_blank&#8221; \/][\/dt_sc_post][\/vc_column_inner][vc_column_inner width=&#8221;1\/3&#8243;][dt_sc_post excerpt_length=&#8221;25&#8243; show_post_format=&#8221;no&#8221; show_author=&#8221;no&#8221; show_date=&#8221;no&#8221; show_comment=&#8221;no&#8221; show_category=&#8221;no&#8221; show_tag=&#8221;no&#8221; id=&#8221;11451&#8243;][dt_sc_button iconclass=&#8221;fa fa-long-arrow-right&#8221; iconalign=&#8221;icon-right with-icon&#8221; style=&#8221;filled&#8221; class=&#8221;type1&#8243; title=&#8221;\u0110\u1ecdc Th\u00eam&#8221; icon_type=&#8221;fontawesome&#8221; target=&#8221;_blank&#8221; \/][\/dt_sc_post][\/vc_column_inner][vc_column_inner width=&#8221;1\/3&#8243;][dt_sc_post excerpt_length=&#8221;30&#8243; show_post_format=&#8221;no&#8221; show_author=&#8221;no&#8221; show_date=&#8221;no&#8221; show_comment=&#8221;no&#8221; show_category=&#8221;no&#8221; show_tag=&#8221;no&#8221; id=&#8221;11444&#8243;][dt_sc_button iconclass=&#8221;fa fa-long-arrow-right&#8221; iconalign=&#8221;icon-right with-icon&#8221; style=&#8221;filled&#8221; class=&#8221;type1&#8243; title=&#8221;\u0110\u1ecdc Th\u00eam&#8221; icon_type=&#8221;fontawesome&#8221; target=&#8221;_blank&#8221; \/][\/dt_sc_post][\/vc_column_inner][\/vc_row_inner][ultimate_spacer height=&#8221;30&#8243; height_on_tabs=&#8221;30&#8243; height_on_tabs_portrait=&#8221;30&#8243; height_on_mob_landscape=&#8221;0&#8243; height_on_mob=&#8221;0&#8243;][\/vc_column][\/vc_row][vc_row][vc_column][ultimate_spacer height=&#8221;30&#8243; height_on_tabs=&#8221;30&#8243; height_on_tabs_portrait=&#8221;30&#8243; height_on_mob_landscape=&#8221;15&#8243; height_on_mob=&#8221;15&#8243;][\/vc_column][vc_column width=&#8221;2\/3&#8243;][vc_custom_heading text=&#8221;<strong>Do you have any questions?<\/strong>&#8221; font_container=&#8221;tag:h4|text_align:left&#8221; use_theme_fonts=&#8221;yes&#8221; css=&#8221;.vc_custom_1682591944551{margin-bottom: 0px !important;}&#8221; el_class=&#8221;vcr_txt-align-right&#8221;][vc_column_text css=&#8221;.vc_custom_1682591995892{margin-bottom: 0px !important;}&#8221;]\n<p style=\"color: #255f6b;\">We are ready to serve you, contact us or call us.<\/p>\n[\/vc_column_text][\/vc_column][vc_column width=&#8221;1\/3&#8243;][dt_sc_button title=&#8221;Li\u00ean H\u1ec7&#8221; size=&#8221;medium&#8221; style=&#8221;filled&#8221; class=&#8221;dt-sc-skin-alter&#8221; link=&#8221;url:https%3A%2F%2Fvanxuanlogistics.com%2Flien-he%2F|title:Li%C3%AAn%20H%E1%BB%87||&#8221;][\/vc_column][\/vc_row][vc_row][vc_column][ultimate_spacer height=&#8221;30&#8243; height_on_tabs=&#8221;30&#8243; height_on_tabs_portrait=&#8221;30&#8243; height_on_mob_landscape=&#8221;15&#8243; height_on_mob=&#8221;15&#8243;][\/vc_column][\/vc_row][vc_row full_width=&#8221;stretch_row&#8221; el_class=&#8221;dt-sc-skin-highlight vcr_padding_align&#8221; css=&#8221;.vc_custom_1682405752402{background-color: #29377c !important;}&#8221; text_color=&#8221;#c0272d&#8221;][vc_column][ultimate_spacer height=&#8221;30&#8243; height_on_tabs=&#8221;30&#8243; height_on_tabs_portrait=&#8221;30&#8243; height_on_mob_landscape=&#8221;0&#8243; height_on_mob=&#8221;0&#8243;][\/vc_column][vc_column width=&#8221;1\/3&#8243;][dt_sc_iconbox type=&#8221;type6&#8243; icon_type=&#8221;image&#8221; subtitle=&#8221;Phone \/ Zalo&#8221; iconurl=&#8221;8650&#8243;]\n<h5>Mr. Ng\u1ecdc: 0983300326<\/h5>\n<p><span style=\"vertical-align: inherit;\"><span style=\"vertical-align: inherit;\"><span style=\"vertical-align: inherit;\"><span style=\"vertical-align: inherit;\"><span style=\"vertical-align: inherit;\"><span style=\"vertical-align: inherit;\"><span style=\"vertical-align: inherit;\"><span style=\"vertical-align: inherit;\"><span style=\"vertical-align: inherit;\"><span style=\"vertical-align: inherit;\">[\/dt_sc_iconbox][\/vc_column][vc_column width=&#8221;1\/3&#8243;][dt_sc_iconbox type=&#8221;type6&#8243; icon_type=&#8221;image&#8221; subtitle=&#8221;\u0110i\u1ec7n tho\u1ea1i\/Zalo&#8221; iconurl=&#8221;8650&#8243;]<\/span><\/span><\/span><\/span><\/span><\/span><\/span><\/span><\/span><\/span><\/p>\n<h5>Mr.Thanh: 0987755769<\/h5>\n<p><span style=\"vertical-align: inherit;\"><span style=\"vertical-align: inherit;\"><span style=\"vertical-align: inherit;\"><span style=\"vertical-align: inherit;\"><span style=\"vertical-align: inherit;\"><span style=\"vertical-align: inherit;\"><span style=\"vertical-align: inherit;\"><span style=\"vertical-align: inherit;\"><span style=\"vertical-align: inherit;\"><span style=\"vertical-align: inherit;\">[\/dt_sc_iconbox][\/vc_column][vc_column width=&#8221;1\/3&#8243;][dt_sc_iconbox type=&#8221;type6&#8243; icon_type=&#8221;image&#8221; subtitle=&#8221;\u0110i\u1ec7n tho\u1ea1i\/Zalo&#8221; iconurl=&#8221;8650&#8243;]<\/span><\/span><\/span><\/span><\/span><\/span><\/span><\/span><\/span><\/span><\/p>\n<h5>Ms.Hi\u1ec1n: 09888549016<\/h5>\n<p><span style=\"vertical-align: inherit;\"><span style=\"vertical-align: inherit;\"><span style=\"vertical-align: inherit;\"><span style=\"vertical-align: inherit;\"><span style=\"vertical-align: inherit;\"><span style=\"vertical-align: inherit;\"><span style=\"vertical-align: inherit;\"><span style=\"vertical-align: inherit;\"><span style=\"vertical-align: inherit;\"><span style=\"vertical-align: inherit;\">[\/dt_sc_iconbox][\/vc_column][vc_column][ultimate_spacer height=&#8221;30&#8243; height_on_tabs=&#8221;30&#8243; height_on_tabs_portrait=&#8221;30&#8243; height_on_mob_landscape=&#8221;0&#8243; height_on_mob=&#8221;0&#8243;][\/vc_column][\/vc_row]<\/span><\/span><\/span><\/span><\/span><\/span><\/span><\/span><\/span><\/span><\/p>","protected":false},"excerpt":{"rendered":"[vc_row][vc_column el_class=&#8221;aligncenter&#8221;][dt_sc_simple_heading text=&#8221;GI\u1edaI THI\u1ec6U&#8221; class=&#8221;aligncenter&#8221;]Lorem ipsum dolor sit amet, consectetur adipiscing elit. Morbi[\/dt_sc_simple_heading][vc_empty_space height=&#8221;45px&#8221;][\/vc_column][vc_column width=&#8221;1\/3&#8243;][vc_single_image image=&#8221;11651&#8243; img_size=&#8221;full&#8221;][\/vc_column][vc_column width=&#8221;2\/3&#8243;][vc_column_text]C\u00f4ng Ty CP \u0110\u1ea7u T\u01b0 Qu\u1ed1c t\u1ebf V\u1ea1n Xu\u00e2n l\u00e0 m\u1ed9t \u0111\u01a1n v\u1ecb [&#8230;]","protected":false},"author":1,"featured_media":0,"parent":0,"menu_order":0,"comment_status":"closed","ping_status":"closed","template":"","meta":{"inline_featured_image":false},"yoast_head":"<!-- This site is optimized with the Yoast SEO plugin v20.5 - https:\/\/yoast.com\/wordpress\/plugins\/seo\/ -->\n<title>Home - V\u1ea1n Xu\u00e2n Logistics \u0110\u1ed3ng h\u00e0nh c\u00f9ng ph\u00e1t tri\u1ec3n -<\/title>\n<meta name=\"description\" content=\"D\u1ecbch v\u1ee5 v\u1eadn chuy\u1ec3n h\u00e0ng h\u00f3a trong n\u01b0\u1edbc gi\u00e1 r\u1ebb, Khai b\u00e1o h\u1ea3i quan, h\u00e0ng qu\u00e1 c\u1ea3nh, d\u1ecbch v\u1ee5 v\u1eadn chuy\u1ec3n \u0111a ph\u01b0\u01a1ng th\u1ee9c, v\u1eadn t\u1ea3i h\u00e0ng h\u00f3a,v\u1eadn t\u1ea3i \u0111\u01b0\u1eddng b\u1ed9, d\u1ecbch v\u1ee5 v\u1eadn chuy\u1ec3n h\u00e0ng h\u00f3a B\u1eafc Nam, v\u1eadn t\u1ea3i \u0111\u01b0\u1eddng bi\u1ec3n, c\u01b0\u1edbc t\u00e0u, th\u1ee7 t\u1ee5c h\u1ea3i quan, v\u1eadn t\u1ea3i \u0111\u01b0\u1eddng s\u1eaft ,v\u1eadn t\u1ea3i h\u00e0ng kh\u00f4ng, v\u1eadn t\u1ea3i th\u1ee7y n\u1ed9i \u0111\u1ecba\" \/>\n<meta name=\"robots\" content=\"noindex, follow, max-snippet:-1, max-image-preview:large, max-video-preview:-1\" \/>\n<meta property=\"og:locale\" content=\"en_US\" \/>\n<meta property=\"og:type\" content=\"article\" \/>\n<meta property=\"og:title\" content=\"Home - V\u1ea1n Xu\u00e2n Logistics \u0110\u1ed3ng h\u00e0nh c\u00f9ng ph\u00e1t tri\u1ec3n -\" \/>\n<meta property=\"og:description\" content=\"D\u1ecbch v\u1ee5 v\u1eadn chuy\u1ec3n h\u00e0ng h\u00f3a trong n\u01b0\u1edbc gi\u00e1 r\u1ebb, Khai b\u00e1o h\u1ea3i quan, h\u00e0ng qu\u00e1 c\u1ea3nh, d\u1ecbch v\u1ee5 v\u1eadn chuy\u1ec3n \u0111a ph\u01b0\u01a1ng th\u1ee9c, v\u1eadn t\u1ea3i h\u00e0ng h\u00f3a,v\u1eadn t\u1ea3i \u0111\u01b0\u1eddng b\u1ed9, d\u1ecbch v\u1ee5 v\u1eadn chuy\u1ec3n h\u00e0ng h\u00f3a B\u1eafc Nam, v\u1eadn t\u1ea3i \u0111\u01b0\u1eddng bi\u1ec3n, c\u01b0\u1edbc t\u00e0u, th\u1ee7 t\u1ee5c h\u1ea3i quan, v\u1eadn t\u1ea3i \u0111\u01b0\u1eddng s\u1eaft ,v\u1eadn t\u1ea3i h\u00e0ng kh\u00f4ng, v\u1eadn t\u1ea3i th\u1ee7y n\u1ed9i \u0111\u1ecba\" \/>\n<meta property=\"og:url\" content=\"https:\/\/vanxuanlogistics.com\/en\/home\/\" \/>\n<meta property=\"og:site_name\" content=\"V\u1ea1n Xu\u00e2n Logistics\" \/>\n<meta property=\"article:modified_time\" content=\"2023-05-10T07:33:59+00:00\" \/>\n<meta name=\"twitter:card\" content=\"summary_large_image\" \/>\n<meta name=\"twitter:label1\" content=\"Est. reading time\" \/>\n\t<meta name=\"twitter:data1\" content=\"4 minutes\" \/>\n<script type=\"application\/ld+json\" class=\"yoast-schema-graph\">{\"@context\":\"https:\/\/schema.org\",\"@graph\":[{\"@type\":\"WebPage\",\"@id\":\"https:\/\/vanxuanlogistics.com\/home\/\",\"url\":\"https:\/\/vanxuanlogistics.com\/home\/\",\"name\":\"Home - V\u1ea1n Xu\u00e2n Logistics \u0110\u1ed3ng h\u00e0nh c\u00f9ng ph\u00e1t tri\u1ec3n -\",\"isPartOf\":{\"@id\":\"https:\/\/vanxuanlogistics.com\/#website\"},\"datePublished\":\"2016-11-19T06:28:26+00:00\",\"dateModified\":\"2023-05-10T07:33:59+00:00\",\"description\":\"D\u1ecbch v\u1ee5 v\u1eadn chuy\u1ec3n h\u00e0ng h\u00f3a trong n\u01b0\u1edbc gi\u00e1 r\u1ebb, Khai b\u00e1o h\u1ea3i quan, h\u00e0ng qu\u00e1 c\u1ea3nh, d\u1ecbch v\u1ee5 v\u1eadn chuy\u1ec3n \u0111a ph\u01b0\u01a1ng th\u1ee9c, v\u1eadn t\u1ea3i h\u00e0ng h\u00f3a,v\u1eadn t\u1ea3i \u0111\u01b0\u1eddng b\u1ed9, d\u1ecbch v\u1ee5 v\u1eadn chuy\u1ec3n h\u00e0ng h\u00f3a B\u1eafc Nam, v\u1eadn t\u1ea3i \u0111\u01b0\u1eddng bi\u1ec3n, c\u01b0\u1edbc t\u00e0u, th\u1ee7 t\u1ee5c h\u1ea3i quan, v\u1eadn t\u1ea3i \u0111\u01b0\u1eddng s\u1eaft ,v\u1eadn t\u1ea3i h\u00e0ng kh\u00f4ng, v\u1eadn t\u1ea3i th\u1ee7y n\u1ed9i \u0111\u1ecba\",\"inLanguage\":\"en-US\",\"potentialAction\":[{\"@type\":\"ReadAction\",\"target\":[\"https:\/\/vanxuanlogistics.com\/home\/\"]}]},{\"@type\":\"WebSite\",\"@id\":\"https:\/\/vanxuanlogistics.com\/#website\",\"url\":\"https:\/\/vanxuanlogistics.com\/\",\"name\":\"V\u1ea1n Xu\u00e2n Logistics\",\"description\":\"\u0110\u1ed3ng h\u00e0nh c\u00f9ng ph\u00e1t tri\u1ec3n\",\"publisher\":{\"@id\":\"https:\/\/vanxuanlogistics.com\/#organization\"},\"potentialAction\":[{\"@type\":\"SearchAction\",\"target\":{\"@type\":\"EntryPoint\",\"urlTemplate\":\"https:\/\/vanxuanlogistics.com\/?s={search_term_string}\"},\"query-input\":\"required name=search_term_string\"}],\"inLanguage\":\"en-US\"},{\"@type\":\"Organization\",\"@id\":\"https:\/\/vanxuanlogistics.com\/#organization\",\"name\":\"V\u1ea1n Xu\u00e2n Logistics\",\"url\":\"https:\/\/vanxuanlogistics.com\/\",\"logo\":{\"@type\":\"ImageObject\",\"inLanguage\":\"en-US\",\"@id\":\"https:\/\/vanxuanlogistics.com\/#\/schema\/logo\/image\/\",\"url\":\"https:\/\/vanxuanlogistics.com\/wp-content\/uploads\/2023\/06\/cropped-29383121_transparent-2.png\",\"contentUrl\":\"https:\/\/vanxuanlogistics.com\/wp-content\/uploads\/2023\/06\/cropped-29383121_transparent-2.png\",\"width\":512,\"height\":512,\"caption\":\"V\u1ea1n Xu\u00e2n Logistics\"},\"image\":{\"@id\":\"https:\/\/vanxuanlogistics.com\/#\/schema\/logo\/image\/\"}}]}<\/script>\n<!-- \/ Yoast SEO plugin. -->","yoast_head_json":{"title":"Home - V\u1ea1n Xu\u00e2n Logistics \u0110\u1ed3ng h\u00e0nh c\u00f9ng ph\u00e1t tri\u1ec3n -","description":"D\u1ecbch v\u1ee5 v\u1eadn chuy\u1ec3n h\u00e0ng h\u00f3a trong n\u01b0\u1edbc gi\u00e1 r\u1ebb, Khai b\u00e1o h\u1ea3i quan, h\u00e0ng qu\u00e1 c\u1ea3nh, d\u1ecbch v\u1ee5 v\u1eadn chuy\u1ec3n \u0111a ph\u01b0\u01a1ng th\u1ee9c, v\u1eadn t\u1ea3i h\u00e0ng h\u00f3a,v\u1eadn t\u1ea3i \u0111\u01b0\u1eddng b\u1ed9, d\u1ecbch v\u1ee5 v\u1eadn chuy\u1ec3n h\u00e0ng h\u00f3a B\u1eafc Nam, v\u1eadn t\u1ea3i \u0111\u01b0\u1eddng bi\u1ec3n, c\u01b0\u1edbc t\u00e0u, th\u1ee7 t\u1ee5c h\u1ea3i quan, v\u1eadn t\u1ea3i \u0111\u01b0\u1eddng s\u1eaft ,v\u1eadn t\u1ea3i h\u00e0ng kh\u00f4ng, v\u1eadn t\u1ea3i th\u1ee7y n\u1ed9i \u0111\u1ecba","robots":{"index":"noindex","follow":"follow","max-snippet":"max-snippet:-1","max-image-preview":"max-image-preview:large","max-video-preview":"max-video-preview:-1"},"og_locale":"en_US","og_type":"article","og_title":"Home - V\u1ea1n Xu\u00e2n Logistics \u0110\u1ed3ng h\u00e0nh c\u00f9ng ph\u00e1t tri\u1ec3n -","og_description":"D\u1ecbch v\u1ee5 v\u1eadn chuy\u1ec3n h\u00e0ng h\u00f3a trong n\u01b0\u1edbc gi\u00e1 r\u1ebb, Khai b\u00e1o h\u1ea3i quan, h\u00e0ng qu\u00e1 c\u1ea3nh, d\u1ecbch v\u1ee5 v\u1eadn chuy\u1ec3n \u0111a ph\u01b0\u01a1ng th\u1ee9c, v\u1eadn t\u1ea3i h\u00e0ng h\u00f3a,v\u1eadn t\u1ea3i \u0111\u01b0\u1eddng b\u1ed9, d\u1ecbch v\u1ee5 v\u1eadn chuy\u1ec3n h\u00e0ng h\u00f3a B\u1eafc Nam, v\u1eadn t\u1ea3i \u0111\u01b0\u1eddng bi\u1ec3n, c\u01b0\u1edbc t\u00e0u, th\u1ee7 t\u1ee5c h\u1ea3i quan, v\u1eadn t\u1ea3i \u0111\u01b0\u1eddng s\u1eaft ,v\u1eadn t\u1ea3i h\u00e0ng kh\u00f4ng, v\u1eadn t\u1ea3i th\u1ee7y n\u1ed9i \u0111\u1ecba","og_url":"https:\/\/vanxuanlogistics.com\/en\/home\/","og_site_name":"V\u1ea1n Xu\u00e2n Logistics","article_modified_time":"2023-05-10T07:33:59+00:00","twitter_card":"summary_large_image","twitter_misc":{"Est. reading time":"4 minutes"},"schema":{"@context":"https:\/\/schema.org","@graph":[{"@type":"WebPage","@id":"https:\/\/vanxuanlogistics.com\/home\/","url":"https:\/\/vanxuanlogistics.com\/home\/","name":"Home - V\u1ea1n Xu\u00e2n Logistics \u0110\u1ed3ng h\u00e0nh c\u00f9ng ph\u00e1t tri\u1ec3n -","isPartOf":{"@id":"https:\/\/vanxuanlogistics.com\/#website"},"datePublished":"2016-11-19T06:28:26+00:00","dateModified":"2023-05-10T07:33:59+00:00","description":"D\u1ecbch v\u1ee5 v\u1eadn chuy\u1ec3n h\u00e0ng h\u00f3a trong n\u01b0\u1edbc gi\u00e1 r\u1ebb, Khai b\u00e1o h\u1ea3i quan, h\u00e0ng qu\u00e1 c\u1ea3nh, d\u1ecbch v\u1ee5 v\u1eadn chuy\u1ec3n \u0111a ph\u01b0\u01a1ng th\u1ee9c, v\u1eadn t\u1ea3i h\u00e0ng h\u00f3a,v\u1eadn t\u1ea3i \u0111\u01b0\u1eddng b\u1ed9, d\u1ecbch v\u1ee5 v\u1eadn chuy\u1ec3n h\u00e0ng h\u00f3a B\u1eafc Nam, v\u1eadn t\u1ea3i \u0111\u01b0\u1eddng bi\u1ec3n, c\u01b0\u1edbc t\u00e0u, th\u1ee7 t\u1ee5c h\u1ea3i quan, v\u1eadn t\u1ea3i \u0111\u01b0\u1eddng s\u1eaft ,v\u1eadn t\u1ea3i h\u00e0ng kh\u00f4ng, v\u1eadn t\u1ea3i th\u1ee7y n\u1ed9i \u0111\u1ecba","inLanguage":"en-US","potentialAction":[{"@type":"ReadAction","target":["https:\/\/vanxuanlogistics.com\/home\/"]}]},{"@type":"WebSite","@id":"https:\/\/vanxuanlogistics.com\/#website","url":"https:\/\/vanxuanlogistics.com\/","name":"V\u1ea1n Xu\u00e2n Logistics","description":"\u0110\u1ed3ng h\u00e0nh c\u00f9ng ph\u00e1t tri\u1ec3n","publisher":{"@id":"https:\/\/vanxuanlogistics.com\/#organization"},"potentialAction":[{"@type":"SearchAction","target":{"@type":"EntryPoint","urlTemplate":"https:\/\/vanxuanlogistics.com\/?s={search_term_string}"},"query-input":"required name=search_term_string"}],"inLanguage":"en-US"},{"@type":"Organization","@id":"https:\/\/vanxuanlogistics.com\/#organization","name":"V\u1ea1n Xu\u00e2n Logistics","url":"https:\/\/vanxuanlogistics.com\/","logo":{"@type":"ImageObject","inLanguage":"en-US","@id":"https:\/\/vanxuanlogistics.com\/#\/schema\/logo\/image\/","url":"https:\/\/vanxuanlogistics.com\/wp-content\/uploads\/2023\/06\/cropped-29383121_transparent-2.png","contentUrl":"https:\/\/vanxuanlogistics.com\/wp-content\/uploads\/2023\/06\/cropped-29383121_transparent-2.png","width":512,"height":512,"caption":"V\u1ea1n Xu\u00e2n Logistics"},"image":{"@id":"https:\/\/vanxuanlogistics.com\/#\/schema\/logo\/image\/"}}]}},"_links":{"self":[{"href":"https:\/\/vanxuanlogistics.com\/en\/wp-json\/wp\/v2\/pages\/7467"}],"collection":[{"href":"https:\/\/vanxuanlogistics.com\/en\/wp-json\/wp\/v2\/pages"}],"about":[{"href":"https:\/\/vanxuanlogistics.com\/en\/wp-json\/wp\/v2\/types\/page"}],"author":[{"embeddable":true,"href":"https:\/\/vanxuanlogistics.com\/en\/wp-json\/wp\/v2\/users\/1"}],"replies":[{"embeddable":true,"href":"https:\/\/vanxuanlogistics.com\/en\/wp-json\/wp\/v2\/comments?post=7467"}],"version-history":[{"count":214,"href":"https:\/\/vanxuanlogistics.com\/en\/wp-json\/wp\/v2\/pages\/7467\/revisions"}],"predecessor-version":[{"id":11716,"href":"https:\/\/vanxuanlogistics.com\/en\/wp-json\/wp\/v2\/pages\/7467\/revisions\/11716"}],"wp:attachment":[{"href":"https:\/\/vanxuanlogistics.com\/en\/wp-json\/wp\/v2\/media?parent=7467"}],"curies":[{"name":"wp","href":"https:\/\/api.w.org\/{rel}","templated":true}]}}