{"id":8001,"date":"2016-11-28T05:10:59","date_gmt":"2016-11-28T05:10:59","guid":{"rendered":"http:\/\/wedesignthemes.com\/themes\/testdata\/?page_id=8001"},"modified":"2017-02-25T08:33:21","modified_gmt":"2017-02-25T08:33:21","slug":"not-found","status":"publish","type":"page","link":"https:\/\/vanxuanlogistics.com\/en\/not-found\/","title":{"rendered":"Not Found"},"content":{"rendered":"[vc_row full_height=&#8221;yes&#8221;][vc_column][dt_sc_notfound_msg title1=&#8221;Oops!&#8221; title2=&#8221;404&#8243; subtitle=&#8221;Page Not Found!&#8221;][vc_column_text css=&#8221;.vc_custom_1479894151122{margin-bottom: 0px !important;}&#8221;]Lorem ipsum dolor sit amet, consectetur adipis cing elit. Nullam id arcu tortor.[dt_sc_br br=&#8221;1&#8243;]\nSed eget sit ame egestas, cursus felis quis, vestibulum.[\/vc_column_text][dt_sc_search_form][vc_row_inner css=&#8221;.vc_custom_1486548033868{margin-top: 30px !important;}&#8221;][vc_column_inner el_class=&#8221;aligncenter&#8221;][dt_sc_button title=&#8221;Go Back&#8221; size=&#8221;medium&#8221; style=&#8221;filled&#8221; css=&#8221;.vc_custom_1488011596556{margin-top: 40px !important;}&#8221; link=&#8221;url:http%3A%2F%2Fdtlogistics.wpengine.com%2F|||&#8221;][\/vc_column_inner][\/vc_row_inner][\/vc_column][\/vc_row]","protected":false},"excerpt":{"rendered":"[vc_row full_height=&#8221;yes&#8221;][vc_column][dt_sc_notfound_msg title1=&#8221;Oops!&#8221; title2=&#8221;404&#8243; subtitle=&#8221;Page Not Found!&#8221;][vc_column_text css=&#8221;.vc_custom_1479894151122{margin-bottom: 0px !important;}&#8221;]Lorem ipsum dolor sit amet, consectetur adipis cing elit. Nullam id arcu tortor.[dt_sc_br br=&#8221;1&#8243;] Sed eget sit ame egestas, cursus felis [&#8230;]","protected":false},"author":1,"featured_media":0,"parent":0,"menu_order":0,"comment_status":"closed","ping_status":"closed","template":"","meta":{"inline_featured_image":false},"yoast_head":"<!-- This site is optimized with the Yoast SEO plugin v20.5 - https:\/\/yoast.com\/wordpress\/plugins\/seo\/ -->\n<title>Not Found - V\u1ea1n Xu\u00e2n Logistics<\/title>\n<meta name=\"robots\" content=\"noindex, follow, max-snippet:-1, max-image-preview:large, max-video-preview:-1\" \/>\n<meta property=\"og:locale\" content=\"en_US\" \/>\n<meta property=\"og:type\" content=\"article\" \/>\n<meta property=\"og:title\" content=\"Not Found - V\u1ea1n Xu\u00e2n Logistics\" \/>\n<meta property=\"og:description\" content=\"[vc_row full_height=&#8221;yes&#8221;][vc_column][dt_sc_notfound_msg title1=&#8221;Oops!&#8221; title2=&#8221;404&#8243; subtitle=&#8221;Page Not Found!&#8221;][vc_column_text css=&#8221;.vc_custom_1479894151122{margin-bottom: 0px !important;}&#8221;]Lorem ipsum dolor sit amet, consectetur adipis cing elit. Nullam id arcu tortor.[dt_sc_br br=&#8221;1&#8243;] Sed eget sit ame egestas, cursus felis [...]\" \/>\n<meta property=\"og:url\" content=\"https:\/\/vanxuanlogistics.com\/en\/not-found\/\" \/>\n<meta property=\"og:site_name\" content=\"V\u1ea1n Xu\u00e2n Logistics\" \/>\n<meta property=\"article:modified_time\" content=\"2017-02-25T08:33:21+00:00\" \/>\n<meta name=\"twitter:card\" content=\"summary_large_image\" \/>\n<meta name=\"twitter:label1\" content=\"Est. reading time\" \/>\n\t<meta name=\"twitter:data1\" content=\"1 minute\" \/>\n<script type=\"application\/ld+json\" class=\"yoast-schema-graph\">{\"@context\":\"https:\/\/schema.org\",\"@graph\":[{\"@type\":\"WebPage\",\"@id\":\"https:\/\/vanxuanlogistics.com\/not-found\/\",\"url\":\"https:\/\/vanxuanlogistics.com\/not-found\/\",\"name\":\"Not Found - V\u1ea1n Xu\u00e2n Logistics\",\"isPartOf\":{\"@id\":\"https:\/\/vanxuanlogistics.com\/#website\"},\"datePublished\":\"2016-11-28T05:10:59+00:00\",\"dateModified\":\"2017-02-25T08:33:21+00:00\",\"inLanguage\":\"en-US\",\"potentialAction\":[{\"@type\":\"ReadAction\",\"target\":[\"https:\/\/vanxuanlogistics.com\/not-found\/\"]}]},{\"@type\":\"WebSite\",\"@id\":\"https:\/\/vanxuanlogistics.com\/#website\",\"url\":\"https:\/\/vanxuanlogistics.com\/\",\"name\":\"V\u1ea1n Xu\u00e2n Logistics\",\"description\":\"\u0110\u1ed3ng h\u00e0nh c\u00f9ng ph\u00e1t tri\u1ec3n\",\"publisher\":{\"@id\":\"https:\/\/vanxuanlogistics.com\/#organization\"},\"potentialAction\":[{\"@type\":\"SearchAction\",\"target\":{\"@type\":\"EntryPoint\",\"urlTemplate\":\"https:\/\/vanxuanlogistics.com\/?s={search_term_string}\"},\"query-input\":\"required name=search_term_string\"}],\"inLanguage\":\"en-US\"},{\"@type\":\"Organization\",\"@id\":\"https:\/\/vanxuanlogistics.com\/#organization\",\"name\":\"V\u1ea1n Xu\u00e2n Logistics\",\"url\":\"https:\/\/vanxuanlogistics.com\/\",\"logo\":{\"@type\":\"ImageObject\",\"inLanguage\":\"en-US\",\"@id\":\"https:\/\/vanxuanlogistics.com\/#\/schema\/logo\/image\/\",\"url\":\"https:\/\/vanxuanlogistics.com\/wp-content\/uploads\/2023\/06\/cropped-29383121_transparent-2.png\",\"contentUrl\":\"https:\/\/vanxuanlogistics.com\/wp-content\/uploads\/2023\/06\/cropped-29383121_transparent-2.png\",\"width\":512,\"height\":512,\"caption\":\"V\u1ea1n Xu\u00e2n Logistics\"},\"image\":{\"@id\":\"https:\/\/vanxuanlogistics.com\/#\/schema\/logo\/image\/\"}}]}<\/script>\n<!-- \/ Yoast SEO plugin. -->","yoast_head_json":{"title":"Not Found - V\u1ea1n Xu\u00e2n Logistics","robots":{"index":"noindex","follow":"follow","max-snippet":"max-snippet:-1","max-image-preview":"max-image-preview:large","max-video-preview":"max-video-preview:-1"},"og_locale":"en_US","og_type":"article","og_title":"Not Found - V\u1ea1n Xu\u00e2n Logistics","og_description":"[vc_row full_height=&#8221;yes&#8221;][vc_column][dt_sc_notfound_msg title1=&#8221;Oops!&#8221; title2=&#8221;404&#8243; subtitle=&#8221;Page Not Found!&#8221;][vc_column_text css=&#8221;.vc_custom_1479894151122{margin-bottom: 0px !important;}&#8221;]Lorem ipsum dolor sit amet, consectetur adipis cing elit. Nullam id arcu tortor.[dt_sc_br br=&#8221;1&#8243;] Sed eget sit ame egestas, cursus felis [...]","og_url":"https:\/\/vanxuanlogistics.com\/en\/not-found\/","og_site_name":"V\u1ea1n Xu\u00e2n Logistics","article_modified_time":"2017-02-25T08:33:21+00:00","twitter_card":"summary_large_image","twitter_misc":{"Est. reading time":"1 minute"},"schema":{"@context":"https:\/\/schema.org","@graph":[{"@type":"WebPage","@id":"https:\/\/vanxuanlogistics.com\/not-found\/","url":"https:\/\/vanxuanlogistics.com\/not-found\/","name":"Not Found - V\u1ea1n Xu\u00e2n Logistics","isPartOf":{"@id":"https:\/\/vanxuanlogistics.com\/#website"},"datePublished":"2016-11-28T05:10:59+00:00","dateModified":"2017-02-25T08:33:21+00:00","inLanguage":"en-US","potentialAction":[{"@type":"ReadAction","target":["https:\/\/vanxuanlogistics.com\/not-found\/"]}]},{"@type":"WebSite","@id":"https:\/\/vanxuanlogistics.com\/#website","url":"https:\/\/vanxuanlogistics.com\/","name":"V\u1ea1n Xu\u00e2n Logistics","description":"\u0110\u1ed3ng h\u00e0nh c\u00f9ng ph\u00e1t tri\u1ec3n","publisher":{"@id":"https:\/\/vanxuanlogistics.com\/#organization"},"potentialAction":[{"@type":"SearchAction","target":{"@type":"EntryPoint","urlTemplate":"https:\/\/vanxuanlogistics.com\/?s={search_term_string}"},"query-input":"required name=search_term_string"}],"inLanguage":"en-US"},{"@type":"Organization","@id":"https:\/\/vanxuanlogistics.com\/#organization","name":"V\u1ea1n Xu\u00e2n Logistics","url":"https:\/\/vanxuanlogistics.com\/","logo":{"@type":"ImageObject","inLanguage":"en-US","@id":"https:\/\/vanxuanlogistics.com\/#\/schema\/logo\/image\/","url":"https:\/\/vanxuanlogistics.com\/wp-content\/uploads\/2023\/06\/cropped-29383121_transparent-2.png","contentUrl":"https:\/\/vanxuanlogistics.com\/wp-content\/uploads\/2023\/06\/cropped-29383121_transparent-2.png","width":512,"height":512,"caption":"V\u1ea1n Xu\u00e2n Logistics"},"image":{"@id":"https:\/\/vanxuanlogistics.com\/#\/schema\/logo\/image\/"}}]}},"_links":{"self":[{"href":"https:\/\/vanxuanlogistics.com\/en\/wp-json\/wp\/v2\/pages\/8001"}],"collection":[{"href":"https:\/\/vanxuanlogistics.com\/en\/wp-json\/wp\/v2\/pages"}],"about":[{"href":"https:\/\/vanxuanlogistics.com\/en\/wp-json\/wp\/v2\/types\/page"}],"author":[{"embeddable":true,"href":"https:\/\/vanxuanlogistics.com\/en\/wp-json\/wp\/v2\/users\/1"}],"replies":[{"embeddable":true,"href":"https:\/\/vanxuanlogistics.com\/en\/wp-json\/wp\/v2\/comments?post=8001"}],"version-history":[{"count":0,"href":"https:\/\/vanxuanlogistics.com\/en\/wp-json\/wp\/v2\/pages\/8001\/revisions"}],"wp:attachment":[{"href":"https:\/\/vanxuanlogistics.com\/en\/wp-json\/wp\/v2\/media?parent=8001"}],"curies":[{"name":"wp","href":"https:\/\/api.w.org\/{rel}","templated":true}]}}