{"id":9196,"date":"2017-02-22T07:59:17","date_gmt":"2017-02-22T07:59:17","guid":{"rendered":"http:\/\/logistics.local\/?page_id=9196"},"modified":"2023-07-01T15:28:30","modified_gmt":"2023-07-01T08:28:30","slug":"dich-vu-van-chuyen-hang-hoa-da-phuong-thuc","status":"publish","type":"page","link":"https:\/\/vanxuanlogistics.com\/en\/dich-vu-van-chuyen-hang-hoa-da-phuong-thuc\/","title":{"rendered":"Multimodal freight services"},"content":{"rendered":"<section class=\"section\" id=\"section_1944648616\">\n\t\t<div class=\"bg section-bg fill bg-fill  bg-loaded\" >\n\n\t\t\t\n\t\t\t\n\t\t\t\n\n\t\t<\/div>\n\n\t\t\n\n\t\t<div class=\"section-content relative\">\n\t\t\t\n\n<div class=\"slider-wrapper relative\" id=\"slider-8944147\" >\n    <div class=\"slider slider-nav-circle slider-nav-large slider-nav-light slider-style-normal\"\n        data-flickity-options='{            \"cellAlign\": \"center\",            \"imagesLoaded\": true,            \"lazyLoad\": 1,            \"freeScroll\": false,            \"wrapAround\": true,            \"autoPlay\": 6000,            \"pauseAutoPlayOnHover\" : true,            \"prevNextButtons\": true,            \"contain\" : true,            \"adaptiveHeight\" : true,            \"dragThreshold\" : 10,            \"percentPosition\": true,            \"pageDots\": true,            \"rightToLeft\": false,            \"draggable\": true,            \"selectedAttraction\": 0.1,            \"parallax\" : 0,            \"friction\": 0.6        }'\n        >\n        \n\n\t<div class=\"img has-hover x md-x lg-x y md-y lg-y\" id=\"image_1174653768\">\n\t\t\t\t\t\t\t\t<div class=\"img-inner image-cover dark\" style=\"padding-top:50%;\">\n\t\t\t<img width=\"768\" height=\"384\" src=\"https:\/\/vanxuanlogistics.com\/wp-content\/uploads\/2023\/05\/Navy-White-Minimalist-Digital-Creative-Business-2-768x384.png\" class=\"attachment-medium_large size-medium_large\" alt=\"\" decoding=\"async\" loading=\"lazy\" srcset=\"https:\/\/vanxuanlogistics.com\/wp-content\/uploads\/2023\/05\/Navy-White-Minimalist-Digital-Creative-Business-2-768x384.png 768w, https:\/\/vanxuanlogistics.com\/wp-content\/uploads\/2023\/05\/Navy-White-Minimalist-Digital-Creative-Business-2-800x400.png 800w, https:\/\/vanxuanlogistics.com\/wp-content\/uploads\/2023\/05\/Navy-White-Minimalist-Digital-Creative-Business-2-1400x700.png 1400w, https:\/\/vanxuanlogistics.com\/wp-content\/uploads\/2023\/05\/Navy-White-Minimalist-Digital-Creative-Business-2-1536x768.png 1536w, https:\/\/vanxuanlogistics.com\/wp-content\/uploads\/2023\/05\/Navy-White-Minimalist-Digital-Creative-Business-2-2048x1024.png 2048w, https:\/\/vanxuanlogistics.com\/wp-content\/uploads\/2023\/05\/Navy-White-Minimalist-Digital-Creative-Business-2-18x9.png 18w, https:\/\/vanxuanlogistics.com\/wp-content\/uploads\/2023\/05\/Navy-White-Minimalist-Digital-Creative-Business-2-510x255.png 510w\" sizes=\"(max-width: 768px) 100vw, 768px\" \/>\t\t\t\t\t\t\n\t\t\t\t\t<\/div>\n\t\t\t\t\t\t\t\t\n<style>\n#image_1174653768 {\n  width: 100%;\n}\n<\/style>\n\t<\/div>\n\t\n\n\n     <\/div>\n\n     <div class=\"loading-spin dark large centered\"><\/div>\n\n\t<\/div>\n\n\n<div class=\"container section-title-container\" ><h3 class=\"section-title section-title-center\"><b><\/b><span class=\"section-title-main\" >V\u1eadn chuy\u1ec3n h\u00e0ng h\u00f3a \u0111a ph\u01b0\u01a1ng th\u1ee9c<\/span><b><\/b><\/h3><\/div>\n\n\t<div id=\"text-3557627615\" class=\"text\">\n\t\t\n\n<p><em>V\u1ea1n Xu\u00e2n Logistics l\u00e0 m\u1ed9t trong nh\u1eefng \u0111\u01a1n v\u1ecb cung c\u1ea5p d\u1ecbch v\u1ee5 v\u1eadn t\u1ea3i h\u00e0ng h\u00f3a uy t\u00edn tr\u00ean th\u1ecb tr\u01b0\u1eddng hi\u1ec7n nay. Ch\u00fang t\u00f4i cam k\u1ebft \u0111\u01b0a ra nh\u1eefng gi\u1ea3i ph\u00e1p v\u1eadn chuy\u1ec3n h\u00e0ng h\u00f3a \u0111a ph\u01b0\u01a1ng th\u1ee9c, \u0111\u00e1p \u1ee9ng nhu c\u1ea7u c\u1ee7a kh\u00e1ch h\u00e0ng v\u1edbi s\u1ef1 linh ho\u1ea1t v\u00e0 ti\u1ec7n l\u1ee3i cao. Trong th\u1eddi \u0111\u1ea1i c\u00f4ng ngh\u1ec7 hi\u1ec7n nay, vi\u1ec7c v\u1eadn chuy\u1ec3n h\u00e0ng h\u00f3a \u0111\u00e3 tr\u1edf n\u00ean ph\u1ed5 bi\u1ebfn h\u01a1n bao gi\u1edd h\u1ebft. Kh\u00f4ng ch\u1ec9 c\u00e1c doanh nghi\u1ec7p nh\u1ecf l\u1ebb, m\u00e0 c\u1ea3 c\u00e1c c\u00f4ng ty h\u00e0ng \u0111\u1ea7u, nh\u1eefng t\u1eadp \u0111o\u00e0n \u0111a qu\u1ed1c gia c\u0169ng \u0111\u1ec1u c\u1ea7n \u0111\u1ebfn d\u1ecbch v\u1ee5 v\u1eadn chuy\u1ec3n h\u00e0ng h\u00f3a \u0111\u1ec3 \u0111\u00e1p \u1ee9ng nhu c\u1ea7u s\u1ea3n xu\u1ea5t v\u00e0 ti\u00eau th\u1ee5 c\u1ee7a m\u00ecnh. Tuy nhi\u00ean, m\u1ed7i doanh nghi\u1ec7p l\u1ea1i c\u00f3 nhu c\u1ea7u v\u1eadn chuy\u1ec3n h\u00e0ng h\u00f3a kh\u00e1c nhau, t\u1eeb lo\u1ea1i h\u00e0ng h\u00f3a, \u0111\u1ecba \u0111i\u1ec3m giao h\u00e0ng \u0111\u1ebfn th\u1eddi gian v\u00e0 chi ph\u00ed v\u1eadn chuy\u1ec3n.<\/em><\/p>\n\t\t\n<style>\n#text-3557627615 {\n  text-align: center;\n}\n<\/style>\n\t<\/div>\n\t\n<div class=\"row\"  id=\"row-708705036\">\n\n\n\t<div id=\"col-1359456907\" class=\"col small-12 large-12\"  >\n\t\t\t\t<div class=\"col-inner\"  >\n\t\t\t\n\t\t\t\n\n\t<div id=\"text-808796000\" class=\"text\">\n\t\t\n\n<p>Li\u00ean h\u1ec7 ngay \u0111\u1ec3 c\u00f3 gi\u00e1 \u01b0u \u0111\u00e3i nh\u1ea5t !!!<\/p>\n\t\t\n<style>\n#text-808796000 {\n  font-size: 2.3rem;\n  text-align: center;\n  color: rgb(253, 0, 0);\n}\n#text-808796000 > * {\n  color: rgb(253, 0, 0);\n}\n<\/style>\n\t<\/div>\n\t\n<div class=\"row\"  id=\"row-907569190\">\n\n\n\t<div id=\"col-1812993376\" class=\"col medium-4 small-12 large-4\"  >\n\t\t\t\t<div class=\"col-inner\"  >\n\t\t\t\n\t\t\t\n\n<a class=\"button primary is-outline\"  style=\"border-radius:10px;\">\n  <i class=\"icon-phone\" aria-hidden=\"true\" ><\/i>  <span>Nh\u1eadn b\u00e1o gi\u00e1 0799.744.799<\/span>\n  <\/a>\n\n\n\n\t\t<\/div>\n\t\t\t\t\t<\/div>\n\n\t\n\n\t<div id=\"col-587375578\" class=\"col medium-4 small-12 large-4\"  >\n\t\t\t\t<div class=\"col-inner\"  >\n\t\t\t\n\t\t\t\n\n\n\t\t<\/div>\n\t\t\t\t\t<\/div>\n\n\t\n\n\t<div id=\"col-1310948869\" class=\"col medium-4 small-12 large-4\"  >\n\t\t\t\t<div class=\"col-inner\"  >\n\t\t\t\n\t\t\t\n\n<a class=\"button primary is-outline\"  style=\"border-radius:8px;\">\n  <i class=\"icon-phone\" aria-hidden=\"true\" ><\/i>  <span>Li\u00ean h\u1ec7 ngay  0799.744.799<\/span>\n  <\/a>\n\n\n\n\t\t<\/div>\n\t\t\t\t\t<\/div>\n\n\t\n\n<\/div>\n\n\t\t<\/div>\n\t\t\t\t\t<\/div>\n\n\t\n\n<\/div>\n\n\t\t<\/div>\n\n\t\t\n<style>\n#section_1944648616 {\n  padding-top: 30px;\n  padding-bottom: 30px;\n}\n<\/style>\n\t<\/section>\n\t\n<div class=\"row\"  id=\"row-1364281039\">\n\n\n\t<div id=\"col-854028929\" class=\"col small-12 large-12\"  >\n\t\t\t\t<div class=\"col-inner\"  >\n\t\t\t\n\t\t\t\n\n<h2>V\u1edbi t\u1ea7m nh\u00ecn v\u00e0 ph\u01b0\u01a1ng ch\u00e2m &#8220;v\u1eadn t\u1ea3i \u0111a ph\u01b0\u01a1ng th\u1ee9c&#8221;, B\u1eafc Nam V\u1ea1n Xu\u00e2n \u0111\u00e3 v\u00e0 \u0111ang \u0111\u01b0a ra nh\u1eefng gi\u1ea3i ph\u00e1p v\u1eadn chuy\u1ec3n h\u00e0ng h\u00f3a \u0111a d\u1ea1ng, ph\u00f9 h\u1ee3p v\u1edbi m\u1ecdi y\u00eau c\u1ea7u c\u1ee7a kh\u00e1ch h\u00e0ng.<\/h2>\n<h3><em>\u0110\u1ec3 \u0111\u00e1p \u1ee9ng nhu c\u1ea7u c\u1ee7a kh\u00e1ch h\u00e0ng, ch\u00fang t\u00f4i \u0111\u00e3 thi\u1ebft k\u1ebf v\u00e0 \u00e1p d\u1ee5ng h\u00ecnh th\u1ee9c v\u1eadn chuy\u1ec3n h\u00e0ng h\u00f3a \u0111a ph\u01b0\u01a1ng th\u1ee9c nh\u01b0 sau:<\/em><\/h3>\n<ol>\n<li>\n<p><strong>V\u1eadn chuy\u1ec3n b\u1eb1ng \u0111\u01b0\u1eddng b\u1ed9<\/strong>: \u0110\u01b0\u1eddng b\u1ed9 l\u00e0 h\u00ecnh th\u1ee9c v\u1eadn chuy\u1ec3n h\u00e0ng h\u00f3a truy\u1ec1n th\u1ed1ng v\u00e0 ph\u1ed5 bi\u1ebfn nh\u1ea5t. B\u1eafc Nam V\u1ea1n Xu\u00e2n cam k\u1ebft mang \u0111\u1ebfn cho kh\u00e1ch h\u00e0ng d\u1ecbch v\u1ee5 v\u1eadn chuy\u1ec3n h\u00e0ng h\u00f3a \u0111\u01b0\u1eddng b\u1ed9 an to\u00e0n, nhanh ch\u00f3ng v\u00e0 ti\u1ebft ki\u1ec7m chi ph\u00ed.<\/p>\n<\/li>\n<\/ol>\n\t<div class=\"box has-hover   has-hover box-text-bottom\" >\n\n\t\t<div class=\"box-image\" >\n\t\t\t\t\t\t<div class=\"\" >\n\t\t\t\t<img width=\"1500\" height=\"750\" src=\"https:\/\/vanxuanlogistics.com\/wp-content\/uploads\/2023\/05\/All-About-Semi-Truck-Fuel-Efficiency.jpg\" class=\"attachment- size-\" alt=\"\" decoding=\"async\" loading=\"lazy\" srcset=\"https:\/\/vanxuanlogistics.com\/wp-content\/uploads\/2023\/05\/All-About-Semi-Truck-Fuel-Efficiency.jpg 1500w, https:\/\/vanxuanlogistics.com\/wp-content\/uploads\/2023\/05\/All-About-Semi-Truck-Fuel-Efficiency-800x400.jpg 800w, https:\/\/vanxuanlogistics.com\/wp-content\/uploads\/2023\/05\/All-About-Semi-Truck-Fuel-Efficiency-1400x700.jpg 1400w, https:\/\/vanxuanlogistics.com\/wp-content\/uploads\/2023\/05\/All-About-Semi-Truck-Fuel-Efficiency-768x384.jpg 768w, https:\/\/vanxuanlogistics.com\/wp-content\/uploads\/2023\/05\/All-About-Semi-Truck-Fuel-Efficiency-18x9.jpg 18w, https:\/\/vanxuanlogistics.com\/wp-content\/uploads\/2023\/05\/All-About-Semi-Truck-Fuel-Efficiency-510x255.jpg 510w\" sizes=\"(max-width: 1500px) 100vw, 1500px\" \/>\t\t\t\t\t\t\t\t\t\t\t<\/div>\n\t\t\t\t\t<\/div>\n\n\t\t<div class=\"box-text text-center\" >\n\t\t\t<div class=\"box-text-inner\">\n\t\t\t\t\n\n<h4>V\u1eadn chuy\u1ec3n b\u1eb1ng \u0111\u01b0\u1eddng b\u1ed9<\/h4>\n\n\t\t\t<\/div>\n\t\t<\/div>\n\t<\/div>\n\t\n<p><strong>2. V\u1eadn chuy\u1ec3n b\u1eb1ng \u0111\u01b0\u1eddng s\u1eaf<\/strong>t: \u0110\u01b0\u1eddng s\u1eaft l\u00e0 ph\u01b0\u01a1ng ti\u1ec7n v\u1eadn chuy\u1ec3n h\u00e0ng h\u00f3a quan tr\u1ecdng trong h\u1ea1 t\u1ea7ng giao th\u00f4ng c\u1ee7a \u0111\u1ea5t n\u01b0\u1edbc. Ch\u00fang t\u00f4i c\u0169ng c\u00f3 m\u1ed9t m\u1ea1ng l\u01b0\u1edbi v\u1eadn chuy\u1ec3n h\u00e0ng h\u00f3a b\u1eb1ng \u0111\u01b0\u1eddng s\u1eaft r\u1ed9ng kh\u1eafp, \u0111\u1ea3m b\u1ea3o h\u00e0ng h\u00f3a \u0111\u01b0\u1ee3c v\u1eadn chuy\u1ec3n \u0111\u1ebfn m\u1ecdi v\u00f9ng mi\u1ec1n c\u1ee7a Vi\u1ec7t Nam m\u1ed9t c\u00e1ch an to\u00e0n v\u00e0 hi\u1ec7u qu\u1ea3.<\/p>\n\t<div class=\"box has-hover   has-hover box-text-bottom\" >\n\n\t\t<div class=\"box-image\" >\n\t\t\t\t\t\t<div class=\"\" >\n\t\t\t\t<img width=\"1811\" height=\"749\" src=\"https:\/\/vanxuanlogistics.com\/wp-content\/uploads\/2023\/05\/transportation_vn_train.jpg\" class=\"attachment- size-\" alt=\"\" decoding=\"async\" loading=\"lazy\" srcset=\"https:\/\/vanxuanlogistics.com\/wp-content\/uploads\/2023\/05\/transportation_vn_train.jpg 1811w, https:\/\/vanxuanlogistics.com\/wp-content\/uploads\/2023\/05\/transportation_vn_train-800x331.jpg 800w, https:\/\/vanxuanlogistics.com\/wp-content\/uploads\/2023\/05\/transportation_vn_train-1400x579.jpg 1400w, https:\/\/vanxuanlogistics.com\/wp-content\/uploads\/2023\/05\/transportation_vn_train-768x318.jpg 768w, https:\/\/vanxuanlogistics.com\/wp-content\/uploads\/2023\/05\/transportation_vn_train-1536x635.jpg 1536w, https:\/\/vanxuanlogistics.com\/wp-content\/uploads\/2023\/05\/transportation_vn_train-18x7.jpg 18w, https:\/\/vanxuanlogistics.com\/wp-content\/uploads\/2023\/05\/transportation_vn_train-510x211.jpg 510w\" sizes=\"(max-width: 1811px) 100vw, 1811px\" \/>\t\t\t\t\t\t\t\t\t\t\t<\/div>\n\t\t\t\t\t<\/div>\n\n\t\t<div class=\"box-text text-center\" >\n\t\t\t<div class=\"box-text-inner\">\n\t\t\t\t\n\n<h4>V\u1eadn chuy\u1ec3n b\u1eb1ng \u0111\u01b0\u1eddng s\u1eaft<\/h4>\n<p>\u00a0<\/p>\n\n\t\t\t<\/div>\n\t\t<\/div>\n\t<\/div>\n\t\n<p><strong>3. V\u1eadn chuy\u1ec3n b\u1eb1ng \u0111\u01b0\u1eddng h\u00e0ng kh\u00f4ng<\/strong>: \u0110\u1ec3 \u0111\u00e1p \u1ee9ng nhu c\u1ea7u v\u1eadn chuy\u1ec3n h\u00e0ng h\u00f3a nhanh ch\u00f3ng v\u00e0 ti\u1ebft ki\u1ec7m th\u1eddi gian, ch\u00fang t\u00f4i cung c\u1ea5p d\u1ecbch v\u1ee5 v\u1eadn chuy\u1ec3n h\u00e0ng h\u00f3a b\u1eb1ng \u0111\u01b0\u1eddng h\u00e0ng kh\u00f4ng. Ch\u00fang t\u00f4i li\u00ean k\u1ebft v\u1edbi c\u00e1c h\u00e3ng h\u00e0ng kh\u00f4ng uy t\u00edn \u0111\u1ec3 mang l\u1ea1i cho kh\u00e1ch h\u00e0ng d\u1ecbch v\u1ee5 v\u1eadn chuy\u1ec3n h\u00e0ng h\u00f3a b\u1eb1ng \u0111\u01b0\u1eddng h\u00e0ng kh\u00f4ng an to\u00e0n v\u00e0 hi\u1ec7u qu\u1ea3.<\/p>\n\t<div class=\"box has-hover   has-hover box-text-bottom\" >\n\n\t\t<div class=\"box-image\" >\n\t\t\t\t\t\t<div class=\"\" >\n\t\t\t\t<img width=\"850\" height=\"478\" src=\"https:\/\/vanxuanlogistics.com\/wp-content\/uploads\/2023\/05\/100-tan-vai-thieu-bay-vao-tp_hcm_zwto.jpg\" class=\"attachment- size-\" alt=\"\" decoding=\"async\" loading=\"lazy\" srcset=\"https:\/\/vanxuanlogistics.com\/wp-content\/uploads\/2023\/05\/100-tan-vai-thieu-bay-vao-tp_hcm_zwto.jpg 850w, https:\/\/vanxuanlogistics.com\/wp-content\/uploads\/2023\/05\/100-tan-vai-thieu-bay-vao-tp_hcm_zwto-711x400.jpg 711w, https:\/\/vanxuanlogistics.com\/wp-content\/uploads\/2023\/05\/100-tan-vai-thieu-bay-vao-tp_hcm_zwto-768x432.jpg 768w, https:\/\/vanxuanlogistics.com\/wp-content\/uploads\/2023\/05\/100-tan-vai-thieu-bay-vao-tp_hcm_zwto-18x10.jpg 18w, https:\/\/vanxuanlogistics.com\/wp-content\/uploads\/2023\/05\/100-tan-vai-thieu-bay-vao-tp_hcm_zwto-510x287.jpg 510w\" sizes=\"(max-width: 850px) 100vw, 850px\" \/>\t\t\t\t\t\t\t\t\t\t\t<\/div>\n\t\t\t\t\t<\/div>\n\n\t\t<div class=\"box-text text-center\" >\n\t\t\t<div class=\"box-text-inner\">\n\t\t\t\t\n\n<h4>V\u1eadn chuy\u1ec3n b\u1eb1ng \u0111\u01b0\u1eddng h\u00e0ng kh\u00f4ng<\/h4>\n<p>\u00a0<\/p>\n\n\t\t\t<\/div>\n\t\t<\/div>\n\t<\/div>\n\t\n\n<div class=\"wpcf7 no-js\" id=\"wpcf7-f9018-o1\" lang=\"en-US\" dir=\"ltr\">\n<div class=\"screen-reader-response\"><p role=\"status\" aria-live=\"polite\" aria-atomic=\"true\"><\/p> <ul><\/ul><\/div>\n<form action=\"\/en\/wp-json\/wp\/v2\/pages\/9196#wpcf7-f9018-o1\" method=\"post\" class=\"wpcf7-form init\" aria-label=\"Contact form\" novalidate=\"novalidate\" data-status=\"init\" data-trp-original-action=\"\/en\/wp-json\/wp\/v2\/pages\/9196#wpcf7-f9018-o1\">\n<div style=\"display: none;\">\n<input type=\"hidden\" name=\"_wpcf7\" value=\"9018\" \/>\n<input type=\"hidden\" name=\"_wpcf7_version\" value=\"5.7.7\" \/>\n<input type=\"hidden\" name=\"_wpcf7_locale\" value=\"en_US\" \/>\n<input type=\"hidden\" name=\"_wpcf7_unit_tag\" value=\"wpcf7-f9018-o1\" \/>\n<input type=\"hidden\" name=\"_wpcf7_container_post\" value=\"0\" \/>\n<input type=\"hidden\" name=\"_wpcf7_posted_data_hash\" value=\"\" \/>\n<\/div>\n<p><label><span class=\"wpcf7-form-control-wrap\" data-name=\"your-name\"><input size=\"40\" class=\"wpcf7-form-control wpcf7-text wpcf7-validates-as-required\" aria-required=\"true\" aria-invalid=\"false\" placeholder=\"Your name*\" value=\"\" type=\"text\" name=\"your-name\" \/><\/span> <\/label>\n<\/p>\n<p><label><span class=\"wpcf7-form-control-wrap\" data-name=\"your-email\"><input size=\"40\" class=\"wpcf7-form-control wpcf7-text wpcf7-email wpcf7-validates-as-required wpcf7-validates-as-email\" aria-required=\"true\" aria-invalid=\"false\" placeholder=\"E-mail*\" value=\"\" type=\"email\" name=\"your-email\" \/><\/span> <\/label>\n<\/p>\n<p><label><span class=\"wpcf7-form-control-wrap\" data-name=\"your-subject\"><input size=\"40\" class=\"wpcf7-form-control wpcf7-text\" aria-invalid=\"false\" placeholder=\"Subject\" value=\"\" type=\"text\" name=\"your-subject\" \/><\/span> <\/label>\n<\/p>\n<p><label><span class=\"wpcf7-form-control-wrap\" data-name=\"your-message\"><textarea cols=\"40\" rows=\"10\" class=\"wpcf7-form-control wpcf7-textarea\" aria-invalid=\"false\" placeholder=\"Message\" name=\"your-message\"><\/textarea><\/span> <\/label>\n<\/p>\n<p><input class=\"wpcf7-form-control has-spinner wpcf7-submit\" type=\"submit\" value=\"Send\" \/>\n<\/p><div class=\"wpcf7-response-output\" aria-hidden=\"true\"><\/div>\n<input type=\"hidden\" name=\"trp-form-language\" value=\"en\"\/><\/form>\n<\/div>\n\n\n\n\t\t<\/div>\n\t\t\t\t\t<\/div>\n\n\t\n\n<\/div>","protected":false},"excerpt":{"rendered":"","protected":false},"author":1,"featured_media":0,"parent":0,"menu_order":0,"comment_status":"closed","ping_status":"closed","template":"page-blank.php","meta":{"inline_featured_image":false},"yoast_head":"<!-- This site is optimized with the Yoast SEO plugin v20.5 - https:\/\/yoast.com\/wordpress\/plugins\/seo\/ -->\n<title>D\u1ecbch V\u1ee5 V\u1eadn Chuy\u1ec3n H\u00e0ng H\u00f3a \u0110a Ph\u01b0\u01a1ng Th\u1ee9c - V\u1ea1n Xu\u00e2n Logistics<\/title>\n<meta name=\"description\" content=\"D\u1ecbch v\u1ee5 v\u1eadn chuy\u1ec3n h\u00e0ng h\u00f3a trong n\u01b0\u1edbc gi\u00e1 r\u1ebb, Khai b\u00e1o h\u1ea3i quan, h\u00e0ng qu\u00e1 c\u1ea3nh, d\u1ecbch v\u1ee5 v\u1eadn chuy\u1ec3n \u0111a ph\u01b0\u01a1ng th\u1ee9c, v\u1eadn t\u1ea3i h\u00e0ng h\u00f3a,v\u1eadn t\u1ea3i \u0111\u01b0\u1eddng b\u1ed9, d\u1ecbch v\u1ee5 v\u1eadn chuy\u1ec3n h\u00e0ng h\u00f3a B\u1eafc Nam, v\u1eadn t\u1ea3i \u0111\u01b0\u1eddng bi\u1ec3n, c\u01b0\u1edbc t\u00e0u, th\u1ee7 t\u1ee5c h\u1ea3i quan, v\u1eadn t\u1ea3i \u0111\u01b0\u1eddng s\u1eaft ,v\u1eadn t\u1ea3i h\u00e0ng kh\u00f4ng, v\u1eadn t\u1ea3i th\u1ee7y n\u1ed9i \u0111\u1ecba\" \/>\n<meta name=\"robots\" content=\"noindex, follow, max-snippet:-1, max-image-preview:large, max-video-preview:-1\" \/>\n<meta property=\"og:locale\" content=\"en_US\" \/>\n<meta property=\"og:type\" content=\"article\" \/>\n<meta property=\"og:title\" content=\"D\u1ecbch V\u1ee5 V\u1eadn Chuy\u1ec3n H\u00e0ng H\u00f3a \u0110a Ph\u01b0\u01a1ng Th\u1ee9c - V\u1ea1n Xu\u00e2n Logistics\" \/>\n<meta property=\"og:description\" content=\"D\u1ecbch v\u1ee5 v\u1eadn chuy\u1ec3n h\u00e0ng h\u00f3a trong n\u01b0\u1edbc gi\u00e1 r\u1ebb, Khai b\u00e1o h\u1ea3i quan, h\u00e0ng qu\u00e1 c\u1ea3nh, d\u1ecbch v\u1ee5 v\u1eadn chuy\u1ec3n \u0111a ph\u01b0\u01a1ng th\u1ee9c, v\u1eadn t\u1ea3i h\u00e0ng h\u00f3a,v\u1eadn t\u1ea3i \u0111\u01b0\u1eddng b\u1ed9, d\u1ecbch v\u1ee5 v\u1eadn chuy\u1ec3n h\u00e0ng h\u00f3a B\u1eafc Nam, v\u1eadn t\u1ea3i \u0111\u01b0\u1eddng bi\u1ec3n, c\u01b0\u1edbc t\u00e0u, th\u1ee7 t\u1ee5c h\u1ea3i quan, v\u1eadn t\u1ea3i \u0111\u01b0\u1eddng s\u1eaft ,v\u1eadn t\u1ea3i h\u00e0ng kh\u00f4ng, v\u1eadn t\u1ea3i th\u1ee7y n\u1ed9i \u0111\u1ecba\" \/>\n<meta property=\"og:url\" content=\"https:\/\/vanxuanlogistics.com\/en\/dich-vu-van-chuyen-hang-hoa-da-phuong-thuc\/\" \/>\n<meta property=\"og:site_name\" content=\"V\u1ea1n Xu\u00e2n Logistics\" \/>\n<meta property=\"article:modified_time\" content=\"2023-07-01T08:28:30+00:00\" \/>\n<meta name=\"twitter:card\" content=\"summary_large_image\" \/>\n<meta name=\"twitter:label1\" content=\"Est. reading time\" \/>\n\t<meta name=\"twitter:data1\" content=\"3 minutes\" \/>\n<script type=\"application\/ld+json\" class=\"yoast-schema-graph\">{\"@context\":\"https:\/\/schema.org\",\"@graph\":[{\"@type\":\"WebPage\",\"@id\":\"https:\/\/vanxuanlogistics.com\/dich-vu-van-chuyen-hang-hoa-da-phuong-thuc\/\",\"url\":\"https:\/\/vanxuanlogistics.com\/dich-vu-van-chuyen-hang-hoa-da-phuong-thuc\/\",\"name\":\"D\u1ecbch V\u1ee5 V\u1eadn Chuy\u1ec3n H\u00e0ng H\u00f3a \u0110a Ph\u01b0\u01a1ng Th\u1ee9c - V\u1ea1n Xu\u00e2n Logistics\",\"isPartOf\":{\"@id\":\"https:\/\/vanxuanlogistics.com\/#website\"},\"datePublished\":\"2017-02-22T07:59:17+00:00\",\"dateModified\":\"2023-07-01T08:28:30+00:00\",\"description\":\"D\u1ecbch v\u1ee5 v\u1eadn chuy\u1ec3n h\u00e0ng h\u00f3a trong n\u01b0\u1edbc gi\u00e1 r\u1ebb, Khai b\u00e1o h\u1ea3i quan, h\u00e0ng qu\u00e1 c\u1ea3nh, d\u1ecbch v\u1ee5 v\u1eadn chuy\u1ec3n \u0111a ph\u01b0\u01a1ng th\u1ee9c, v\u1eadn t\u1ea3i h\u00e0ng h\u00f3a,v\u1eadn t\u1ea3i \u0111\u01b0\u1eddng b\u1ed9, d\u1ecbch v\u1ee5 v\u1eadn chuy\u1ec3n h\u00e0ng h\u00f3a B\u1eafc Nam, v\u1eadn t\u1ea3i \u0111\u01b0\u1eddng bi\u1ec3n, c\u01b0\u1edbc t\u00e0u, th\u1ee7 t\u1ee5c h\u1ea3i quan, v\u1eadn t\u1ea3i \u0111\u01b0\u1eddng s\u1eaft ,v\u1eadn t\u1ea3i h\u00e0ng kh\u00f4ng, v\u1eadn t\u1ea3i th\u1ee7y n\u1ed9i \u0111\u1ecba\",\"inLanguage\":\"en-US\",\"potentialAction\":[{\"@type\":\"ReadAction\",\"target\":[\"https:\/\/vanxuanlogistics.com\/dich-vu-van-chuyen-hang-hoa-da-phuong-thuc\/\"]}]},{\"@type\":\"WebSite\",\"@id\":\"https:\/\/vanxuanlogistics.com\/#website\",\"url\":\"https:\/\/vanxuanlogistics.com\/\",\"name\":\"V\u1ea1n Xu\u00e2n Logistics\",\"description\":\"\u0110\u1ed3ng h\u00e0nh c\u00f9ng ph\u00e1t tri\u1ec3n\",\"publisher\":{\"@id\":\"https:\/\/vanxuanlogistics.com\/#organization\"},\"potentialAction\":[{\"@type\":\"SearchAction\",\"target\":{\"@type\":\"EntryPoint\",\"urlTemplate\":\"https:\/\/vanxuanlogistics.com\/?s={search_term_string}\"},\"query-input\":\"required name=search_term_string\"}],\"inLanguage\":\"en-US\"},{\"@type\":\"Organization\",\"@id\":\"https:\/\/vanxuanlogistics.com\/#organization\",\"name\":\"V\u1ea1n Xu\u00e2n Logistics\",\"url\":\"https:\/\/vanxuanlogistics.com\/\",\"logo\":{\"@type\":\"ImageObject\",\"inLanguage\":\"en-US\",\"@id\":\"https:\/\/vanxuanlogistics.com\/#\/schema\/logo\/image\/\",\"url\":\"https:\/\/vanxuanlogistics.com\/wp-content\/uploads\/2023\/06\/cropped-29383121_transparent-2.png\",\"contentUrl\":\"https:\/\/vanxuanlogistics.com\/wp-content\/uploads\/2023\/06\/cropped-29383121_transparent-2.png\",\"width\":512,\"height\":512,\"caption\":\"V\u1ea1n Xu\u00e2n Logistics\"},\"image\":{\"@id\":\"https:\/\/vanxuanlogistics.com\/#\/schema\/logo\/image\/\"}}]}<\/script>\n<!-- \/ Yoast SEO plugin. -->","yoast_head_json":{"title":"D\u1ecbch V\u1ee5 V\u1eadn Chuy\u1ec3n H\u00e0ng H\u00f3a \u0110a Ph\u01b0\u01a1ng Th\u1ee9c - V\u1ea1n Xu\u00e2n Logistics","description":"D\u1ecbch v\u1ee5 v\u1eadn chuy\u1ec3n h\u00e0ng h\u00f3a trong n\u01b0\u1edbc gi\u00e1 r\u1ebb, Khai b\u00e1o h\u1ea3i quan, h\u00e0ng qu\u00e1 c\u1ea3nh, d\u1ecbch v\u1ee5 v\u1eadn chuy\u1ec3n \u0111a ph\u01b0\u01a1ng th\u1ee9c, v\u1eadn t\u1ea3i h\u00e0ng h\u00f3a,v\u1eadn t\u1ea3i \u0111\u01b0\u1eddng b\u1ed9, d\u1ecbch v\u1ee5 v\u1eadn chuy\u1ec3n h\u00e0ng h\u00f3a B\u1eafc Nam, v\u1eadn t\u1ea3i \u0111\u01b0\u1eddng bi\u1ec3n, c\u01b0\u1edbc t\u00e0u, th\u1ee7 t\u1ee5c h\u1ea3i quan, v\u1eadn t\u1ea3i \u0111\u01b0\u1eddng s\u1eaft ,v\u1eadn t\u1ea3i h\u00e0ng kh\u00f4ng, v\u1eadn t\u1ea3i th\u1ee7y n\u1ed9i \u0111\u1ecba","robots":{"index":"noindex","follow":"follow","max-snippet":"max-snippet:-1","max-image-preview":"max-image-preview:large","max-video-preview":"max-video-preview:-1"},"og_locale":"en_US","og_type":"article","og_title":"D\u1ecbch V\u1ee5 V\u1eadn Chuy\u1ec3n H\u00e0ng H\u00f3a \u0110a Ph\u01b0\u01a1ng Th\u1ee9c - V\u1ea1n Xu\u00e2n Logistics","og_description":"D\u1ecbch v\u1ee5 v\u1eadn chuy\u1ec3n h\u00e0ng h\u00f3a trong n\u01b0\u1edbc gi\u00e1 r\u1ebb, Khai b\u00e1o h\u1ea3i quan, h\u00e0ng qu\u00e1 c\u1ea3nh, d\u1ecbch v\u1ee5 v\u1eadn chuy\u1ec3n \u0111a ph\u01b0\u01a1ng th\u1ee9c, v\u1eadn t\u1ea3i h\u00e0ng h\u00f3a,v\u1eadn t\u1ea3i \u0111\u01b0\u1eddng b\u1ed9, d\u1ecbch v\u1ee5 v\u1eadn chuy\u1ec3n h\u00e0ng h\u00f3a B\u1eafc Nam, v\u1eadn t\u1ea3i \u0111\u01b0\u1eddng bi\u1ec3n, c\u01b0\u1edbc t\u00e0u, th\u1ee7 t\u1ee5c h\u1ea3i quan, v\u1eadn t\u1ea3i \u0111\u01b0\u1eddng s\u1eaft ,v\u1eadn t\u1ea3i h\u00e0ng kh\u00f4ng, v\u1eadn t\u1ea3i th\u1ee7y n\u1ed9i \u0111\u1ecba","og_url":"https:\/\/vanxuanlogistics.com\/en\/dich-vu-van-chuyen-hang-hoa-da-phuong-thuc\/","og_site_name":"V\u1ea1n Xu\u00e2n Logistics","article_modified_time":"2023-07-01T08:28:30+00:00","twitter_card":"summary_large_image","twitter_misc":{"Est. reading time":"3 minutes"},"schema":{"@context":"https:\/\/schema.org","@graph":[{"@type":"WebPage","@id":"https:\/\/vanxuanlogistics.com\/dich-vu-van-chuyen-hang-hoa-da-phuong-thuc\/","url":"https:\/\/vanxuanlogistics.com\/dich-vu-van-chuyen-hang-hoa-da-phuong-thuc\/","name":"D\u1ecbch V\u1ee5 V\u1eadn Chuy\u1ec3n H\u00e0ng H\u00f3a \u0110a Ph\u01b0\u01a1ng Th\u1ee9c - V\u1ea1n Xu\u00e2n Logistics","isPartOf":{"@id":"https:\/\/vanxuanlogistics.com\/#website"},"datePublished":"2017-02-22T07:59:17+00:00","dateModified":"2023-07-01T08:28:30+00:00","description":"D\u1ecbch v\u1ee5 v\u1eadn chuy\u1ec3n h\u00e0ng h\u00f3a trong n\u01b0\u1edbc gi\u00e1 r\u1ebb, Khai b\u00e1o h\u1ea3i quan, h\u00e0ng qu\u00e1 c\u1ea3nh, d\u1ecbch v\u1ee5 v\u1eadn chuy\u1ec3n \u0111a ph\u01b0\u01a1ng th\u1ee9c, v\u1eadn t\u1ea3i h\u00e0ng h\u00f3a,v\u1eadn t\u1ea3i \u0111\u01b0\u1eddng b\u1ed9, d\u1ecbch v\u1ee5 v\u1eadn chuy\u1ec3n h\u00e0ng h\u00f3a B\u1eafc Nam, v\u1eadn t\u1ea3i \u0111\u01b0\u1eddng bi\u1ec3n, c\u01b0\u1edbc t\u00e0u, th\u1ee7 t\u1ee5c h\u1ea3i quan, v\u1eadn t\u1ea3i \u0111\u01b0\u1eddng s\u1eaft ,v\u1eadn t\u1ea3i h\u00e0ng kh\u00f4ng, v\u1eadn t\u1ea3i th\u1ee7y n\u1ed9i \u0111\u1ecba","inLanguage":"en-US","potentialAction":[{"@type":"ReadAction","target":["https:\/\/vanxuanlogistics.com\/dich-vu-van-chuyen-hang-hoa-da-phuong-thuc\/"]}]},{"@type":"WebSite","@id":"https:\/\/vanxuanlogistics.com\/#website","url":"https:\/\/vanxuanlogistics.com\/","name":"V\u1ea1n Xu\u00e2n Logistics","description":"\u0110\u1ed3ng h\u00e0nh c\u00f9ng ph\u00e1t tri\u1ec3n","publisher":{"@id":"https:\/\/vanxuanlogistics.com\/#organization"},"potentialAction":[{"@type":"SearchAction","target":{"@type":"EntryPoint","urlTemplate":"https:\/\/vanxuanlogistics.com\/?s={search_term_string}"},"query-input":"required name=search_term_string"}],"inLanguage":"en-US"},{"@type":"Organization","@id":"https:\/\/vanxuanlogistics.com\/#organization","name":"V\u1ea1n Xu\u00e2n Logistics","url":"https:\/\/vanxuanlogistics.com\/","logo":{"@type":"ImageObject","inLanguage":"en-US","@id":"https:\/\/vanxuanlogistics.com\/#\/schema\/logo\/image\/","url":"https:\/\/vanxuanlogistics.com\/wp-content\/uploads\/2023\/06\/cropped-29383121_transparent-2.png","contentUrl":"https:\/\/vanxuanlogistics.com\/wp-content\/uploads\/2023\/06\/cropped-29383121_transparent-2.png","width":512,"height":512,"caption":"V\u1ea1n Xu\u00e2n Logistics"},"image":{"@id":"https:\/\/vanxuanlogistics.com\/#\/schema\/logo\/image\/"}}]}},"_links":{"self":[{"href":"https:\/\/vanxuanlogistics.com\/en\/wp-json\/wp\/v2\/pages\/9196"}],"collection":[{"href":"https:\/\/vanxuanlogistics.com\/en\/wp-json\/wp\/v2\/pages"}],"about":[{"href":"https:\/\/vanxuanlogistics.com\/en\/wp-json\/wp\/v2\/types\/page"}],"author":[{"embeddable":true,"href":"https:\/\/vanxuanlogistics.com\/en\/wp-json\/wp\/v2\/users\/1"}],"replies":[{"embeddable":true,"href":"https:\/\/vanxuanlogistics.com\/en\/wp-json\/wp\/v2\/comments?post=9196"}],"version-history":[{"count":22,"href":"https:\/\/vanxuanlogistics.com\/en\/wp-json\/wp\/v2\/pages\/9196\/revisions"}],"predecessor-version":[{"id":12345,"href":"https:\/\/vanxuanlogistics.com\/en\/wp-json\/wp\/v2\/pages\/9196\/revisions\/12345"}],"wp:attachment":[{"href":"https:\/\/vanxuanlogistics.com\/en\/wp-json\/wp\/v2\/media?parent=9196"}],"curies":[{"name":"wp","href":"https:\/\/api.w.org\/{rel}","templated":true}]}}